
{"id":14586,"date":"2023-05-07T22:04:22","date_gmt":"2023-05-07T22:04:22","guid":{"rendered":"https:\/\/brist-olive.hr\/tcs-alle\/"},"modified":"2023-11-04T13:30:01","modified_gmt":"2023-11-04T13:30:01","slug":"tcs-alle","status":"publish","type":"page","link":"https:\/\/brist-olive.hr\/de\/tcs-alle\/","title":{"rendered":"T+Cs Alle"},"content":{"rendered":"\t\t<div data-elementor-type=\"wp-page\" data-elementor-id=\"14586\" class=\"elementor elementor-14586 elementor-9642\" data-elementor-post-type=\"page\">\n\t\t\t\t\t\t<section class=\"elementor-section elementor-top-section elementor-element elementor-element-1a6718bf elementor-section-boxed elementor-section-height-default elementor-section-height-default\" data-id=\"1a6718bf\" data-element_type=\"section\" data-e-type=\"section\">\n\t\t\t\t\t\t<div class=\"elementor-container elementor-column-gap-default\">\n\t\t\t\t\t<div class=\"elementor-column elementor-col-100 elementor-top-column elementor-element elementor-element-5ea643a8\" data-id=\"5ea643a8\" data-element_type=\"column\" data-e-type=\"column\">\n\t\t\t<div class=\"elementor-widget-wrap elementor-element-populated\">\n\t\t\t\t\t\t<div class=\"elementor-element elementor-element-7111bab elementor-widget elementor-widget-spacer\" data-id=\"7111bab\" data-element_type=\"widget\" data-e-type=\"widget\" data-widget_type=\"spacer.default\">\n\t\t\t\t<div class=\"elementor-widget-container\">\n\t\t\t\t\t\t\t<div class=\"elementor-spacer\">\n\t\t\t<div class=\"elementor-spacer-inner\"><\/div>\n\t\t<\/div>\n\t\t\t\t\t\t<\/div>\n\t\t\t\t<\/div>\n\t\t\t\t<section class=\"elementor-section elementor-inner-section elementor-element elementor-element-c5f51d8 elementor-section-boxed elementor-section-height-default elementor-section-height-default\" data-id=\"c5f51d8\" data-element_type=\"section\" data-e-type=\"section\">\n\t\t\t\t\t\t<div class=\"elementor-container elementor-column-gap-default\">\n\t\t\t\t\t<div class=\"elementor-column elementor-col-100 elementor-inner-column elementor-element elementor-element-de7043a\" data-id=\"de7043a\" data-element_type=\"column\" data-e-type=\"column\">\n\t\t\t<div class=\"elementor-widget-wrap elementor-element-populated\">\n\t\t\t\t\t\t<div class=\"elementor-element elementor-element-5a403c7 elementor-widget elementor-widget-heading\" data-id=\"5a403c7\" data-element_type=\"widget\" data-e-type=\"widget\" data-widget_type=\"heading.default\">\n\t\t\t\t<div class=\"elementor-widget-container\">\n\t\t\t\t\t<h3 class=\"elementor-heading-title elementor-size-default\">Alle Bestimmungen, Bedingungen und Richtlinien von Brist d.o.o.<\/h3>\t\t\t\t<\/div>\n\t\t\t\t<\/div>\n\t\t\t\t<div class=\"elementor-element elementor-element-e8347f6 elementor-widget elementor-widget-spacer\" data-id=\"e8347f6\" data-element_type=\"widget\" data-e-type=\"widget\" data-widget_type=\"spacer.default\">\n\t\t\t\t<div class=\"elementor-widget-container\">\n\t\t\t\t\t\t\t<div class=\"elementor-spacer\">\n\t\t\t<div class=\"elementor-spacer-inner\"><\/div>\n\t\t<\/div>\n\t\t\t\t\t\t<\/div>\n\t\t\t\t<\/div>\n\t\t\t\t<div class=\"elementor-element elementor-element-3183de2 elementor-widget elementor-widget-text-editor\" data-id=\"3183de2\" data-element_type=\"widget\" data-e-type=\"widget\" data-widget_type=\"text-editor.default\">\n\t\t\t\t<div class=\"elementor-widget-container\">\n\t\t\t\t\t\t\t\t\t<p>Hier finden Sie eine \u00dcbersicht \u00fcber alle unsere Gesch\u00e4ftsbedingungen, Nutzungsbedingungen, Datenschutz- und Cookie-Richtlinien.  <\/p>\n<p>All diese Ma\u00dfnahmen dienen dazu, Ihre Sicherheit und Ihr Wohlbefinden zu gew\u00e4hrleisten und sicherzustellen, dass wir Ihnen die Produkte und Erlebnisse, die wir anbieten, so anbieten k\u00f6nnen, wie wir es uns f\u00fcr Sie, unseren gesch\u00e4tzten Kunden und Gast, w\u00fcnschen.<\/p>\n\t\t\t\t\t\t\t\t<\/div>\n\t\t\t\t<\/div>\n\t\t\t\t\t<\/div>\n\t\t<\/div>\n\t\t\t\t\t<\/div>\n\t\t<\/section>\n\t\t\t\t<section class=\"elementor-section elementor-inner-section elementor-element elementor-element-34b52b4 elementor-section-boxed elementor-section-height-default elementor-section-height-default\" data-id=\"34b52b4\" data-element_type=\"section\" data-e-type=\"section\">\n\t\t\t\t\t\t<div class=\"elementor-container elementor-column-gap-default\">\n\t\t\t\t\t<div class=\"elementor-column elementor-col-50 elementor-inner-column elementor-element elementor-element-fd54b14\" data-id=\"fd54b14\" data-element_type=\"column\" data-e-type=\"column\">\n\t\t\t<div class=\"elementor-widget-wrap elementor-element-populated\">\n\t\t\t\t\t\t<div class=\"elementor-element elementor-element-3bc7601 elementor-align-center elementor-widget elementor-widget-button\" data-id=\"3bc7601\" data-element_type=\"widget\" data-e-type=\"widget\" data-widget_type=\"button.default\">\n\t\t\t\t<div class=\"elementor-widget-container\">\n\t\t\t\t\t\t\t\t\t<div class=\"elementor-button-wrapper\">\n\t\t\t\t\t<a class=\"elementor-button elementor-button-link elementor-size-sm\" href=\"https:\/\/brist-olive.hr\/de\/tcs-villa-santa-margherita\/\">\n\t\t\t\t\t\t<span class=\"elementor-button-content-wrapper\">\n\t\t\t\t\t\t\t\t\t<span class=\"elementor-button-text\">Villa Santa Margherita Bedingungen und Konditionen<\/span>\n\t\t\t\t\t<\/span>\n\t\t\t\t\t<\/a>\n\t\t\t\t<\/div>\n\t\t\t\t\t\t\t\t<\/div>\n\t\t\t\t<\/div>\n\t\t\t\t\t<\/div>\n\t\t<\/div>\n\t\t\t\t<div class=\"elementor-column elementor-col-50 elementor-inner-column elementor-element elementor-element-9950642\" data-id=\"9950642\" data-element_type=\"column\" data-e-type=\"column\">\n\t\t\t<div class=\"elementor-widget-wrap elementor-element-populated\">\n\t\t\t\t\t\t<div class=\"elementor-element elementor-element-2671f71 elementor-align-center elementor-widget elementor-widget-button\" data-id=\"2671f71\" data-element_type=\"widget\" data-e-type=\"widget\" data-widget_type=\"button.default\">\n\t\t\t\t<div class=\"elementor-widget-container\">\n\t\t\t\t\t\t\t\t\t<div class=\"elementor-button-wrapper\">\n\t\t\t\t\t<a class=\"elementor-button elementor-button-link elementor-size-sm\" href=\"https:\/\/brist-olive.hr\/de\/tcs-olive-grove-tours\/\">\n\t\t\t\t\t\t<span class=\"elementor-button-content-wrapper\">\n\t\t\t\t\t\t\t\t\t<span class=\"elementor-button-text\">Olive Grove Tours Allgemeine Gesch\u00e4ftsbedingungen<\/span>\n\t\t\t\t\t<\/span>\n\t\t\t\t\t<\/a>\n\t\t\t\t<\/div>\n\t\t\t\t\t\t\t\t<\/div>\n\t\t\t\t<\/div>\n\t\t\t\t\t<\/div>\n\t\t<\/div>\n\t\t\t\t\t<\/div>\n\t\t<\/section>\n\t\t\t\t<section class=\"elementor-section elementor-inner-section elementor-element elementor-element-6fff5b9 elementor-section-boxed elementor-section-height-default elementor-section-height-default\" data-id=\"6fff5b9\" data-element_type=\"section\" data-e-type=\"section\">\n\t\t\t\t\t\t<div class=\"elementor-container elementor-column-gap-default\">\n\t\t\t\t\t<div class=\"elementor-column elementor-col-50 elementor-inner-column elementor-element elementor-element-d7c234c\" data-id=\"d7c234c\" data-element_type=\"column\" data-e-type=\"column\">\n\t\t\t<div class=\"elementor-widget-wrap elementor-element-populated\">\n\t\t\t\t\t\t<div class=\"elementor-element elementor-element-b2a61c6 elementor-align-center elementor-widget elementor-widget-button\" data-id=\"b2a61c6\" data-element_type=\"widget\" data-e-type=\"widget\" data-widget_type=\"button.default\">\n\t\t\t\t<div class=\"elementor-widget-container\">\n\t\t\t\t\t\t\t\t\t<div class=\"elementor-button-wrapper\">\n\t\t\t\t\t<a class=\"elementor-button elementor-button-link elementor-size-sm\" href=\"https:\/\/brist-olive.hr\/de\/tcs-webshop\/\">\n\t\t\t\t\t\t<span class=\"elementor-button-content-wrapper\">\n\t\t\t\t\t\t\t\t\t<span class=\"elementor-button-text\">Webshop Bedingungen und Konditionen<\/span>\n\t\t\t\t\t<\/span>\n\t\t\t\t\t<\/a>\n\t\t\t\t<\/div>\n\t\t\t\t\t\t\t\t<\/div>\n\t\t\t\t<\/div>\n\t\t\t\t\t<\/div>\n\t\t<\/div>\n\t\t\t\t<div class=\"elementor-column elementor-col-50 elementor-inner-column elementor-element elementor-element-0d28d4a\" data-id=\"0d28d4a\" data-element_type=\"column\" data-e-type=\"column\">\n\t\t\t<div class=\"elementor-widget-wrap elementor-element-populated\">\n\t\t\t\t\t\t<div class=\"elementor-element elementor-element-8916da6 elementor-align-center elementor-widget elementor-widget-button\" data-id=\"8916da6\" data-element_type=\"widget\" data-e-type=\"widget\" data-widget_type=\"button.default\">\n\t\t\t\t<div class=\"elementor-widget-container\">\n\t\t\t\t\t\t\t\t\t<div class=\"elementor-button-wrapper\">\n\t\t\t\t\t<a class=\"elementor-button elementor-button-link elementor-size-sm\" href=\"https:\/\/brist-olive.hr\/de\/tcs-datenschutz-und-cookie-richtlinie\/\">\n\t\t\t\t\t\t<span class=\"elementor-button-content-wrapper\">\n\t\t\t\t\t\t\t\t\t<span class=\"elementor-button-text\">Datenschutz &amp; Cookie-Richtlinie<\/span>\n\t\t\t\t\t<\/span>\n\t\t\t\t\t<\/a>\n\t\t\t\t<\/div>\n\t\t\t\t\t\t\t\t<\/div>\n\t\t\t\t<\/div>\n\t\t\t\t\t<\/div>\n\t\t<\/div>\n\t\t\t\t\t<\/div>\n\t\t<\/section>\n\t\t\t\t<div class=\"elementor-element elementor-element-aa39a9e elementor-widget elementor-widget-spacer\" data-id=\"aa39a9e\" data-element_type=\"widget\" data-e-type=\"widget\" data-widget_type=\"spacer.default\">\n\t\t\t\t<div class=\"elementor-widget-container\">\n\t\t\t\t\t\t\t<div class=\"elementor-spacer\">\n\t\t\t<div class=\"elementor-spacer-inner\"><\/div>\n\t\t<\/div>\n\t\t\t\t\t\t<\/div>\n\t\t\t\t<\/div>\n\t\t\t\t<div class=\"elementor-element elementor-element-ba7618f elementor-widget elementor-widget-text-editor\" data-id=\"ba7618f\" data-element_type=\"widget\" data-e-type=\"widget\" data-widget_type=\"text-editor.default\">\n\t\t\t\t<div class=\"elementor-widget-container\">\n\t\t\t\t\t\t\t\t\t<p><span style=\"color: var( --e-global-color-text ); font-family: var( --e-global-typography-text-font-family ), Sans-serif; font-weight: var( --e-global-typography-text-font-weight );\">Wenn Sie Fragen haben, wenden Sie sich bitte an: paul@brist-olive.hr<\/span><\/p>\n<p>Ich danke Ihnen.<\/p>\n\t\t\t\t\t\t\t\t<\/div>\n\t\t\t\t<\/div>\n\t\t\t\t\t<\/div>\n\t\t<\/div>\n\t\t\t\t\t<\/div>\n\t\t<\/section>\n\t\t\t\t<\/div>\n\t\t","protected":false},"excerpt":{"rendered":"<p>Alle Bestimmungen, Bedingungen und Richtlinien von Brist d.o.o. Hier finden Sie eine \u00dcbersicht \u00fcber alle unsere Gesch\u00e4ftsbedingungen, Nutzungsbedingungen, Datenschutz- und Cookie-Richtlinien. All diese Ma\u00dfnahmen dienen dazu, Ihre Sicherheit und Ihr Wohlbefinden zu gew\u00e4hrleisten und sicherzustellen, dass wir Ihnen die Produkte und Erlebnisse, die wir anbieten, so anbieten k\u00f6nnen, wie wir es uns f\u00fcr Sie, unseren [&hellip;]<\/p>\n","protected":false},"author":2,"featured_media":0,"parent":0,"menu_order":0,"comment_status":"closed","ping_status":"closed","template":"elementor_header_footer","meta":{"footnotes":""},"class_list":["post-14586","page","type-page","status-publish","hentry"],"yoast_head":"<!-- This site is optimized with the Yoast SEO Premium plugin v27.2 (Yoast SEO v27.3) - https:\/\/yoast.com\/product\/yoast-seo-premium-wordpress\/ -->\n<title>T+Cs Alle | Brist Olive Oil<\/title>\n<meta name=\"robots\" content=\"index, follow, max-snippet:-1, max-image-preview:large, max-video-preview:-1\" \/>\n<link rel=\"canonical\" href=\"https:\/\/brist-olive.hr\/de\/tcs-alle\/\" \/>\n<meta property=\"og:locale\" content=\"de_DE\" \/>\n<meta property=\"og:type\" content=\"article\" \/>\n<meta property=\"og:title\" content=\"T+Cs Alle\" \/>\n<meta property=\"og:description\" content=\"Alle Bestimmungen, Bedingungen und Richtlinien von Brist d.o.o. Hier finden Sie eine \u00dcbersicht \u00fcber alle unsere Gesch\u00e4ftsbedingungen, Nutzungsbedingungen, Datenschutz- und Cookie-Richtlinien. All diese Ma\u00dfnahmen dienen dazu, Ihre Sicherheit und Ihr Wohlbefinden zu gew\u00e4hrleisten und sicherzustellen, dass wir Ihnen die Produkte und Erlebnisse, die wir anbieten, so anbieten k\u00f6nnen, wie wir es uns f\u00fcr Sie, unseren [&hellip;]\" \/>\n<meta property=\"og:url\" content=\"https:\/\/brist-olive.hr\/de\/tcs-alle\/\" \/>\n<meta property=\"og:site_name\" content=\"Brist Olive Oil\" \/>\n<meta property=\"article:publisher\" content=\"https:\/\/www.facebook.com\/BRIST-Olive-extra-virgin-olive-oil-194775207214904\" \/>\n<meta property=\"article:modified_time\" content=\"2023-11-04T13:30:01+00:00\" \/>\n<meta name=\"twitter:card\" content=\"summary_large_image\" \/>\n<meta name=\"twitter:label1\" content=\"Gesch\u00e4tzte Lesezeit\" \/>\n\t<meta name=\"twitter:data1\" content=\"1\u00a0Minute\" \/>\n<script type=\"application\/ld+json\" class=\"yoast-schema-graph\">{\"@context\":\"https:\\\/\\\/schema.org\",\"@graph\":[{\"@type\":\"WebPage\",\"@id\":\"https:\\\/\\\/brist-olive.hr\\\/de\\\/tcs-alle\\\/\",\"url\":\"https:\\\/\\\/brist-olive.hr\\\/de\\\/tcs-alle\\\/\",\"name\":\"T+Cs Alle | Brist Olive Oil\",\"isPartOf\":{\"@id\":\"https:\\\/\\\/brist-olive.hr\\\/de\\\/#website\"},\"datePublished\":\"2023-05-07T22:04:22+00:00\",\"dateModified\":\"2023-11-04T13:30:01+00:00\",\"breadcrumb\":{\"@id\":\"https:\\\/\\\/brist-olive.hr\\\/de\\\/tcs-alle\\\/#breadcrumb\"},\"inLanguage\":\"de\",\"potentialAction\":[{\"@type\":\"ReadAction\",\"target\":[\"https:\\\/\\\/brist-olive.hr\\\/de\\\/tcs-alle\\\/\"]}]},{\"@type\":\"BreadcrumbList\",\"@id\":\"https:\\\/\\\/brist-olive.hr\\\/de\\\/tcs-alle\\\/#breadcrumb\",\"itemListElement\":[{\"@type\":\"ListItem\",\"position\":1,\"name\":\"Home\",\"item\":\"https:\\\/\\\/brist-olive.hr\\\/de\\\/\"},{\"@type\":\"ListItem\",\"position\":2,\"name\":\"T+Cs Alle\"}]},{\"@type\":\"WebSite\",\"@id\":\"https:\\\/\\\/brist-olive.hr\\\/de\\\/#website\",\"url\":\"https:\\\/\\\/brist-olive.hr\\\/de\\\/\",\"name\":\"Brist Olive Oil\",\"description\":\"Brist Olive Oil\",\"publisher\":{\"@id\":\"https:\\\/\\\/brist-olive.hr\\\/de\\\/#organization\"},\"potentialAction\":[{\"@type\":\"SearchAction\",\"target\":{\"@type\":\"EntryPoint\",\"urlTemplate\":\"https:\\\/\\\/brist-olive.hr\\\/de\\\/?s={search_term_string}\"},\"query-input\":{\"@type\":\"PropertyValueSpecification\",\"valueRequired\":true,\"valueName\":\"search_term_string\"}}],\"inLanguage\":\"de\"},{\"@type\":\"Organization\",\"@id\":\"https:\\\/\\\/brist-olive.hr\\\/de\\\/#organization\",\"name\":\"Brist Olive\",\"url\":\"https:\\\/\\\/brist-olive.hr\\\/de\\\/\",\"logo\":{\"@type\":\"ImageObject\",\"inLanguage\":\"de\",\"@id\":\"https:\\\/\\\/brist-olive.hr\\\/de\\\/#\\\/schema\\\/logo\\\/image\\\/\",\"url\":\"https:\\\/\\\/brist-olive.hr\\\/wp-content\\\/uploads\\\/2022\\\/03\\\/brist_logo.png\",\"contentUrl\":\"https:\\\/\\\/brist-olive.hr\\\/wp-content\\\/uploads\\\/2022\\\/03\\\/brist_logo.png\",\"width\":344,\"height\":214,\"caption\":\"Brist Olive\"},\"image\":{\"@id\":\"https:\\\/\\\/brist-olive.hr\\\/de\\\/#\\\/schema\\\/logo\\\/image\\\/\"},\"sameAs\":[\"https:\\\/\\\/www.facebook.com\\\/BRIST-Olive-extra-virgin-olive-oil-194775207214904\",\"https:\\\/\\\/www.instagram.com\\\/brist.olive\\\/\"]}]}<\/script>\n<!-- \/ Yoast SEO Premium plugin. -->","yoast_head_json":{"title":"T+Cs Alle | Brist Olive Oil","robots":{"index":"index","follow":"follow","max-snippet":"max-snippet:-1","max-image-preview":"max-image-preview:large","max-video-preview":"max-video-preview:-1"},"canonical":"https:\/\/brist-olive.hr\/de\/tcs-alle\/","og_locale":"de_DE","og_type":"article","og_title":"T+Cs Alle","og_description":"Alle Bestimmungen, Bedingungen und Richtlinien von Brist d.o.o. Hier finden Sie eine \u00dcbersicht \u00fcber alle unsere Gesch\u00e4ftsbedingungen, Nutzungsbedingungen, Datenschutz- und Cookie-Richtlinien. All diese Ma\u00dfnahmen dienen dazu, Ihre Sicherheit und Ihr Wohlbefinden zu gew\u00e4hrleisten und sicherzustellen, dass wir Ihnen die Produkte und Erlebnisse, die wir anbieten, so anbieten k\u00f6nnen, wie wir es uns f\u00fcr Sie, unseren [&hellip;]","og_url":"https:\/\/brist-olive.hr\/de\/tcs-alle\/","og_site_name":"Brist Olive Oil","article_publisher":"https:\/\/www.facebook.com\/BRIST-Olive-extra-virgin-olive-oil-194775207214904","article_modified_time":"2023-11-04T13:30:01+00:00","twitter_card":"summary_large_image","twitter_misc":{"Gesch\u00e4tzte Lesezeit":"1\u00a0Minute"},"schema":{"@context":"https:\/\/schema.org","@graph":[{"@type":"WebPage","@id":"https:\/\/brist-olive.hr\/de\/tcs-alle\/","url":"https:\/\/brist-olive.hr\/de\/tcs-alle\/","name":"T+Cs Alle | Brist Olive Oil","isPartOf":{"@id":"https:\/\/brist-olive.hr\/de\/#website"},"datePublished":"2023-05-07T22:04:22+00:00","dateModified":"2023-11-04T13:30:01+00:00","breadcrumb":{"@id":"https:\/\/brist-olive.hr\/de\/tcs-alle\/#breadcrumb"},"inLanguage":"de","potentialAction":[{"@type":"ReadAction","target":["https:\/\/brist-olive.hr\/de\/tcs-alle\/"]}]},{"@type":"BreadcrumbList","@id":"https:\/\/brist-olive.hr\/de\/tcs-alle\/#breadcrumb","itemListElement":[{"@type":"ListItem","position":1,"name":"Home","item":"https:\/\/brist-olive.hr\/de\/"},{"@type":"ListItem","position":2,"name":"T+Cs Alle"}]},{"@type":"WebSite","@id":"https:\/\/brist-olive.hr\/de\/#website","url":"https:\/\/brist-olive.hr\/de\/","name":"Brist Olive Oil","description":"Brist Olive Oil","publisher":{"@id":"https:\/\/brist-olive.hr\/de\/#organization"},"potentialAction":[{"@type":"SearchAction","target":{"@type":"EntryPoint","urlTemplate":"https:\/\/brist-olive.hr\/de\/?s={search_term_string}"},"query-input":{"@type":"PropertyValueSpecification","valueRequired":true,"valueName":"search_term_string"}}],"inLanguage":"de"},{"@type":"Organization","@id":"https:\/\/brist-olive.hr\/de\/#organization","name":"Brist Olive","url":"https:\/\/brist-olive.hr\/de\/","logo":{"@type":"ImageObject","inLanguage":"de","@id":"https:\/\/brist-olive.hr\/de\/#\/schema\/logo\/image\/","url":"https:\/\/brist-olive.hr\/wp-content\/uploads\/2022\/03\/brist_logo.png","contentUrl":"https:\/\/brist-olive.hr\/wp-content\/uploads\/2022\/03\/brist_logo.png","width":344,"height":214,"caption":"Brist Olive"},"image":{"@id":"https:\/\/brist-olive.hr\/de\/#\/schema\/logo\/image\/"},"sameAs":["https:\/\/www.facebook.com\/BRIST-Olive-extra-virgin-olive-oil-194775207214904","https:\/\/www.instagram.com\/brist.olive\/"]}]}},"acf":[],"_links":{"self":[{"href":"https:\/\/brist-olive.hr\/de\/wp-json\/wp\/v2\/pages\/14586","targetHints":{"allow":["GET"]}}],"collection":[{"href":"https:\/\/brist-olive.hr\/de\/wp-json\/wp\/v2\/pages"}],"about":[{"href":"https:\/\/brist-olive.hr\/de\/wp-json\/wp\/v2\/types\/page"}],"author":[{"embeddable":true,"href":"https:\/\/brist-olive.hr\/de\/wp-json\/wp\/v2\/users\/2"}],"replies":[{"embeddable":true,"href":"https:\/\/brist-olive.hr\/de\/wp-json\/wp\/v2\/comments?post=14586"}],"version-history":[{"count":3,"href":"https:\/\/brist-olive.hr\/de\/wp-json\/wp\/v2\/pages\/14586\/revisions"}],"predecessor-version":[{"id":17407,"href":"https:\/\/brist-olive.hr\/de\/wp-json\/wp\/v2\/pages\/14586\/revisions\/17407"}],"wp:attachment":[{"href":"https:\/\/brist-olive.hr\/de\/wp-json\/wp\/v2\/media?parent=14586"}],"curies":[{"name":"wp","href":"https:\/\/api.w.org\/{rel}","templated":true}]}}