
{"id":16319,"date":"2023-04-25T12:59:40","date_gmt":"2023-04-25T12:59:40","guid":{"rendered":"https:\/\/brist-olive.hr\/tcs-olive-grove-tours\/"},"modified":"2025-03-11T12:55:08","modified_gmt":"2025-03-11T12:55:08","slug":"tcs-olive-grove-tours","status":"publish","type":"page","link":"https:\/\/brist-olive.hr\/de\/tcs-olive-grove-tours\/","title":{"rendered":"T+Cs Olive Grove Tours"},"content":{"rendered":"\t\t<div data-elementor-type=\"wp-page\" data-elementor-id=\"16319\" class=\"elementor elementor-16319 elementor-9155\" data-elementor-post-type=\"page\">\n\t\t\t\t\t\t<section class=\"elementor-section elementor-top-section elementor-element elementor-element-1a6718bf elementor-section-boxed elementor-section-height-default elementor-section-height-default\" data-id=\"1a6718bf\" data-element_type=\"section\" data-e-type=\"section\">\n\t\t\t\t\t\t<div class=\"elementor-container elementor-column-gap-default\">\n\t\t\t\t\t<div class=\"elementor-column elementor-col-100 elementor-top-column elementor-element elementor-element-5ea643a8\" data-id=\"5ea643a8\" data-element_type=\"column\" data-e-type=\"column\">\n\t\t\t<div class=\"elementor-widget-wrap elementor-element-populated\">\n\t\t\t\t\t\t<div class=\"elementor-element elementor-element-9c3b428 elementor-widget elementor-widget-spacer\" data-id=\"9c3b428\" data-element_type=\"widget\" data-e-type=\"widget\" data-widget_type=\"spacer.default\">\n\t\t\t\t<div class=\"elementor-widget-container\">\n\t\t\t\t\t\t\t<div class=\"elementor-spacer\">\n\t\t\t<div class=\"elementor-spacer-inner\"><\/div>\n\t\t<\/div>\n\t\t\t\t\t\t<\/div>\n\t\t\t\t<\/div>\n\t\t\t\t<div class=\"elementor-element elementor-element-ecc90a4 elementor-widget elementor-widget-text-editor\" data-id=\"ecc90a4\" data-element_type=\"widget\" data-e-type=\"widget\" data-widget_type=\"text-editor.default\">\n\t\t\t\t<div class=\"elementor-widget-container\">\n\t\t\t\t\t\t\t\t\t<h3 style=\"text-align: center;\"><strong>Brist Olive Grove Touren <\/strong><strong>Bedingungen f\u00fcr den Service<\/strong><\/h3>\n<p>Alle Buchungen unterliegen diesen Bedingungen, die von der genannten Person als Teil der Buchung in vollem Umfang akzeptiert werden.<\/p>\n<p>Die benannte Person muss mindestens 18 Jahre alt sein. Mit der Best\u00e4tigung der Buchung best\u00e4tigt die benannte Person, dass sie dazu berechtigt ist und dass alle G\u00e4ste mit den vorliegenden Gesch\u00e4ftsbedingungen einverstanden sind.<\/p>\n<p><strong>ANKUNFTSZEIT<\/strong><\/p>\n<p>Unsere online gebuchten Touren sind offene Touren und k\u00f6nnen mehrere Parteien umfassen.<\/p>\n<p>Wir bitten alle G\u00e4ste, den Treffpunkt mindestens zehn Minuten vor der offiziellen Uhrzeit aufzusuchen. Eine Versp\u00e4tung von mehr als 10 Minuten kann dazu f\u00fchren, dass die Gruppe ohne Sie weiterf\u00e4hrt und Ihre F\u00fchrung abgesagt wird.&nbsp;&nbsp;<\/p>\n<p><strong>ZUG\u00c4NGLICHKEIT<\/strong><\/p>\n<p>Unsere Touren finden auf unserem Bauernhof statt, und obwohl wir uns um gr\u00f6\u00dftm\u00f6gliche Barrierefreiheit bem\u00fchen, m\u00fcssen wir unsere G\u00e4ste darauf hinweisen, dass die Touren \u00fcber teilweise unwegsames Gel\u00e4nde f\u00fchren und leider nicht f\u00fcr Personen mit eingeschr\u00e4nkter Mobilit\u00e4t oder f\u00fcr Rollstuhlfahrer geeignet sind.<\/p>\n<p>Die Strecke der Tour betr\u00e4gt ca. 1,2 km und wird im Allgemeinen in 75 Minuten zur\u00fcckgelegt, was jedoch f\u00fcr \u00e4ltere G\u00e4ste oder Personen mit eingeschr\u00e4nkter Mobilit\u00e4t, insbesondere im hei\u00dfen Sommer, schwierig sein kann. Bitte pr\u00fcfen Sie, ob die Tour f\u00fcr die Personen geeignet ist, f\u00fcr die Sie reservieren m\u00f6chten.<\/p>\n<p><strong>BUGGYS\/KINDERWAGEN\/KINDERWAGEN F\u00dcR KLEINKINDER<\/strong><\/p>\n<p>Wir empfehlen nur solche, die einen Raddurchmesser von 20 cm oder mehr haben.<\/p>\n<p><strong>SICHERHEIT UND VORBEREITUNG<\/strong><\/p>\n<p>Wir bitten alle G\u00e4ste, m\u00f6gliche Wetter- und Gel\u00e4ndebedingungen zu ber\u00fccksichtigen.<\/p>\n<p>Als der f\u00fcr die Buchung genannte Gast weisen Sie bitte alle anderen G\u00e4ste darauf hin:<\/p>\n<ul>\n<li>\n<p>Tragen Sie geeignetes Schuhwerk f\u00fcr das landwirtschaftliche Terrain<\/p>\n<\/li>\n<li>\n<p>Bringen Sie bei Hitze eine Flasche Wasser oder \u00e4hnliches mit.<\/p>\n<\/li>\n<li>\n<p>Bringen Sie geeignete Kleidung f\u00fcr ung\u00fcnstige Bedingungen mit<\/p>\n<\/li>\n<\/ul>\n<p><strong>DIE NAT\u00dcRLICHE UMWELT<\/strong><\/p>\n<p>Unsere Touren finden auf unserem Bauernhof statt, wo die Natur nicht ausgeschlossen ist und jedes wilde Tier, das in Istrien vorkommt, auch auf unserem Olivenhain zu finden sein kann. Bitte achten Sie stets auf die Umgebung, die Sie umgibt, und obwohl wir junge Familien sehr zu unseren Touren ermutigen, m\u00fcssen die Eltern ihre Kinder jederzeit unter Kontrolle haben und d\u00fcrfen unter keinen Umst\u00e4nden auf Steinmauern klettern.<\/p>\n<p><span style=\"font-weight: 600;\">LEBENSMITTEL UND GETR\u00c4NKE<\/span><\/p>\n<p>Es liegt in der alleinigen Verantwortung des Gastes, uns sowohl per E-Mail bei der Buchung als auch am Abend der Tour auf m\u00f6gliche allergische Reaktionen auf bestimmte Lebensmittel hinzuweisen und diese zu \u00fcberpr\u00fcfen.<\/p>\n<p>Wir werden unser Bestes tun, um Ihnen bei besonderen Ern\u00e4hrungsbed\u00fcrfnissen entgegenzukommen, aber wir k\u00f6nnen solche Anfragen nur ber\u00fccksichtigen, wenn sie mindestens 48 Stunden im Voraus per E-Mail eingehen.<\/p>\n<p><span style=\"font-weight: 600;\">ZAHLUNG<\/span><\/p>\n<p>Die Bezahlung erfolgt bar mit Euro (\u20ac) am Ende der Tour. Bitte halten Sie den genauen Betrag bereit.<\/p>\n<p><span style=\"font-weight: 600;\">STORNIERUNGSPOLITIK<\/span><\/p>\n<p>Unsere Touren finden im Freien statt und sind daher wetterabh\u00e4ngig.<\/p>\n<p>Wenn wir glauben, dass eine Tour aufgrund der Wettervorhersage nicht durchgef\u00fchrt werden kann, k\u00f6nnen wir die Tour ohne Haftung f\u00fcr Brist d.o.o. absagen.<\/p>\n<p>Sollte die Tour durch schlechte Wetterbedingungen unterbrochen werden, werden wir eine Bewertung des Wertes vornehmen und eine vollst\u00e4ndige oder reduzierte Zahlung verlangen, die die genannte Person akzeptieren kann.<\/p>\n<p>Sollte eine Tour, die eine Verpflegung beinhaltet, die Kapazit\u00e4t von insgesamt 6 Personen nicht erreichen oder ein hohes Risiko von Wetterst\u00f6rungen aufweisen, hat Brist d.o.o. das Recht, die Tour in eine Wandertour ohne Verpflegung umzuwandeln und den niedrigeren Preis f\u00fcr dieses Tourangebot zu berechnen. Die G\u00e4ste werden in angemessener Zeit informiert und k\u00f6nnen w\u00e4hlen, ob sie an der alternativen Tour teilnehmen, auf ein anderes Datum umbuchen oder die Buchung stornieren m\u00f6chten.<\/p>\n<p><strong>HAUSTIERE<\/strong><\/p>\n<p>Hunde und \u00e4hnliche Tiere sind auf unseren Touren willkommen. Seien Sie sich jedoch bewusst, dass einige G\u00e4ste Angst vor Tieren haben k\u00f6nnen. Bitte nehmen Sie daher Ihr Haustier w\u00e4hrend der F\u00fchrung an die Leine und nehmen Sie R\u00fccksicht auf die Gef\u00fchle anderer G\u00e4ste.<\/p>\n<p><strong>ALLGEMEINES VERHALTEN, RAUCHEN UND ALKOHOL<\/strong><\/p>\n<p>W\u00e4hrend der Wanderung durch den Hain ist das Rauchen strengstens verboten.<\/p>\n<p>Bei den abendlichen F\u00fchrungen k\u00f6nnen Raucher nach dem Spaziergang einen sicheren Ort zum Rauchen aufsuchen, damit sie ihre Zigaretten sicher entsorgen k\u00f6nnen, ohne einen Brand im Hain zu verursachen und m\u00f6glicherweise unsere Lebensgrundlage zu zerst\u00f6ren.  &nbsp;<\/p>\n<p>Wir schenken zwar auf unseren Abendtouren f\u00fcr Erwachsene Alkohol aus, k\u00f6nnen aber keinen \u00fcberm\u00e4\u00dfigen Alkoholkonsum und\/oder ein damit verbundenes Verhalten akzeptieren. Dar\u00fcber hinaus k\u00f6nnen Personen, die Alkohol konsumiert haben oder unter erheblichem Alkoholeinfluss stehen und deren Verhalten als unangemessen f\u00fcr eine familienorientierte Tour angesehen wird, von der Teilnahme an der Tour ausgeschlossen oder aufgefordert werden, die Tour w\u00e4hrend eines beliebigen Teils der Tour zu verlassen.<\/p>\n<p>Wir bitten unsere G\u00e4ste besonders darum, unsere Tour nicht in Betracht zu ziehen, wenn sie vor ihrer Ankunft einen erheblichen Alkoholkonsum tags\u00fcber planen.<\/p>\n<p>Auf Abendtouren wird Alkohol an Personen ausgeschenkt, die als Erwachsene gebucht wurden und mindestens 18 Jahre alt zu sein scheinen. Es liegt jedoch in der alleinigen Verantwortung der in der Buchung genannten Person, uns dar\u00fcber zu informieren, wer Alkohol trinken darf und wer nicht.<\/p>\n<p>Unter keinen Umst\u00e4nden ist Brist d.o.o. verantwortlich f\u00fcr die Entscheidung eines Gastes, Alkohol zu konsumieren, so dass er sich selbst oder andere verletzt oder ein Kraftfahrzeug f\u00fchrt, das nicht den kroatischen Gesetzen entspricht.<\/p>\n<p><span style=\"font-weight: 600;\">FALSCHDARSTELLUNG<\/span><\/p>\n<div>Es wird davon ausgegangen, dass Sie nach Erhalt Ihrer Buchung und sofern Sie uns nicht innerhalb von 2 Stunden nach der Buchung per E-Mail etwas anderes mitteilen, ein echter Gast sind, der uns als Privatperson oder als Gruppe von Privatpersonen besucht. Unsere Reiseversicherung deckt diese echten G\u00e4ste ab. Sollten Sie sich als unangemeldete Agenturgruppe, Junggesellenabschiedsgruppe oder \u00e4hnliche Gruppe, als Vertreter eines \u00e4hnlichen Unternehmens oder als jemand, dessen T\u00e4tigkeit nicht in erster Linie darin besteht, den Olivenhain als privater Gast zu genie\u00dfen, ausgeben, behalten wir uns das Recht vor, Sie aufzufordern, unser Anwesen sofort zu verlassen, mit oder ohne Bezahlung nach unserem Ermessen.<\/div>\n<div>&nbsp;<\/div>\n<div>Blogger, Influencer und Journalisten, die sich daf\u00fcr entscheiden,&nbsp;anonym zu bleiben&nbsp;, sind herzlich willkommen, solange sie die Absicht haben, die Tour wie unsere gesch\u00e4tzten und regelm\u00e4\u00dfigen G\u00e4ste zu erleben.<\/div>\n<div>&nbsp;<\/div>\n<p><strong>RECHT UND GERICHTSBARKEIT<\/strong><\/p>\n<p>Dieser Vertrag zwischen dem Eigent\u00fcmer und dem Mieter unterliegt der Gerichtsbarkeit der kroatischen Gerichte.<\/p>\n<p><b>G\u00dcLTIGE \u00dcBERSETZUNG<\/b><\/p>\n<p>Die englische Fassung dieses Dokuments hat Vorrang vor allen anderen \u00dcbersetzungen.<\/p>\n<p><strong>GESCH\u00c4FTSDETAILS<\/strong><\/p>\n<p>BRIST d.o.o.&nbsp;<em style=\"color: var( --e-global-color-text ); font-family: var( --e-global-typography-text-font-family ), Sans-serif; font-weight: var( --e-global-typography-text-font-weight );\">f\u00fcr Oliven\u00f6lproduktion, Beratung, Handel und Tourismus.<\/em><\/p>\n<p>Gesch\u00e4ftsadresse: Antonio Smareglia 115\/1, 52215 Vodnjan, Kroatien.<\/p>\n<p>OIB: 37971561748<\/p>\n<p>Kontakt:&nbsp;<span style=\"color: var( --e-global-color-text ); font-family: var( --e-global-typography-text-font-family ), Sans-serif; font-weight: var( --e-global-typography-text-font-weight );\">paul@brist-olive.hr \/&nbsp;<\/span><span style=\"color: var( --e-global-color-text ); font-family: var( --e-global-typography-text-font-family ), Sans-serif; font-weight: var( --e-global-typography-text-font-weight );\">+385 (0)95 562 4111<\/span><\/p>\n<p>Web: www.brist-olive.hr<\/p>\t\t\t\t\t\t\t\t<\/div>\n\t\t\t\t<\/div>\n\t\t\t\t<div class=\"elementor-element elementor-element-e0bade9 elementor-widget elementor-widget-spacer\" data-id=\"e0bade9\" data-element_type=\"widget\" data-e-type=\"widget\" data-widget_type=\"spacer.default\">\n\t\t\t\t<div class=\"elementor-widget-container\">\n\t\t\t\t\t\t\t<div class=\"elementor-spacer\">\n\t\t\t<div class=\"elementor-spacer-inner\"><\/div>\n\t\t<\/div>\n\t\t\t\t\t\t<\/div>\n\t\t\t\t<\/div>\n\t\t\t\t\t<\/div>\n\t\t<\/div>\n\t\t\t\t\t<\/div>\n\t\t<\/section>\n\t\t\t\t<\/div>\n\t\t","protected":false},"excerpt":{"rendered":"<p>Brist Olive Grove Touren Bedingungen f\u00fcr den Service Alle Buchungen unterliegen diesen Bedingungen, die von der genannten Person als Teil der Buchung in vollem Umfang akzeptiert werden. Die benannte Person muss mindestens 18 Jahre alt sein. Mit der Best\u00e4tigung der Buchung best\u00e4tigt die benannte Person, dass sie dazu berechtigt ist und dass alle G\u00e4ste mit [&hellip;]<\/p>\n","protected":false},"author":1,"featured_media":0,"parent":0,"menu_order":0,"comment_status":"closed","ping_status":"closed","template":"elementor_header_footer","meta":{"footnotes":""},"class_list":["post-16319","page","type-page","status-publish","hentry"],"yoast_head":"<!-- This site is optimized with the Yoast SEO Premium plugin v27.2 (Yoast SEO v27.3) - https:\/\/yoast.com\/product\/yoast-seo-premium-wordpress\/ -->\n<title>T+Cs Olive Grove Tours | Brist Olive Oil<\/title>\n<meta name=\"robots\" content=\"index, follow, max-snippet:-1, max-image-preview:large, max-video-preview:-1\" \/>\n<link rel=\"canonical\" href=\"https:\/\/brist-olive.hr\/de\/tcs-olive-grove-tours\/\" \/>\n<meta property=\"og:locale\" content=\"de_DE\" \/>\n<meta property=\"og:type\" content=\"article\" \/>\n<meta property=\"og:title\" content=\"T+Cs Olive Grove Tours\" \/>\n<meta property=\"og:description\" content=\"Brist Olive Grove Touren Bedingungen f\u00fcr den Service Alle Buchungen unterliegen diesen Bedingungen, die von der genannten Person als Teil der Buchung in vollem Umfang akzeptiert werden. Die benannte Person muss mindestens 18 Jahre alt sein. Mit der Best\u00e4tigung der Buchung best\u00e4tigt die benannte Person, dass sie dazu berechtigt ist und dass alle G\u00e4ste mit [&hellip;]\" \/>\n<meta property=\"og:url\" content=\"https:\/\/brist-olive.hr\/de\/tcs-olive-grove-tours\/\" \/>\n<meta property=\"og:site_name\" content=\"Brist Olive Oil\" \/>\n<meta property=\"article:publisher\" content=\"https:\/\/www.facebook.com\/BRIST-Olive-extra-virgin-olive-oil-194775207214904\" \/>\n<meta property=\"article:modified_time\" content=\"2025-03-11T12:55:08+00:00\" \/>\n<meta name=\"twitter:card\" content=\"summary_large_image\" \/>\n<meta name=\"twitter:label1\" content=\"Gesch\u00e4tzte Lesezeit\" \/>\n\t<meta name=\"twitter:data1\" content=\"6\u00a0Minuten\" \/>\n<script type=\"application\/ld+json\" class=\"yoast-schema-graph\">{\"@context\":\"https:\\\/\\\/schema.org\",\"@graph\":[{\"@type\":\"WebPage\",\"@id\":\"https:\\\/\\\/brist-olive.hr\\\/de\\\/tcs-olive-grove-tours\\\/\",\"url\":\"https:\\\/\\\/brist-olive.hr\\\/de\\\/tcs-olive-grove-tours\\\/\",\"name\":\"T+Cs Olive Grove Tours | Brist Olive Oil\",\"isPartOf\":{\"@id\":\"https:\\\/\\\/brist-olive.hr\\\/de\\\/#website\"},\"datePublished\":\"2023-04-25T12:59:40+00:00\",\"dateModified\":\"2025-03-11T12:55:08+00:00\",\"breadcrumb\":{\"@id\":\"https:\\\/\\\/brist-olive.hr\\\/de\\\/tcs-olive-grove-tours\\\/#breadcrumb\"},\"inLanguage\":\"de\",\"potentialAction\":[{\"@type\":\"ReadAction\",\"target\":[\"https:\\\/\\\/brist-olive.hr\\\/de\\\/tcs-olive-grove-tours\\\/\"]}]},{\"@type\":\"BreadcrumbList\",\"@id\":\"https:\\\/\\\/brist-olive.hr\\\/de\\\/tcs-olive-grove-tours\\\/#breadcrumb\",\"itemListElement\":[{\"@type\":\"ListItem\",\"position\":1,\"name\":\"Home\",\"item\":\"https:\\\/\\\/brist-olive.hr\\\/de\\\/\"},{\"@type\":\"ListItem\",\"position\":2,\"name\":\"T+Cs Olive Grove Tours\"}]},{\"@type\":\"WebSite\",\"@id\":\"https:\\\/\\\/brist-olive.hr\\\/de\\\/#website\",\"url\":\"https:\\\/\\\/brist-olive.hr\\\/de\\\/\",\"name\":\"Brist Olive Oil\",\"description\":\"Brist Olive Oil\",\"publisher\":{\"@id\":\"https:\\\/\\\/brist-olive.hr\\\/de\\\/#organization\"},\"potentialAction\":[{\"@type\":\"SearchAction\",\"target\":{\"@type\":\"EntryPoint\",\"urlTemplate\":\"https:\\\/\\\/brist-olive.hr\\\/de\\\/?s={search_term_string}\"},\"query-input\":{\"@type\":\"PropertyValueSpecification\",\"valueRequired\":true,\"valueName\":\"search_term_string\"}}],\"inLanguage\":\"de\"},{\"@type\":\"Organization\",\"@id\":\"https:\\\/\\\/brist-olive.hr\\\/de\\\/#organization\",\"name\":\"Brist Olive\",\"url\":\"https:\\\/\\\/brist-olive.hr\\\/de\\\/\",\"logo\":{\"@type\":\"ImageObject\",\"inLanguage\":\"de\",\"@id\":\"https:\\\/\\\/brist-olive.hr\\\/de\\\/#\\\/schema\\\/logo\\\/image\\\/\",\"url\":\"https:\\\/\\\/brist-olive.hr\\\/wp-content\\\/uploads\\\/2022\\\/03\\\/brist_logo.png\",\"contentUrl\":\"https:\\\/\\\/brist-olive.hr\\\/wp-content\\\/uploads\\\/2022\\\/03\\\/brist_logo.png\",\"width\":344,\"height\":214,\"caption\":\"Brist Olive\"},\"image\":{\"@id\":\"https:\\\/\\\/brist-olive.hr\\\/de\\\/#\\\/schema\\\/logo\\\/image\\\/\"},\"sameAs\":[\"https:\\\/\\\/www.facebook.com\\\/BRIST-Olive-extra-virgin-olive-oil-194775207214904\",\"https:\\\/\\\/www.instagram.com\\\/brist.olive\\\/\"]}]}<\/script>\n<!-- \/ Yoast SEO Premium plugin. -->","yoast_head_json":{"title":"T+Cs Olive Grove Tours | Brist Olive Oil","robots":{"index":"index","follow":"follow","max-snippet":"max-snippet:-1","max-image-preview":"max-image-preview:large","max-video-preview":"max-video-preview:-1"},"canonical":"https:\/\/brist-olive.hr\/de\/tcs-olive-grove-tours\/","og_locale":"de_DE","og_type":"article","og_title":"T+Cs Olive Grove Tours","og_description":"Brist Olive Grove Touren Bedingungen f\u00fcr den Service Alle Buchungen unterliegen diesen Bedingungen, die von der genannten Person als Teil der Buchung in vollem Umfang akzeptiert werden. Die benannte Person muss mindestens 18 Jahre alt sein. Mit der Best\u00e4tigung der Buchung best\u00e4tigt die benannte Person, dass sie dazu berechtigt ist und dass alle G\u00e4ste mit [&hellip;]","og_url":"https:\/\/brist-olive.hr\/de\/tcs-olive-grove-tours\/","og_site_name":"Brist Olive Oil","article_publisher":"https:\/\/www.facebook.com\/BRIST-Olive-extra-virgin-olive-oil-194775207214904","article_modified_time":"2025-03-11T12:55:08+00:00","twitter_card":"summary_large_image","twitter_misc":{"Gesch\u00e4tzte Lesezeit":"6\u00a0Minuten"},"schema":{"@context":"https:\/\/schema.org","@graph":[{"@type":"WebPage","@id":"https:\/\/brist-olive.hr\/de\/tcs-olive-grove-tours\/","url":"https:\/\/brist-olive.hr\/de\/tcs-olive-grove-tours\/","name":"T+Cs Olive Grove Tours | Brist Olive Oil","isPartOf":{"@id":"https:\/\/brist-olive.hr\/de\/#website"},"datePublished":"2023-04-25T12:59:40+00:00","dateModified":"2025-03-11T12:55:08+00:00","breadcrumb":{"@id":"https:\/\/brist-olive.hr\/de\/tcs-olive-grove-tours\/#breadcrumb"},"inLanguage":"de","potentialAction":[{"@type":"ReadAction","target":["https:\/\/brist-olive.hr\/de\/tcs-olive-grove-tours\/"]}]},{"@type":"BreadcrumbList","@id":"https:\/\/brist-olive.hr\/de\/tcs-olive-grove-tours\/#breadcrumb","itemListElement":[{"@type":"ListItem","position":1,"name":"Home","item":"https:\/\/brist-olive.hr\/de\/"},{"@type":"ListItem","position":2,"name":"T+Cs Olive Grove Tours"}]},{"@type":"WebSite","@id":"https:\/\/brist-olive.hr\/de\/#website","url":"https:\/\/brist-olive.hr\/de\/","name":"Brist Olive Oil","description":"Brist Olive Oil","publisher":{"@id":"https:\/\/brist-olive.hr\/de\/#organization"},"potentialAction":[{"@type":"SearchAction","target":{"@type":"EntryPoint","urlTemplate":"https:\/\/brist-olive.hr\/de\/?s={search_term_string}"},"query-input":{"@type":"PropertyValueSpecification","valueRequired":true,"valueName":"search_term_string"}}],"inLanguage":"de"},{"@type":"Organization","@id":"https:\/\/brist-olive.hr\/de\/#organization","name":"Brist Olive","url":"https:\/\/brist-olive.hr\/de\/","logo":{"@type":"ImageObject","inLanguage":"de","@id":"https:\/\/brist-olive.hr\/de\/#\/schema\/logo\/image\/","url":"https:\/\/brist-olive.hr\/wp-content\/uploads\/2022\/03\/brist_logo.png","contentUrl":"https:\/\/brist-olive.hr\/wp-content\/uploads\/2022\/03\/brist_logo.png","width":344,"height":214,"caption":"Brist Olive"},"image":{"@id":"https:\/\/brist-olive.hr\/de\/#\/schema\/logo\/image\/"},"sameAs":["https:\/\/www.facebook.com\/BRIST-Olive-extra-virgin-olive-oil-194775207214904","https:\/\/www.instagram.com\/brist.olive\/"]}]}},"acf":[],"_links":{"self":[{"href":"https:\/\/brist-olive.hr\/de\/wp-json\/wp\/v2\/pages\/16319","targetHints":{"allow":["GET"]}}],"collection":[{"href":"https:\/\/brist-olive.hr\/de\/wp-json\/wp\/v2\/pages"}],"about":[{"href":"https:\/\/brist-olive.hr\/de\/wp-json\/wp\/v2\/types\/page"}],"author":[{"embeddable":true,"href":"https:\/\/brist-olive.hr\/de\/wp-json\/wp\/v2\/users\/1"}],"replies":[{"embeddable":true,"href":"https:\/\/brist-olive.hr\/de\/wp-json\/wp\/v2\/comments?post=16319"}],"version-history":[{"count":3,"href":"https:\/\/brist-olive.hr\/de\/wp-json\/wp\/v2\/pages\/16319\/revisions"}],"predecessor-version":[{"id":19515,"href":"https:\/\/brist-olive.hr\/de\/wp-json\/wp\/v2\/pages\/16319\/revisions\/19515"}],"wp:attachment":[{"href":"https:\/\/brist-olive.hr\/de\/wp-json\/wp\/v2\/media?parent=16319"}],"curies":[{"name":"wp","href":"https:\/\/api.w.org\/{rel}","templated":true}]}}