
{"id":16324,"date":"2022-06-08T22:22:43","date_gmt":"2022-06-08T22:22:43","guid":{"rendered":"https:\/\/brist-olive.hr\/haeufig-gestellte-fragen-olive-grove-tours\/"},"modified":"2025-05-19T09:18:05","modified_gmt":"2025-05-19T09:18:05","slug":"haeufig-gestellte-fragen-olive-grove-tours","status":"publish","type":"page","link":"https:\/\/brist-olive.hr\/de\/haeufig-gestellte-fragen-olive-grove-tours\/","title":{"rendered":"H\u00e4ufig gestellte Fragen &#8211; Olive Grove Tours"},"content":{"rendered":"\t\t<div data-elementor-type=\"wp-page\" data-elementor-id=\"16324\" class=\"elementor elementor-16324 elementor-11657\">\n\t\t\t\t\t\t\t\t\t<section class=\"elementor-section elementor-top-section elementor-element elementor-element-1a6718bf elementor-section-boxed elementor-section-height-default elementor-section-height-default\" data-id=\"1a6718bf\" data-element_type=\"section\">\n\t\t\t\t\t\t<div class=\"elementor-container elementor-column-gap-default\">\n\t\t\t\t\t<div class=\"elementor-column elementor-col-100 elementor-top-column elementor-element elementor-element-5ea643a8\" data-id=\"5ea643a8\" data-element_type=\"column\">\n\t\t\t<div class=\"elementor-widget-wrap elementor-element-populated\">\n\t\t\t\t\t\t\t\t<div class=\"elementor-element elementor-element-9c3b428 elementor-widget elementor-widget-spacer\" data-id=\"9c3b428\" data-element_type=\"widget\" data-widget_type=\"spacer.default\">\n\t\t\t\t<div class=\"elementor-widget-container\">\n\t\t\t<style>\/*! elementor - v3.12.1 - 02-04-2023 *\/\n.elementor-column .elementor-spacer-inner{height:var(--spacer-size)}.e-con{--container-widget-width:100%}.e-con-inner>.elementor-widget-spacer,.e-con>.elementor-widget-spacer{width:var(--container-widget-width,var(--spacer-size));--align-self:var(--container-widget-align-self,initial);--flex-shrink:0}.e-con-inner>.elementor-widget-spacer>.elementor-widget-container,.e-con-inner>.elementor-widget-spacer>.elementor-widget-container>.elementor-spacer,.e-con>.elementor-widget-spacer>.elementor-widget-container,.e-con>.elementor-widget-spacer>.elementor-widget-container>.elementor-spacer{height:100%}.e-con-inner>.elementor-widget-spacer>.elementor-widget-container>.elementor-spacer>.elementor-spacer-inner,.e-con>.elementor-widget-spacer>.elementor-widget-container>.elementor-spacer>.elementor-spacer-inner{height:var(--container-widget-height,var(--spacer-size))}<\/style>\t\t<div class=\"elementor-spacer\">\n\t\t\t<div class=\"elementor-spacer-inner\"><\/div>\n\t\t<\/div>\n\t\t\t\t<\/div>\n\t\t\t\t<\/div>\n\t\t\t\t<div class=\"elementor-element elementor-element-ecc90a4 elementor-widget elementor-widget-text-editor\" data-id=\"ecc90a4\" data-element_type=\"widget\" data-widget_type=\"text-editor.default\">\n\t\t\t\t<div class=\"elementor-widget-container\">\n\t\t\t<style>\/*! elementor - v3.12.1 - 02-04-2023 *\/\n.elementor-widget-text-editor.elementor-drop-cap-view-stacked .elementor-drop-cap{background-color:#69727d;color:#fff}.elementor-widget-text-editor.elementor-drop-cap-view-framed .elementor-drop-cap{color:#69727d;border:3px solid;background-color:transparent}.elementor-widget-text-editor:not(.elementor-drop-cap-view-default) .elementor-drop-cap{margin-top:8px}.elementor-widget-text-editor:not(.elementor-drop-cap-view-default) .elementor-drop-cap-letter{width:1em;height:1em}.elementor-widget-text-editor .elementor-drop-cap{float:left;text-align:center;line-height:1;font-size:50px}.elementor-widget-text-editor .elementor-drop-cap-letter{display:inline-block}<\/style>\t\t\t\t<h3 style=\"text-align: center;\"><span style=\"color: #000000;\"><strong>Hain-Touren <\/strong><strong>&#8211; H\u00e4ufig gestellte Frage<\/strong><\/span><\/h3>\n<p><span style=\"color: #000000;\"><b>KANN ICH MEINEN HUND MITBRINGEN?<\/b><\/span><\/p>\n<p><span style=\"color: #000000;\">Ja, das k\u00f6nnen Sie, Hunde lieben den Hain mit all seinen Ger\u00fcchen nach Wildtieren. Wir bitten darum, den Hund an der Leine zu f\u00fchren, da wir manchmal G\u00e4ste haben, die Angst vor Hunden haben.  <\/span><\/p>\n<p><span style=\"color: #000000;\"><strong>BRAUCHE ICH F\u00dcR DEN BESUCH DES OLIVENHAINS EIN AUTO?<\/strong><\/span><\/p>\n<p>Im Allgemeinen ja. Wichtig ist, dass Sie sich selbstst\u00e4ndig zum Treffpunkt, zum Ort der Tour und zur\u00fcck bewegen k\u00f6nnen.<\/p>\n<p>Der Grund, warum wir einen Treffpunkt f\u00fcr die Tour an einem anderen Ort haben, ist, dass alle G\u00e4ste uns leicht finden k\u00f6nnen. Von dort aus f\u00e4hrt jeder mit seinem eigenen Auto zum W\u00e4ldchen, das in der Natur liegt.<\/p>\n<p>Sie haben die M\u00f6glichkeit, mit einem Taxi\/einem Uber zu uns zu kommen. Achten Sie jedoch darauf, dass der Fahrer bei Ihnen am Treffpunkt bleibt, um Sie zum Hain zu bringen, so dass Sie mit demselben Fahrer auch wieder nach Hause fahren k\u00f6nnen, da er bereits dort war. Wichtig ist, dass Sie sich selbst\u00e4ndig fortbewegen k\u00f6nnen, wenn Sie uns mit einem Taxi oder einem Uber besuchen. Au\u00dferdem bitten wir Sie, daf\u00fcr zu sorgen, dass Ihr Fahrzeug p\u00fcnktlich am Treffpunkt eintrifft.<\/p>\n<div>\n<p>Eine zweite M\u00f6glichkeit, wenn Sie hier in Istrien ohne Auto sind, ist, dass Sie die M\u00f6glichkeit in Betracht ziehen, ein Auto f\u00fcr ein oder zwei Tage zu mieten und die Gelegenheit nutzen, um mehr von Istrien zu erkunden.  <\/p>\n<p>Wir hoffen sehr, dass Sie es zu diesem wunderbaren Erlebnis schaffen werden. \ud83d\ude42<\/p>\n<\/div>\n<p><span style=\"font-weight: bold; color: #000000;\">ICH BIN VEGETARIER\/VEGANER, GIBT ES LEBENSMITTEL F\u00dcR MICH?<\/span><\/p>\n<p><span style=\"color: #000000;\">Immer mehr unserer G\u00e4ste verzichten auf Fleisch und Milchprodukte, und wir freuen uns, dass wir ihre Ern\u00e4hrungsgewohnheiten unterst\u00fctzen k\u00f6nnen. Das Essen auf unseren Abendtouren basiert haupts\u00e4chlich auf Pflanzen, umfasst aber auch lokale K\u00e4se- und Wurstwaren. Sollten Sie kein Fleisch oder Milchprodukte w\u00fcnschen, geben Sie dies bitte bei der Buchung in den Anmerkungen an.<\/span><\/p>\n<p><span style=\"color: #000000;\"><strong>ICH HABE EINIGE LEBENSMITTELALLERGIEN, WAS SOLL ICH TUN?<\/strong><\/span><\/p>\n<p><span style=\"color: #000000;\">Im Laufe der Jahre haben wir viele G\u00e4ste, die Z\u00f6liakie oder andere Lebensmittelunvertr\u00e4glichkeiten haben. Bitte teilen Sie uns dies im Abschnitt &#8222;Anmerkungen&#8220; bei der Buchung mit, und wir werden unser Bestes tun, um dies zu erm\u00f6glichen. Unsere Mahlzeiten sind saisonal und die Zutaten \u00e4ndern sich. Bitte vergewissern Sie sich daher auch am Abend der Tour, dass Ihre Mahlzeit Ihren W\u00fcnschen entspricht.<\/span><\/p>\n<p><span style=\"font-weight: 600; color: #000000;\">ICH BIN SCHWANGER, KANN ICH ALLES ESSEN?<\/span><\/p>\n<p><span style=\"color: #000000;\">Im Allgemeinen ja, denn alle unsere Lebensmittel stammen aus der Region und von renommierten Erzeugern. In unserem allgemeinen Angebot gibt es keine Lebensmittel, die ein Risiko f\u00fcr Ihre Schwangerschaft darstellen k\u00f6nnten, aber bitte geben Sie diese Information bei der Buchung in den &#8222;Anmerkungen&#8220; an und \u00fcberpr\u00fcfen Sie sie am Abend noch einmal mit uns.<\/span><\/p>\n<p><span style=\"color: #000000;\"><strong>MEINE ELTERN SIND \u00c4LTER UND HABEN SCHWIERIGKEITEN BEIM GEHEN. IST DIESE TOUR F\u00dcR SIE GEEIGNET?<\/strong><\/span><\/p>\n<p><span style=\"color: #000000;\">Das ist f\u00fcr uns schwer zu sagen, da wir nicht wissen, wie gro\u00df die Schwierigkeiten sind, die sie haben. Was wir sagen k\u00f6nnen, ist, dass die L\u00e4nge der Wanderung ungef\u00e4hr 1,5 km betr\u00e4gt, die wir in 1 Stunde zur\u00fccklegen. Dies geschieht jedoch in der Regel teils im Stehen, teils im Gehen in einem leichten, aber angemessenen Tempo. Auch das Gel\u00e4nde kann unwegsam sein, da es sich um eine Farm handelt. Wir tun unser Bestes, um uns an die F\u00e4higkeiten unserer G\u00e4ste anzupassen, aber wir empfehlen die Tour im Allgemeinen nicht f\u00fcr Personen mit eingeschr\u00e4nkter Mobilit\u00e4t.<\/span><\/p>\n<p><span style=\"color: #000000;\"><strong>IST DIE TOUR F\u00dcR ROLLSTUHLFAHRER ZUG\u00c4NGLICH?<\/strong><\/span><\/p>\n<p><span style=\"color: #000000;\">So sehr unser Laden und unsere Villa f\u00fcr Rollstuhlfahrer geeignet sind, das Gel\u00e4nde auf der Farmtour ist es im Allgemeinen nicht. Brist hat eine lange Tradition in der Unterst\u00fctzung von NROs (Nichtregierungsorganisationen) mit besonderen Bed\u00fcrfnissen, aber das Gel\u00e4nde auf der Tour macht dies sehr schwierig. Sie k\u00f6nnen sich gerne an uns wenden, um Ihre spezifischen Bed\u00fcrfnisse zu besprechen.<\/span><\/p>\n<p><span style=\"color: #000000;\"><strong>WAS IST, WENN WIR SCHLECHTES WETTER HABEN?<\/strong><\/span><\/p>\n<p><span style=\"color: #000000;\">Unsere Touren finden unter freiem Himmel statt, und das ist es, was sie so besonders macht. Wenn wir aufgrund unserer Erfahrung davon ausgehen, dass die Tour durch Regen so stark beeintr\u00e4chtigt wird, dass das Erlebnis nicht von h\u00f6chster Qualit\u00e4t sein wird, werden wir die Tour absagen und uns bem\u00fchen, Ihnen ein alternatives Datum \/ eine alternative Zeit anzubieten.<\/span><\/p>\n<p><span style=\"color: #000000;\"><strong>IST DIESE TOUR F\u00dcR JUGENDLICHE \/ KINDER \/ KLEINKINDER \/ BABYS GEEIGNET?<\/strong><\/span><\/p>\n<p><span style=\"color: #000000;\">Ehrlich gesagt, in jeder Hinsicht: Ja. Wir hatten G\u00e4ste im Alter von wenigen Wochen bis hin zu 90-J\u00e4hrigen. Wir sind eine Familie mit all diesen Altersgruppen und wir freuen uns, alle bei uns zu haben. Wir haben auch viel Erfahrung mit Kindern &#8211; mit unseren eigenen und mit der Arbeit mit Kindern, sodass wir wirklich sehr anpassungsf\u00e4hig und integrativ sind &#8211; wir m\u00f6chten, dass die Kinder auch eine tolle Zeit haben, also beziehen wir sie sehr stark in die Tour ein.<\/span><\/p>\n<p><span style=\"color: #000000;\">Kontakt: <span style=\"font-family: var( --e-global-typography-text-font-family ), Sans-serif; font-weight: var( --e-global-typography-text-font-weight );\">paul@brist-olive.hr \/ <\/span><span style=\"font-family: var( --e-global-typography-text-font-family ), Sans-serif; font-weight: var( --e-global-typography-text-font-weight );\">+385 (0)95 562 4111<\/span><\/span><\/p>\n<p><span style=\"color: #000000;\">Web: www.brist-olive.hr<\/span><\/p>\n\t\t\t\t\t\t<\/div>\n\t\t\t\t<\/div>\n\t\t\t\t<div class=\"elementor-element elementor-element-e0bade9 elementor-widget elementor-widget-spacer\" data-id=\"e0bade9\" data-element_type=\"widget\" data-widget_type=\"spacer.default\">\n\t\t\t\t<div class=\"elementor-widget-container\">\n\t\t\t\t\t<div class=\"elementor-spacer\">\n\t\t\t<div class=\"elementor-spacer-inner\"><\/div>\n\t\t<\/div>\n\t\t\t\t<\/div>\n\t\t\t\t<\/div>\n\t\t\t\t\t<\/div>\n\t\t<\/div>\n\t\t\t\t\t\t\t<\/div>\n\t\t<\/section>\n\t\t\t\t\t\t\t<\/div>\n\t\t","protected":false},"excerpt":{"rendered":"<p>Hain-Touren &#8211; H\u00e4ufig gestellte Frage KANN ICH MEINEN HUND MITBRINGEN? Ja, das k\u00f6nnen Sie, Hunde lieben den Hain mit all seinen Ger\u00fcchen nach Wildtieren. Wir bitten darum, den Hund an der Leine zu f\u00fchren, da wir manchmal G\u00e4ste haben, die Angst vor Hunden haben. BRAUCHE ICH F\u00dcR DEN BESUCH DES OLIVENHAINS EIN AUTO? Im Allgemeinen [&hellip;]<\/p>\n","protected":false},"author":2,"featured_media":0,"parent":0,"menu_order":0,"comment_status":"closed","ping_status":"closed","template":"elementor_header_footer","meta":[],"yoast_head":"<!-- This site is optimized with the Yoast SEO Premium plugin v16.9 (Yoast SEO v16.9) - https:\/\/yoast.com\/wordpress\/plugins\/seo\/ -->\n<title>H\u00e4ufig gestellte Fragen - Olive Grove Tours | Brist Olive Oil<\/title>\n<meta name=\"robots\" content=\"index, follow, max-snippet:-1, max-image-preview:large, max-video-preview:-1\" \/>\n<link rel=\"canonical\" href=\"https:\/\/brist-olive.hr\/de\/haeufig-gestellte-fragen-olive-grove-tours\/\" \/>\n<meta property=\"og:locale\" content=\"de_DE\" \/>\n<meta property=\"og:type\" content=\"article\" \/>\n<meta property=\"og:title\" content=\"H\u00e4ufig gestellte Fragen - Olive Grove Tours\" \/>\n<meta property=\"og:description\" content=\"Hain-Touren &#8211; H\u00e4ufig gestellte Frage KANN ICH MEINEN HUND MITBRINGEN? Ja, das k\u00f6nnen Sie, Hunde lieben den Hain mit all seinen Ger\u00fcchen nach Wildtieren. Wir bitten darum, den Hund an der Leine zu f\u00fchren, da wir manchmal G\u00e4ste haben, die Angst vor Hunden haben. BRAUCHE ICH F\u00dcR DEN BESUCH DES OLIVENHAINS EIN AUTO? Im Allgemeinen [&hellip;]\" \/>\n<meta property=\"og:url\" content=\"https:\/\/brist-olive.hr\/de\/haeufig-gestellte-fragen-olive-grove-tours\/\" \/>\n<meta property=\"og:site_name\" content=\"Brist Olive Oil\" \/>\n<meta property=\"article:publisher\" content=\"https:\/\/www.facebook.com\/BRIST-Olive-extra-virgin-olive-oil-194775207214904\" \/>\n<meta property=\"article:modified_time\" content=\"2025-05-19T09:18:05+00:00\" \/>\n<meta name=\"twitter:card\" content=\"summary_large_image\" \/>\n<meta name=\"twitter:label1\" content=\"Gesch\u00e4tzte Lesezeit\" \/>\n\t<meta name=\"twitter:data1\" content=\"4\u00a0Minuten\" \/>\n<script type=\"application\/ld+json\" class=\"yoast-schema-graph\">{\"@context\":\"https:\/\/schema.org\",\"@graph\":[{\"@type\":\"Organization\",\"@id\":\"https:\/\/brist-olive.hr\/#organization\",\"name\":\"Brist Olive\",\"url\":\"https:\/\/brist-olive.hr\/\",\"sameAs\":[\"https:\/\/www.facebook.com\/BRIST-Olive-extra-virgin-olive-oil-194775207214904\",\"https:\/\/www.instagram.com\/brist.olive\/\"],\"logo\":{\"@type\":\"ImageObject\",\"@id\":\"https:\/\/brist-olive.hr\/#logo\",\"inLanguage\":\"de\",\"url\":\"https:\/\/brist-olive.hr\/wp-content\/uploads\/2022\/03\/brist_logo.png\",\"contentUrl\":\"https:\/\/brist-olive.hr\/wp-content\/uploads\/2022\/03\/brist_logo.png\",\"width\":344,\"height\":214,\"caption\":\"Brist Olive\"},\"image\":{\"@id\":\"https:\/\/brist-olive.hr\/#logo\"}},{\"@type\":\"WebSite\",\"@id\":\"https:\/\/brist-olive.hr\/#website\",\"url\":\"https:\/\/brist-olive.hr\/\",\"name\":\"Brist Olive Oil\",\"description\":\"Brist Olive Oil\",\"publisher\":{\"@id\":\"https:\/\/brist-olive.hr\/#organization\"},\"potentialAction\":[{\"@type\":\"SearchAction\",\"target\":{\"@type\":\"EntryPoint\",\"urlTemplate\":\"https:\/\/brist-olive.hr\/?s={search_term_string}\"},\"query-input\":\"required name=search_term_string\"}],\"inLanguage\":\"de\"},{\"@type\":\"WebPage\",\"@id\":\"https:\/\/brist-olive.hr\/de\/haeufig-gestellte-fragen-olive-grove-tours\/#webpage\",\"url\":\"https:\/\/brist-olive.hr\/de\/haeufig-gestellte-fragen-olive-grove-tours\/\",\"name\":\"H\\u00e4ufig gestellte Fragen - Olive Grove Tours | Brist Olive Oil\",\"isPartOf\":{\"@id\":\"https:\/\/brist-olive.hr\/#website\"},\"datePublished\":\"2022-06-08T22:22:43+00:00\",\"dateModified\":\"2025-05-19T09:18:05+00:00\",\"breadcrumb\":{\"@id\":\"https:\/\/brist-olive.hr\/de\/haeufig-gestellte-fragen-olive-grove-tours\/#breadcrumb\"},\"inLanguage\":\"de\",\"potentialAction\":[{\"@type\":\"ReadAction\",\"target\":[\"https:\/\/brist-olive.hr\/de\/haeufig-gestellte-fragen-olive-grove-tours\/\"]}]},{\"@type\":\"BreadcrumbList\",\"@id\":\"https:\/\/brist-olive.hr\/de\/haeufig-gestellte-fragen-olive-grove-tours\/#breadcrumb\",\"itemListElement\":[{\"@type\":\"ListItem\",\"position\":1,\"name\":\"Home\",\"item\":\"https:\/\/brist-olive.hr\/de\/brist-olivenoel\/\"},{\"@type\":\"ListItem\",\"position\":2,\"name\":\"H\\u00e4ufig gestellte Fragen &#8211; Olive Grove Tours\"}]}]}<\/script>\n<!-- \/ Yoast SEO Premium plugin. -->","yoast_head_json":{"title":"H\u00e4ufig gestellte Fragen - Olive Grove Tours | Brist Olive Oil","robots":{"index":"index","follow":"follow","max-snippet":"max-snippet:-1","max-image-preview":"max-image-preview:large","max-video-preview":"max-video-preview:-1"},"canonical":"https:\/\/brist-olive.hr\/de\/haeufig-gestellte-fragen-olive-grove-tours\/","og_locale":"de_DE","og_type":"article","og_title":"H\u00e4ufig gestellte Fragen - Olive Grove Tours","og_description":"Hain-Touren &#8211; H\u00e4ufig gestellte Frage KANN ICH MEINEN HUND MITBRINGEN? Ja, das k\u00f6nnen Sie, Hunde lieben den Hain mit all seinen Ger\u00fcchen nach Wildtieren. Wir bitten darum, den Hund an der Leine zu f\u00fchren, da wir manchmal G\u00e4ste haben, die Angst vor Hunden haben. BRAUCHE ICH F\u00dcR DEN BESUCH DES OLIVENHAINS EIN AUTO? Im Allgemeinen [&hellip;]","og_url":"https:\/\/brist-olive.hr\/de\/haeufig-gestellte-fragen-olive-grove-tours\/","og_site_name":"Brist Olive Oil","article_publisher":"https:\/\/www.facebook.com\/BRIST-Olive-extra-virgin-olive-oil-194775207214904","article_modified_time":"2025-05-19T09:18:05+00:00","twitter_card":"summary_large_image","twitter_misc":{"Gesch\u00e4tzte Lesezeit":"4\u00a0Minuten"},"schema":{"@context":"https:\/\/schema.org","@graph":[{"@type":"Organization","@id":"https:\/\/brist-olive.hr\/#organization","name":"Brist Olive","url":"https:\/\/brist-olive.hr\/","sameAs":["https:\/\/www.facebook.com\/BRIST-Olive-extra-virgin-olive-oil-194775207214904","https:\/\/www.instagram.com\/brist.olive\/"],"logo":{"@type":"ImageObject","@id":"https:\/\/brist-olive.hr\/#logo","inLanguage":"de","url":"https:\/\/brist-olive.hr\/wp-content\/uploads\/2022\/03\/brist_logo.png","contentUrl":"https:\/\/brist-olive.hr\/wp-content\/uploads\/2022\/03\/brist_logo.png","width":344,"height":214,"caption":"Brist Olive"},"image":{"@id":"https:\/\/brist-olive.hr\/#logo"}},{"@type":"WebSite","@id":"https:\/\/brist-olive.hr\/#website","url":"https:\/\/brist-olive.hr\/","name":"Brist Olive Oil","description":"Brist Olive Oil","publisher":{"@id":"https:\/\/brist-olive.hr\/#organization"},"potentialAction":[{"@type":"SearchAction","target":{"@type":"EntryPoint","urlTemplate":"https:\/\/brist-olive.hr\/?s={search_term_string}"},"query-input":"required name=search_term_string"}],"inLanguage":"de"},{"@type":"WebPage","@id":"https:\/\/brist-olive.hr\/de\/haeufig-gestellte-fragen-olive-grove-tours\/#webpage","url":"https:\/\/brist-olive.hr\/de\/haeufig-gestellte-fragen-olive-grove-tours\/","name":"H\u00e4ufig gestellte Fragen - Olive Grove Tours | Brist Olive Oil","isPartOf":{"@id":"https:\/\/brist-olive.hr\/#website"},"datePublished":"2022-06-08T22:22:43+00:00","dateModified":"2025-05-19T09:18:05+00:00","breadcrumb":{"@id":"https:\/\/brist-olive.hr\/de\/haeufig-gestellte-fragen-olive-grove-tours\/#breadcrumb"},"inLanguage":"de","potentialAction":[{"@type":"ReadAction","target":["https:\/\/brist-olive.hr\/de\/haeufig-gestellte-fragen-olive-grove-tours\/"]}]},{"@type":"BreadcrumbList","@id":"https:\/\/brist-olive.hr\/de\/haeufig-gestellte-fragen-olive-grove-tours\/#breadcrumb","itemListElement":[{"@type":"ListItem","position":1,"name":"Home","item":"https:\/\/brist-olive.hr\/de\/brist-olivenoel\/"},{"@type":"ListItem","position":2,"name":"H\u00e4ufig gestellte Fragen &#8211; Olive Grove Tours"}]}]}},"acf":[],"_links":{"self":[{"href":"https:\/\/brist-olive.hr\/de\/wp-json\/wp\/v2\/pages\/16324"}],"collection":[{"href":"https:\/\/brist-olive.hr\/de\/wp-json\/wp\/v2\/pages"}],"about":[{"href":"https:\/\/brist-olive.hr\/de\/wp-json\/wp\/v2\/types\/page"}],"author":[{"embeddable":true,"href":"https:\/\/brist-olive.hr\/de\/wp-json\/wp\/v2\/users\/2"}],"replies":[{"embeddable":true,"href":"https:\/\/brist-olive.hr\/de\/wp-json\/wp\/v2\/comments?post=16324"}],"version-history":[{"count":4,"href":"https:\/\/brist-olive.hr\/de\/wp-json\/wp\/v2\/pages\/16324\/revisions"}],"predecessor-version":[{"id":19780,"href":"https:\/\/brist-olive.hr\/de\/wp-json\/wp\/v2\/pages\/16324\/revisions\/19780"}],"wp:attachment":[{"href":"https:\/\/brist-olive.hr\/de\/wp-json\/wp\/v2\/media?parent=16324"}],"curies":[{"name":"wp","href":"https:\/\/api.w.org\/{rel}","templated":true}]}}