
{"id":16566,"date":"2020-10-29T21:25:51","date_gmt":"2020-10-29T21:25:51","guid":{"rendered":"https:\/\/brist-olive.hr\/product\/brist-massageoel-01l\/"},"modified":"2026-01-03T12:13:27","modified_gmt":"2026-01-03T12:13:27","slug":"massage-ol","status":"publish","type":"product","link":"https:\/\/brist-olive.hr\/de\/product\/massage-ol\/","title":{"rendered":"Brist &#8211; Mazerat aus Johanniskraut 0,1L + Geschenktube (Massage\u00f6l) 0,1L"},"content":{"rendered":"","protected":false},"excerpt":{"rendered":"<div class=\"prodsubtitle\">\n<p>F\u00fcr die regenerative Hautpflege.<\/p>\n<p><strong>Inhalt:<\/strong><\/p>\n<p>Mazerat aus Johanniskraut (Hypericum perforatum), nativem Oliven\u00f6l extra, angereichert mit \u00e4therischem Lavendel\u00f6l (Lavandula) aus \u00f6kologischem Anbau.<\/p>\n<p><strong>Entimologie der Pflanzen<\/strong><\/p>\n<p>Das Johanniskraut ist eine Pflanze mit gelben Bl\u00fcten, die in der traditionellen europ\u00e4ischen Medizin bereits von den alten Griechen verwendet wurde. Die topische (auf die Haut aufgetragene) Anwendung von Johanniskraut wird bei verschiedenen Hautkrankheiten, einschlie\u00dflich Wunden, Bluterg\u00fcssen und Muskelschmerzen empfohlen.<\/p>\n<p><strong>Mythologie<\/strong><\/p>\n<p>Der Name des Johanniskrauts bezieht sich offenbar auf Johannes den T\u00e4ufer, denn die Pflanze bl\u00fcht um die Zeit des Johannesfestes Ende Juni.<\/p>\n<p><strong>Ratschl\u00e4ge<\/strong>:<\/p>\n<p>Nur zur \u00e4u\u00dferen Anwendung. Vermeiden Sie es, die Haut nach der Anwendung dem Sonnenlicht auszusetzen.<\/p>\n<p><strong>Ernten<\/strong>:<\/p>\n<p>Immer von der letzten Brist-Ernte.<\/p>\n<p>&nbsp;<\/p>\n<\/div>\n","protected":false},"featured_media":14174,"comment_status":"closed","ping_status":"closed","template":"","meta":[],"product_cat":[141,139],"product_tag":[],"yoast_head":"<!-- This site is optimized with the Yoast SEO Premium plugin v16.9 (Yoast SEO v16.9) - https:\/\/yoast.com\/wordpress\/plugins\/seo\/ -->\n<title>Brist - Mazerat aus Johanniskraut 0,1L + Geschenktube (Massage\u00f6l) 0,1L | Brist Olive Oil<\/title>\n<meta name=\"robots\" content=\"index, follow, max-snippet:-1, max-image-preview:large, max-video-preview:-1\" \/>\n<link rel=\"canonical\" href=\"https:\/\/brist-olive.hr\/de\/product\/massage-ol\/\" \/>\n<meta property=\"og:locale\" content=\"de_DE\" \/>\n<meta property=\"og:type\" content=\"article\" \/>\n<meta property=\"og:title\" content=\"Brist - Mazerat aus Johanniskraut 0,1L + Geschenktube (Massage\u00f6l) 0,1L\" \/>\n<meta property=\"og:description\" content=\"F\u00fcr die regenerative Hautpflege. Inhalt: Mazerat aus Johanniskraut (Hypericum perforatum), nativem Oliven\u00f6l extra, angereichert mit \u00e4therischem Lavendel\u00f6l (Lavandula) aus \u00f6kologischem Anbau. Entimologie der Pflanzen Das Johanniskraut ist eine Pflanze mit gelben Bl\u00fcten, die in der traditionellen europ\u00e4ischen Medizin bereits von den alten Griechen verwendet wurde. Die topische (auf die Haut aufgetragene) Anwendung von Johanniskraut wird bei verschiedenen Hautkrankheiten, einschlie\u00dflich Wunden, Bluterg\u00fcssen und Muskelschmerzen empfohlen. Mythologie Der Name des Johanniskrauts bezieht sich offenbar auf Johannes den T\u00e4ufer, denn die Pflanze bl\u00fcht um die Zeit des Johannesfestes Ende Juni. Ratschl\u00e4ge: Nur zur \u00e4u\u00dferen Anwendung. Vermeiden Sie es, die Haut nach der Anwendung dem Sonnenlicht auszusetzen. Ernten: Immer von der letzten Brist-Ernte. &nbsp;\" \/>\n<meta property=\"og:url\" content=\"https:\/\/brist-olive.hr\/de\/product\/massage-ol\/\" \/>\n<meta property=\"og:site_name\" content=\"Brist Olive Oil\" \/>\n<meta property=\"article:publisher\" content=\"https:\/\/www.facebook.com\/BRIST-Olive-extra-virgin-olive-oil-194775207214904\" \/>\n<meta property=\"article:modified_time\" content=\"2026-01-03T12:13:27+00:00\" \/>\n<meta property=\"og:image\" content=\"https:\/\/brist-olive.hr\/wp-content\/uploads\/2022\/03\/Masage-oil-Kantarion-with-shadow.jpg\" \/>\n\t<meta property=\"og:image:width\" content=\"1000\" \/>\n\t<meta property=\"og:image:height\" content=\"1000\" \/>\n<meta name=\"twitter:card\" content=\"summary_large_image\" \/>\n<script type=\"application\/ld+json\" class=\"yoast-schema-graph\">{\"@context\":\"https:\/\/schema.org\",\"@graph\":[{\"@type\":\"Organization\",\"@id\":\"https:\/\/brist-olive.hr\/#organization\",\"name\":\"Brist Olive\",\"url\":\"https:\/\/brist-olive.hr\/\",\"sameAs\":[\"https:\/\/www.facebook.com\/BRIST-Olive-extra-virgin-olive-oil-194775207214904\",\"https:\/\/www.instagram.com\/brist.olive\/\"],\"logo\":{\"@type\":\"ImageObject\",\"@id\":\"https:\/\/brist-olive.hr\/#logo\",\"inLanguage\":\"de\",\"url\":\"https:\/\/brist-olive.hr\/wp-content\/uploads\/2022\/03\/brist_logo.png\",\"contentUrl\":\"https:\/\/brist-olive.hr\/wp-content\/uploads\/2022\/03\/brist_logo.png\",\"width\":344,\"height\":214,\"caption\":\"Brist Olive\"},\"image\":{\"@id\":\"https:\/\/brist-olive.hr\/#logo\"}},{\"@type\":\"WebSite\",\"@id\":\"https:\/\/brist-olive.hr\/#website\",\"url\":\"https:\/\/brist-olive.hr\/\",\"name\":\"Brist Olive Oil\",\"description\":\"Brist Olive Oil\",\"publisher\":{\"@id\":\"https:\/\/brist-olive.hr\/#organization\"},\"potentialAction\":[{\"@type\":\"SearchAction\",\"target\":{\"@type\":\"EntryPoint\",\"urlTemplate\":\"https:\/\/brist-olive.hr\/?s={search_term_string}\"},\"query-input\":\"required name=search_term_string\"}],\"inLanguage\":\"de\"},{\"@type\":\"ImageObject\",\"@id\":\"https:\/\/brist-olive.hr\/de\/product\/massage-ol\/#primaryimage\",\"inLanguage\":\"de\",\"url\":\"https:\/\/brist-olive.hr\/wp-content\/uploads\/2022\/03\/Masage-oil-Kantarion-with-shadow.jpg\",\"contentUrl\":\"https:\/\/brist-olive.hr\/wp-content\/uploads\/2022\/03\/Masage-oil-Kantarion-with-shadow.jpg\",\"width\":1000,\"height\":1000},{\"@type\":\"WebPage\",\"@id\":\"https:\/\/brist-olive.hr\/de\/product\/massage-ol\/#webpage\",\"url\":\"https:\/\/brist-olive.hr\/de\/product\/massage-ol\/\",\"name\":\"Brist - Mazerat aus Johanniskraut 0,1L + Geschenktube (Massage\\u00f6l) 0,1L | Brist Olive Oil\",\"isPartOf\":{\"@id\":\"https:\/\/brist-olive.hr\/#website\"},\"primaryImageOfPage\":{\"@id\":\"https:\/\/brist-olive.hr\/de\/product\/massage-ol\/#primaryimage\"},\"datePublished\":\"2020-10-29T21:25:51+00:00\",\"dateModified\":\"2026-01-03T12:13:27+00:00\",\"breadcrumb\":{\"@id\":\"https:\/\/brist-olive.hr\/de\/product\/massage-ol\/#breadcrumb\"},\"inLanguage\":\"de\",\"potentialAction\":[{\"@type\":\"ReadAction\",\"target\":[\"https:\/\/brist-olive.hr\/de\/product\/massage-ol\/\"]}]},{\"@type\":\"BreadcrumbList\",\"@id\":\"https:\/\/brist-olive.hr\/de\/product\/massage-ol\/#breadcrumb\",\"itemListElement\":[{\"@type\":\"ListItem\",\"position\":1,\"name\":\"Home\",\"item\":\"https:\/\/brist-olive.hr\/de\/brist-olivenoel\/\"},{\"@type\":\"ListItem\",\"position\":2,\"name\":\"Webshop\",\"item\":\"https:\/\/brist-olive.hr\/de\/webshop\/\"},{\"@type\":\"ListItem\",\"position\":3,\"name\":\"Brist &#8211; Mazerat aus Johanniskraut 0,1L + Geschenktube (Massage\\u00f6l) 0,1L\"}]}]}<\/script>\n<!-- \/ Yoast SEO Premium plugin. -->","yoast_head_json":{"title":"Brist - Mazerat aus Johanniskraut 0,1L + Geschenktube (Massage\u00f6l) 0,1L | Brist Olive Oil","robots":{"index":"index","follow":"follow","max-snippet":"max-snippet:-1","max-image-preview":"max-image-preview:large","max-video-preview":"max-video-preview:-1"},"canonical":"https:\/\/brist-olive.hr\/de\/product\/massage-ol\/","og_locale":"de_DE","og_type":"article","og_title":"Brist - Mazerat aus Johanniskraut 0,1L + Geschenktube (Massage\u00f6l) 0,1L","og_description":"F\u00fcr die regenerative Hautpflege. Inhalt: Mazerat aus Johanniskraut (Hypericum perforatum), nativem Oliven\u00f6l extra, angereichert mit \u00e4therischem Lavendel\u00f6l (Lavandula) aus \u00f6kologischem Anbau. Entimologie der Pflanzen Das Johanniskraut ist eine Pflanze mit gelben Bl\u00fcten, die in der traditionellen europ\u00e4ischen Medizin bereits von den alten Griechen verwendet wurde. Die topische (auf die Haut aufgetragene) Anwendung von Johanniskraut wird bei verschiedenen Hautkrankheiten, einschlie\u00dflich Wunden, Bluterg\u00fcssen und Muskelschmerzen empfohlen. Mythologie Der Name des Johanniskrauts bezieht sich offenbar auf Johannes den T\u00e4ufer, denn die Pflanze bl\u00fcht um die Zeit des Johannesfestes Ende Juni. Ratschl\u00e4ge: Nur zur \u00e4u\u00dferen Anwendung. Vermeiden Sie es, die Haut nach der Anwendung dem Sonnenlicht auszusetzen. Ernten: Immer von der letzten Brist-Ernte. &nbsp;","og_url":"https:\/\/brist-olive.hr\/de\/product\/massage-ol\/","og_site_name":"Brist Olive Oil","article_publisher":"https:\/\/www.facebook.com\/BRIST-Olive-extra-virgin-olive-oil-194775207214904","article_modified_time":"2026-01-03T12:13:27+00:00","og_image":[{"width":1000,"height":1000,"url":"https:\/\/brist-olive.hr\/wp-content\/uploads\/2022\/03\/Masage-oil-Kantarion-with-shadow.jpg","path":"\/usr\/local\/lsws\/hosting\/brist\/html\/wordpress\/wp-content\/uploads\/2022\/03\/Masage-oil-Kantarion-with-shadow.jpg","size":"full","id":14174,"alt":"","pixels":1000000,"type":"image\/jpeg"}],"twitter_card":"summary_large_image","schema":{"@context":"https:\/\/schema.org","@graph":[{"@type":"Organization","@id":"https:\/\/brist-olive.hr\/#organization","name":"Brist Olive","url":"https:\/\/brist-olive.hr\/","sameAs":["https:\/\/www.facebook.com\/BRIST-Olive-extra-virgin-olive-oil-194775207214904","https:\/\/www.instagram.com\/brist.olive\/"],"logo":{"@type":"ImageObject","@id":"https:\/\/brist-olive.hr\/#logo","inLanguage":"de","url":"https:\/\/brist-olive.hr\/wp-content\/uploads\/2022\/03\/brist_logo.png","contentUrl":"https:\/\/brist-olive.hr\/wp-content\/uploads\/2022\/03\/brist_logo.png","width":344,"height":214,"caption":"Brist Olive"},"image":{"@id":"https:\/\/brist-olive.hr\/#logo"}},{"@type":"WebSite","@id":"https:\/\/brist-olive.hr\/#website","url":"https:\/\/brist-olive.hr\/","name":"Brist Olive Oil","description":"Brist Olive Oil","publisher":{"@id":"https:\/\/brist-olive.hr\/#organization"},"potentialAction":[{"@type":"SearchAction","target":{"@type":"EntryPoint","urlTemplate":"https:\/\/brist-olive.hr\/?s={search_term_string}"},"query-input":"required name=search_term_string"}],"inLanguage":"de"},{"@type":"ImageObject","@id":"https:\/\/brist-olive.hr\/de\/product\/massage-ol\/#primaryimage","inLanguage":"de","url":"https:\/\/brist-olive.hr\/wp-content\/uploads\/2022\/03\/Masage-oil-Kantarion-with-shadow.jpg","contentUrl":"https:\/\/brist-olive.hr\/wp-content\/uploads\/2022\/03\/Masage-oil-Kantarion-with-shadow.jpg","width":1000,"height":1000},{"@type":"WebPage","@id":"https:\/\/brist-olive.hr\/de\/product\/massage-ol\/#webpage","url":"https:\/\/brist-olive.hr\/de\/product\/massage-ol\/","name":"Brist - Mazerat aus Johanniskraut 0,1L + Geschenktube (Massage\u00f6l) 0,1L | Brist Olive Oil","isPartOf":{"@id":"https:\/\/brist-olive.hr\/#website"},"primaryImageOfPage":{"@id":"https:\/\/brist-olive.hr\/de\/product\/massage-ol\/#primaryimage"},"datePublished":"2020-10-29T21:25:51+00:00","dateModified":"2026-01-03T12:13:27+00:00","breadcrumb":{"@id":"https:\/\/brist-olive.hr\/de\/product\/massage-ol\/#breadcrumb"},"inLanguage":"de","potentialAction":[{"@type":"ReadAction","target":["https:\/\/brist-olive.hr\/de\/product\/massage-ol\/"]}]},{"@type":"BreadcrumbList","@id":"https:\/\/brist-olive.hr\/de\/product\/massage-ol\/#breadcrumb","itemListElement":[{"@type":"ListItem","position":1,"name":"Home","item":"https:\/\/brist-olive.hr\/de\/brist-olivenoel\/"},{"@type":"ListItem","position":2,"name":"Webshop","item":"https:\/\/brist-olive.hr\/de\/webshop\/"},{"@type":"ListItem","position":3,"name":"Brist &#8211; Mazerat aus Johanniskraut 0,1L + Geschenktube (Massage\u00f6l) 0,1L"}]}]}},"acf":[],"_links":{"self":[{"href":"https:\/\/brist-olive.hr\/de\/wp-json\/wp\/v2\/product\/16566"}],"collection":[{"href":"https:\/\/brist-olive.hr\/de\/wp-json\/wp\/v2\/product"}],"about":[{"href":"https:\/\/brist-olive.hr\/de\/wp-json\/wp\/v2\/types\/product"}],"replies":[{"embeddable":true,"href":"https:\/\/brist-olive.hr\/de\/wp-json\/wp\/v2\/comments?post=16566"}],"version-history":[{"count":2,"href":"https:\/\/brist-olive.hr\/de\/wp-json\/wp\/v2\/product\/16566\/revisions"}],"predecessor-version":[{"id":20814,"href":"https:\/\/brist-olive.hr\/de\/wp-json\/wp\/v2\/product\/16566\/revisions\/20814"}],"wp:featuredmedia":[{"embeddable":true,"href":"https:\/\/brist-olive.hr\/de\/wp-json\/wp\/v2\/media\/14174"}],"wp:attachment":[{"href":"https:\/\/brist-olive.hr\/de\/wp-json\/wp\/v2\/media?parent=16566"}],"wp:term":[{"taxonomy":"product_cat","embeddable":true,"href":"https:\/\/brist-olive.hr\/de\/wp-json\/wp\/v2\/product_cat?post=16566"},{"taxonomy":"product_tag","embeddable":true,"href":"https:\/\/brist-olive.hr\/de\/wp-json\/wp\/v2\/product_tag?post=16566"}],"curies":[{"name":"wp","href":"https:\/\/api.w.org\/{rel}","templated":true}]}}