
{"id":16567,"date":"2020-10-29T18:09:03","date_gmt":"2020-10-29T18:09:03","guid":{"rendered":"https:\/\/brist-olive.hr\/product\/natuerliche-geschenk-tube-05l\/"},"modified":"2025-05-06T16:46:33","modified_gmt":"2025-05-06T16:46:33","slug":"geschenk-tube-naturlich","status":"publish","type":"product","link":"https:\/\/brist-olive.hr\/de\/product\/geschenk-tube-naturlich\/","title":{"rendered":"Nat\u00fcrliche Geschenk-Tube (0,5L)"},"content":{"rendered":"<p>&nbsp;<\/p>\n<p>&nbsp;<\/p>\n","protected":false},"excerpt":{"rendered":"<h4>Verpackung:<\/h4>\n<p>Diese Tube ist f\u00fcr jede 0,5L Brist-Flasche geeignet.<\/p>\n<h4>Design:<\/h4>\n<p>Inspiriert von irischen Whiskey-Tuben mit einem luftdichten, wiederverschlie\u00dfbaren Deckel und einem leicht zu tragenden Seilgriff, basiert das Design auf dem nat\u00fcrlichen und eleganten Blatt- und Olivenmotiv von Brist.<\/p>\n<h4>Bitte beachten:<\/h4>\n<p>Dieses Produkt ist eine Verpackung und enth\u00e4lt kein Oliven\u00f6l.<\/p>\n","protected":false},"featured_media":14172,"comment_status":"closed","ping_status":"closed","template":"","meta":[],"product_brand":[],"product_cat":[141],"product_tag":[],"class_list":{"0":"post-16567","1":"product","2":"type-product","3":"status-publish","4":"has-post-thumbnail","6":"product_cat-geschenk-ideen","8":"first","9":"instock","10":"taxable","11":"shipping-taxable","12":"purchasable","13":"product-type-simple"},"group_of_quantity":0,"min_quantity":0,"max_quantity":"","exclude_order_quantity_value_rules":"no","exclude_category_quantity_rules":"no","combine_variations":"no","yoast_head":"<!-- This site is optimized with the Yoast SEO Premium plugin v27.2 (Yoast SEO v27.3) - https:\/\/yoast.com\/product\/yoast-seo-premium-wordpress\/ -->\n<title>Nat\u00fcrliche Geschenk-Tube (0,5L) | Brist Olive Oil<\/title>\n<meta name=\"robots\" content=\"index, follow, max-snippet:-1, max-image-preview:large, max-video-preview:-1\" \/>\n<link rel=\"canonical\" href=\"https:\/\/brist-olive.hr\/de\/product\/geschenk-tube-naturlich\/\" \/>\n<meta property=\"og:locale\" content=\"de_DE\" \/>\n<meta property=\"og:type\" content=\"article\" \/>\n<meta property=\"og:title\" content=\"Nat\u00fcrliche Geschenk-Tube (0,5L)\" \/>\n<meta property=\"og:description\" content=\"Verpackung: Diese Tube ist f\u00fcr jede 0,5L Brist-Flasche geeignet. Design: Inspiriert von irischen Whiskey-Tuben mit einem luftdichten, wiederverschlie\u00dfbaren Deckel und einem leicht zu tragenden Seilgriff, basiert das Design auf dem nat\u00fcrlichen und eleganten Blatt- und Olivenmotiv von Brist. Bitte beachten: Dieses Produkt ist eine Verpackung und enth\u00e4lt kein Oliven\u00f6l.\" \/>\n<meta property=\"og:url\" content=\"https:\/\/brist-olive.hr\/de\/product\/geschenk-tube-naturlich\/\" \/>\n<meta property=\"og:site_name\" content=\"Brist Olive Oil\" \/>\n<meta property=\"article:publisher\" content=\"https:\/\/www.facebook.com\/BRIST-Olive-extra-virgin-olive-oil-194775207214904\" \/>\n<meta property=\"article:modified_time\" content=\"2025-05-06T16:46:33+00:00\" \/>\n<meta property=\"og:image\" content=\"https:\/\/brist-olive.hr\/wp-content\/uploads\/2022\/03\/PREMIUM-tube_02.jpg\" \/>\n\t<meta property=\"og:image:width\" content=\"1000\" \/>\n\t<meta property=\"og:image:height\" content=\"1000\" \/>\n\t<meta property=\"og:image:type\" content=\"image\/jpeg\" \/>\n<meta name=\"twitter:card\" content=\"summary_large_image\" \/>\n<script type=\"application\/ld+json\" class=\"yoast-schema-graph\">{\"@context\":\"https:\\\/\\\/schema.org\",\"@graph\":[{\"@type\":\"WebPage\",\"@id\":\"https:\\\/\\\/brist-olive.hr\\\/de\\\/product\\\/geschenk-tube-naturlich\\\/\",\"url\":\"https:\\\/\\\/brist-olive.hr\\\/de\\\/product\\\/geschenk-tube-naturlich\\\/\",\"name\":\"Nat\u00fcrliche Geschenk-Tube (0,5L) | Brist Olive Oil\",\"isPartOf\":{\"@id\":\"https:\\\/\\\/brist-olive.hr\\\/de\\\/#website\"},\"primaryImageOfPage\":{\"@id\":\"https:\\\/\\\/brist-olive.hr\\\/de\\\/product\\\/geschenk-tube-naturlich\\\/#primaryimage\"},\"image\":{\"@id\":\"https:\\\/\\\/brist-olive.hr\\\/de\\\/product\\\/geschenk-tube-naturlich\\\/#primaryimage\"},\"thumbnailUrl\":\"https:\\\/\\\/brist-olive.hr\\\/wp-content\\\/uploads\\\/2022\\\/03\\\/PREMIUM-tube_02.jpg\",\"datePublished\":\"2020-10-29T18:09:03+00:00\",\"dateModified\":\"2025-05-06T16:46:33+00:00\",\"breadcrumb\":{\"@id\":\"https:\\\/\\\/brist-olive.hr\\\/de\\\/product\\\/geschenk-tube-naturlich\\\/#breadcrumb\"},\"inLanguage\":\"de\",\"potentialAction\":[{\"@type\":\"ReadAction\",\"target\":[\"https:\\\/\\\/brist-olive.hr\\\/de\\\/product\\\/geschenk-tube-naturlich\\\/\"]}]},{\"@type\":\"ImageObject\",\"inLanguage\":\"de\",\"@id\":\"https:\\\/\\\/brist-olive.hr\\\/de\\\/product\\\/geschenk-tube-naturlich\\\/#primaryimage\",\"url\":\"https:\\\/\\\/brist-olive.hr\\\/wp-content\\\/uploads\\\/2022\\\/03\\\/PREMIUM-tube_02.jpg\",\"contentUrl\":\"https:\\\/\\\/brist-olive.hr\\\/wp-content\\\/uploads\\\/2022\\\/03\\\/PREMIUM-tube_02.jpg\",\"width\":1000,\"height\":1000},{\"@type\":\"BreadcrumbList\",\"@id\":\"https:\\\/\\\/brist-olive.hr\\\/de\\\/product\\\/geschenk-tube-naturlich\\\/#breadcrumb\",\"itemListElement\":[{\"@type\":\"ListItem\",\"position\":1,\"name\":\"Home\",\"item\":\"https:\\\/\\\/brist-olive.hr\\\/de\\\/\"},{\"@type\":\"ListItem\",\"position\":2,\"name\":\"Webshop\",\"item\":\"https:\\\/\\\/brist-olive.hr\\\/de\\\/webshop\\\/\"},{\"@type\":\"ListItem\",\"position\":3,\"name\":\"Nat\u00fcrliche Geschenk-Tube (0,5L)\"}]},{\"@type\":\"WebSite\",\"@id\":\"https:\\\/\\\/brist-olive.hr\\\/de\\\/#website\",\"url\":\"https:\\\/\\\/brist-olive.hr\\\/de\\\/\",\"name\":\"Brist Olive Oil\",\"description\":\"Brist Olive Oil\",\"publisher\":{\"@id\":\"https:\\\/\\\/brist-olive.hr\\\/de\\\/#organization\"},\"potentialAction\":[{\"@type\":\"SearchAction\",\"target\":{\"@type\":\"EntryPoint\",\"urlTemplate\":\"https:\\\/\\\/brist-olive.hr\\\/de\\\/?s={search_term_string}\"},\"query-input\":{\"@type\":\"PropertyValueSpecification\",\"valueRequired\":true,\"valueName\":\"search_term_string\"}}],\"inLanguage\":\"de\"},{\"@type\":\"Organization\",\"@id\":\"https:\\\/\\\/brist-olive.hr\\\/de\\\/#organization\",\"name\":\"Brist Olive\",\"url\":\"https:\\\/\\\/brist-olive.hr\\\/de\\\/\",\"logo\":{\"@type\":\"ImageObject\",\"inLanguage\":\"de\",\"@id\":\"https:\\\/\\\/brist-olive.hr\\\/de\\\/#\\\/schema\\\/logo\\\/image\\\/\",\"url\":\"https:\\\/\\\/brist-olive.hr\\\/wp-content\\\/uploads\\\/2022\\\/03\\\/brist_logo.png\",\"contentUrl\":\"https:\\\/\\\/brist-olive.hr\\\/wp-content\\\/uploads\\\/2022\\\/03\\\/brist_logo.png\",\"width\":344,\"height\":214,\"caption\":\"Brist Olive\"},\"image\":{\"@id\":\"https:\\\/\\\/brist-olive.hr\\\/de\\\/#\\\/schema\\\/logo\\\/image\\\/\"},\"sameAs\":[\"https:\\\/\\\/www.facebook.com\\\/BRIST-Olive-extra-virgin-olive-oil-194775207214904\",\"https:\\\/\\\/www.instagram.com\\\/brist.olive\\\/\"]}]}<\/script>\n<!-- \/ Yoast SEO Premium plugin. -->","yoast_head_json":{"title":"Nat\u00fcrliche Geschenk-Tube (0,5L) | Brist Olive Oil","robots":{"index":"index","follow":"follow","max-snippet":"max-snippet:-1","max-image-preview":"max-image-preview:large","max-video-preview":"max-video-preview:-1"},"canonical":"https:\/\/brist-olive.hr\/de\/product\/geschenk-tube-naturlich\/","og_locale":"de_DE","og_type":"article","og_title":"Nat\u00fcrliche Geschenk-Tube (0,5L)","og_description":"Verpackung: Diese Tube ist f\u00fcr jede 0,5L Brist-Flasche geeignet. Design: Inspiriert von irischen Whiskey-Tuben mit einem luftdichten, wiederverschlie\u00dfbaren Deckel und einem leicht zu tragenden Seilgriff, basiert das Design auf dem nat\u00fcrlichen und eleganten Blatt- und Olivenmotiv von Brist. Bitte beachten: Dieses Produkt ist eine Verpackung und enth\u00e4lt kein Oliven\u00f6l.","og_url":"https:\/\/brist-olive.hr\/de\/product\/geschenk-tube-naturlich\/","og_site_name":"Brist Olive Oil","article_publisher":"https:\/\/www.facebook.com\/BRIST-Olive-extra-virgin-olive-oil-194775207214904","article_modified_time":"2025-05-06T16:46:33+00:00","og_image":[{"width":1000,"height":1000,"url":"https:\/\/brist-olive.hr\/wp-content\/uploads\/2022\/03\/PREMIUM-tube_02.jpg","type":"image\/jpeg"}],"twitter_card":"summary_large_image","schema":{"@context":"https:\/\/schema.org","@graph":[{"@type":"WebPage","@id":"https:\/\/brist-olive.hr\/de\/product\/geschenk-tube-naturlich\/","url":"https:\/\/brist-olive.hr\/de\/product\/geschenk-tube-naturlich\/","name":"Nat\u00fcrliche Geschenk-Tube (0,5L) | Brist Olive Oil","isPartOf":{"@id":"https:\/\/brist-olive.hr\/de\/#website"},"primaryImageOfPage":{"@id":"https:\/\/brist-olive.hr\/de\/product\/geschenk-tube-naturlich\/#primaryimage"},"image":{"@id":"https:\/\/brist-olive.hr\/de\/product\/geschenk-tube-naturlich\/#primaryimage"},"thumbnailUrl":"https:\/\/brist-olive.hr\/wp-content\/uploads\/2022\/03\/PREMIUM-tube_02.jpg","datePublished":"2020-10-29T18:09:03+00:00","dateModified":"2025-05-06T16:46:33+00:00","breadcrumb":{"@id":"https:\/\/brist-olive.hr\/de\/product\/geschenk-tube-naturlich\/#breadcrumb"},"inLanguage":"de","potentialAction":[{"@type":"ReadAction","target":["https:\/\/brist-olive.hr\/de\/product\/geschenk-tube-naturlich\/"]}]},{"@type":"ImageObject","inLanguage":"de","@id":"https:\/\/brist-olive.hr\/de\/product\/geschenk-tube-naturlich\/#primaryimage","url":"https:\/\/brist-olive.hr\/wp-content\/uploads\/2022\/03\/PREMIUM-tube_02.jpg","contentUrl":"https:\/\/brist-olive.hr\/wp-content\/uploads\/2022\/03\/PREMIUM-tube_02.jpg","width":1000,"height":1000},{"@type":"BreadcrumbList","@id":"https:\/\/brist-olive.hr\/de\/product\/geschenk-tube-naturlich\/#breadcrumb","itemListElement":[{"@type":"ListItem","position":1,"name":"Home","item":"https:\/\/brist-olive.hr\/de\/"},{"@type":"ListItem","position":2,"name":"Webshop","item":"https:\/\/brist-olive.hr\/de\/webshop\/"},{"@type":"ListItem","position":3,"name":"Nat\u00fcrliche Geschenk-Tube (0,5L)"}]},{"@type":"WebSite","@id":"https:\/\/brist-olive.hr\/de\/#website","url":"https:\/\/brist-olive.hr\/de\/","name":"Brist Olive Oil","description":"Brist Olive Oil","publisher":{"@id":"https:\/\/brist-olive.hr\/de\/#organization"},"potentialAction":[{"@type":"SearchAction","target":{"@type":"EntryPoint","urlTemplate":"https:\/\/brist-olive.hr\/de\/?s={search_term_string}"},"query-input":{"@type":"PropertyValueSpecification","valueRequired":true,"valueName":"search_term_string"}}],"inLanguage":"de"},{"@type":"Organization","@id":"https:\/\/brist-olive.hr\/de\/#organization","name":"Brist Olive","url":"https:\/\/brist-olive.hr\/de\/","logo":{"@type":"ImageObject","inLanguage":"de","@id":"https:\/\/brist-olive.hr\/de\/#\/schema\/logo\/image\/","url":"https:\/\/brist-olive.hr\/wp-content\/uploads\/2022\/03\/brist_logo.png","contentUrl":"https:\/\/brist-olive.hr\/wp-content\/uploads\/2022\/03\/brist_logo.png","width":344,"height":214,"caption":"Brist Olive"},"image":{"@id":"https:\/\/brist-olive.hr\/de\/#\/schema\/logo\/image\/"},"sameAs":["https:\/\/www.facebook.com\/BRIST-Olive-extra-virgin-olive-oil-194775207214904","https:\/\/www.instagram.com\/brist.olive\/"]}]}},"acf":[],"_links":{"self":[{"href":"https:\/\/brist-olive.hr\/de\/wp-json\/wp\/v2\/product\/16567","targetHints":{"allow":["GET"]}}],"collection":[{"href":"https:\/\/brist-olive.hr\/de\/wp-json\/wp\/v2\/product"}],"about":[{"href":"https:\/\/brist-olive.hr\/de\/wp-json\/wp\/v2\/types\/product"}],"replies":[{"embeddable":true,"href":"https:\/\/brist-olive.hr\/de\/wp-json\/wp\/v2\/comments?post=16567"}],"version-history":[{"count":1,"href":"https:\/\/brist-olive.hr\/de\/wp-json\/wp\/v2\/product\/16567\/revisions"}],"predecessor-version":[{"id":16881,"href":"https:\/\/brist-olive.hr\/de\/wp-json\/wp\/v2\/product\/16567\/revisions\/16881"}],"wp:featuredmedia":[{"embeddable":true,"href":"https:\/\/brist-olive.hr\/de\/wp-json\/wp\/v2\/media\/14172"}],"wp:attachment":[{"href":"https:\/\/brist-olive.hr\/de\/wp-json\/wp\/v2\/media?parent=16567"}],"wp:term":[{"taxonomy":"product_brand","embeddable":true,"href":"https:\/\/brist-olive.hr\/de\/wp-json\/wp\/v2\/product_brand?post=16567"},{"taxonomy":"product_cat","embeddable":true,"href":"https:\/\/brist-olive.hr\/de\/wp-json\/wp\/v2\/product_cat?post=16567"},{"taxonomy":"product_tag","embeddable":true,"href":"https:\/\/brist-olive.hr\/de\/wp-json\/wp\/v2\/product_tag?post=16567"}],"curies":[{"name":"wp","href":"https:\/\/api.w.org\/{rel}","templated":true}]}}