
{"id":16572,"date":"2020-10-02T13:00:18","date_gmt":"2020-10-02T13:00:18","guid":{"rendered":"https:\/\/brist-olive.hr\/product\/aceto-balsamico-025l\/"},"modified":"2024-04-12T06:29:35","modified_gmt":"2024-04-12T06:29:35","slug":"aceto-balsamico-025l","status":"publish","type":"product","link":"https:\/\/brist-olive.hr\/de\/product\/aceto-balsamico-025l\/","title":{"rendered":"Aceto Balsamico 0,25L"},"content":{"rendered":"","protected":false},"excerpt":{"rendered":"<div class=\"prodsubtitle\">Aceto Balsamico di Modena<\/div>\n<div>\n<div class=\"prodopis\">\n<div class=\"prodopis\">\n<div class=\"prodopis\">\n<h4>Geschmack:<\/h4>\n<p>Goccia Oro ist ein kr\u00e4ftiger, vollmundiger, reifer und ausgewogener Balsamico-Essig aus Modena IGP mit einem hohen Anteil an s\u00fc\u00dfem, gekochtem Traubenmost und einem geringen Anteil an Weinessig. Der Oro ist edel und breitschultrig, er wurde in Eichen-, Kastanien- und Kirschholzf\u00e4ssern ausgebaut. Dickfl\u00fcssig und dicht, ein L\u00f6ffel davon spricht f\u00fcr sich. Dichte 1,34<\/p>\n<h4>Verwendung:<\/h4>\n<p>Fertigstellung.<\/p>\n<h4>Servierempfehlung:<\/h4>\n<p>Ein gro\u00dfartiger &#8222;Allrounder&#8220; f\u00fcr die K\u00fcche, der zu frischen Blattsalaten, gekochtem und rohem Gem\u00fcse, Risotto, Bohnen und H\u00fclsenfr\u00fcchten, reifem K\u00e4se (Parmeggiano oder Pecorino), Fisch, Rindfleisch, Lamm und Schweinebauch passt.<\/p>\n<h4>Zutaten:<\/h4>\n<p>Gekochter Traubenmost, Weinessig<\/p>\n<h4>Rebsorte:<\/h4>\n<p>Lambrusco, Trebbiano<\/p>\n<h4>Mindestens haltbar bis:<\/h4>\n<p>2031<\/p>\n<\/div>\n<\/div>\n<\/div>\n<\/div>\n","protected":false},"featured_media":14171,"comment_status":"closed","ping_status":"closed","template":"","meta":[],"product_cat":[142],"product_tag":[],"yoast_head":"<!-- This site is optimized with the Yoast SEO Premium plugin v16.9 (Yoast SEO v16.9) - https:\/\/yoast.com\/wordpress\/plugins\/seo\/ -->\n<title>Aceto Balsamico 0,25L | Brist Olive Oil<\/title>\n<meta name=\"robots\" content=\"index, follow, max-snippet:-1, max-image-preview:large, max-video-preview:-1\" \/>\n<link rel=\"canonical\" href=\"https:\/\/brist-olive.hr\/de\/product\/aceto-balsamico-025l\/\" \/>\n<meta property=\"og:locale\" content=\"de_DE\" \/>\n<meta property=\"og:type\" content=\"article\" \/>\n<meta property=\"og:title\" content=\"Aceto Balsamico 0,25L\" \/>\n<meta property=\"og:description\" content=\"Aceto Balsamico di Modena     Geschmack: Goccia Oro ist ein kr\u00e4ftiger, vollmundiger, reifer und ausgewogener Balsamico-Essig aus Modena IGP mit einem hohen Anteil an s\u00fc\u00dfem, gekochtem Traubenmost und einem geringen Anteil an Weinessig. Der Oro ist edel und breitschultrig, er wurde in Eichen-, Kastanien- und Kirschholzf\u00e4ssern ausgebaut. Dickfl\u00fcssig und dicht, ein L\u00f6ffel davon spricht f\u00fcr sich. Dichte 1,34 Verwendung: Fertigstellung. Servierempfehlung: Ein gro\u00dfartiger &quot;Allrounder&quot; f\u00fcr die K\u00fcche, der zu frischen Blattsalaten, gekochtem und rohem Gem\u00fcse, Risotto, Bohnen und H\u00fclsenfr\u00fcchten, reifem K\u00e4se (Parmeggiano oder Pecorino), Fisch, Rindfleisch, Lamm und Schweinebauch passt. Zutaten: Gekochter Traubenmost, Weinessig Rebsorte: Lambrusco, Trebbiano Mindestens haltbar bis: 2031\" \/>\n<meta property=\"og:url\" content=\"https:\/\/brist-olive.hr\/de\/product\/aceto-balsamico-025l\/\" \/>\n<meta property=\"og:site_name\" content=\"Brist Olive Oil\" \/>\n<meta property=\"article:publisher\" content=\"https:\/\/www.facebook.com\/BRIST-Olive-extra-virgin-olive-oil-194775207214904\" \/>\n<meta property=\"article:modified_time\" content=\"2024-04-12T06:29:35+00:00\" \/>\n<meta property=\"og:image\" content=\"https:\/\/brist-olive.hr\/wp-content\/uploads\/2022\/03\/ACETO-DI-MODENA.jpg\" \/>\n\t<meta property=\"og:image:width\" content=\"1000\" \/>\n\t<meta property=\"og:image:height\" content=\"1000\" \/>\n<meta name=\"twitter:card\" content=\"summary_large_image\" \/>\n<script type=\"application\/ld+json\" class=\"yoast-schema-graph\">{\"@context\":\"https:\/\/schema.org\",\"@graph\":[{\"@type\":\"Organization\",\"@id\":\"https:\/\/brist-olive.hr\/#organization\",\"name\":\"Brist Olive\",\"url\":\"https:\/\/brist-olive.hr\/\",\"sameAs\":[\"https:\/\/www.facebook.com\/BRIST-Olive-extra-virgin-olive-oil-194775207214904\",\"https:\/\/www.instagram.com\/brist.olive\/\"],\"logo\":{\"@type\":\"ImageObject\",\"@id\":\"https:\/\/brist-olive.hr\/#logo\",\"inLanguage\":\"de\",\"url\":\"https:\/\/brist-olive.hr\/wp-content\/uploads\/2022\/03\/brist_logo.png\",\"contentUrl\":\"https:\/\/brist-olive.hr\/wp-content\/uploads\/2022\/03\/brist_logo.png\",\"width\":344,\"height\":214,\"caption\":\"Brist Olive\"},\"image\":{\"@id\":\"https:\/\/brist-olive.hr\/#logo\"}},{\"@type\":\"WebSite\",\"@id\":\"https:\/\/brist-olive.hr\/#website\",\"url\":\"https:\/\/brist-olive.hr\/\",\"name\":\"Brist Olive Oil\",\"description\":\"Brist Olive Oil\",\"publisher\":{\"@id\":\"https:\/\/brist-olive.hr\/#organization\"},\"potentialAction\":[{\"@type\":\"SearchAction\",\"target\":{\"@type\":\"EntryPoint\",\"urlTemplate\":\"https:\/\/brist-olive.hr\/?s={search_term_string}\"},\"query-input\":\"required name=search_term_string\"}],\"inLanguage\":\"de\"},{\"@type\":\"ImageObject\",\"@id\":\"https:\/\/brist-olive.hr\/de\/product\/aceto-balsamico-025l\/#primaryimage\",\"inLanguage\":\"de\",\"url\":\"https:\/\/brist-olive.hr\/wp-content\/uploads\/2022\/03\/ACETO-DI-MODENA.jpg\",\"contentUrl\":\"https:\/\/brist-olive.hr\/wp-content\/uploads\/2022\/03\/ACETO-DI-MODENA.jpg\",\"width\":1000,\"height\":1000},{\"@type\":\"WebPage\",\"@id\":\"https:\/\/brist-olive.hr\/de\/product\/aceto-balsamico-025l\/#webpage\",\"url\":\"https:\/\/brist-olive.hr\/de\/product\/aceto-balsamico-025l\/\",\"name\":\"Aceto Balsamico 0,25L | Brist Olive Oil\",\"isPartOf\":{\"@id\":\"https:\/\/brist-olive.hr\/#website\"},\"primaryImageOfPage\":{\"@id\":\"https:\/\/brist-olive.hr\/de\/product\/aceto-balsamico-025l\/#primaryimage\"},\"datePublished\":\"2020-10-02T13:00:18+00:00\",\"dateModified\":\"2024-04-12T06:29:35+00:00\",\"breadcrumb\":{\"@id\":\"https:\/\/brist-olive.hr\/de\/product\/aceto-balsamico-025l\/#breadcrumb\"},\"inLanguage\":\"de\",\"potentialAction\":[{\"@type\":\"ReadAction\",\"target\":[\"https:\/\/brist-olive.hr\/de\/product\/aceto-balsamico-025l\/\"]}]},{\"@type\":\"BreadcrumbList\",\"@id\":\"https:\/\/brist-olive.hr\/de\/product\/aceto-balsamico-025l\/#breadcrumb\",\"itemListElement\":[{\"@type\":\"ListItem\",\"position\":1,\"name\":\"Home\",\"item\":\"https:\/\/brist-olive.hr\/de\/brist-olivenoel\/\"},{\"@type\":\"ListItem\",\"position\":2,\"name\":\"Webshop\",\"item\":\"https:\/\/brist-olive.hr\/de\/webshop\/\"},{\"@type\":\"ListItem\",\"position\":3,\"name\":\"Aceto Balsamico 0,25L\"}]}]}<\/script>\n<!-- \/ Yoast SEO Premium plugin. -->","yoast_head_json":{"title":"Aceto Balsamico 0,25L | Brist Olive Oil","robots":{"index":"index","follow":"follow","max-snippet":"max-snippet:-1","max-image-preview":"max-image-preview:large","max-video-preview":"max-video-preview:-1"},"canonical":"https:\/\/brist-olive.hr\/de\/product\/aceto-balsamico-025l\/","og_locale":"de_DE","og_type":"article","og_title":"Aceto Balsamico 0,25L","og_description":"Aceto Balsamico di Modena     Geschmack: Goccia Oro ist ein kr\u00e4ftiger, vollmundiger, reifer und ausgewogener Balsamico-Essig aus Modena IGP mit einem hohen Anteil an s\u00fc\u00dfem, gekochtem Traubenmost und einem geringen Anteil an Weinessig. Der Oro ist edel und breitschultrig, er wurde in Eichen-, Kastanien- und Kirschholzf\u00e4ssern ausgebaut. Dickfl\u00fcssig und dicht, ein L\u00f6ffel davon spricht f\u00fcr sich. Dichte 1,34 Verwendung: Fertigstellung. Servierempfehlung: Ein gro\u00dfartiger \"Allrounder\" f\u00fcr die K\u00fcche, der zu frischen Blattsalaten, gekochtem und rohem Gem\u00fcse, Risotto, Bohnen und H\u00fclsenfr\u00fcchten, reifem K\u00e4se (Parmeggiano oder Pecorino), Fisch, Rindfleisch, Lamm und Schweinebauch passt. Zutaten: Gekochter Traubenmost, Weinessig Rebsorte: Lambrusco, Trebbiano Mindestens haltbar bis: 2031","og_url":"https:\/\/brist-olive.hr\/de\/product\/aceto-balsamico-025l\/","og_site_name":"Brist Olive Oil","article_publisher":"https:\/\/www.facebook.com\/BRIST-Olive-extra-virgin-olive-oil-194775207214904","article_modified_time":"2024-04-12T06:29:35+00:00","og_image":[{"width":1000,"height":1000,"url":"https:\/\/brist-olive.hr\/wp-content\/uploads\/2022\/03\/ACETO-DI-MODENA.jpg","path":"\/usr\/local\/lsws\/hosting\/brist\/html\/wordpress\/wp-content\/uploads\/2022\/03\/ACETO-DI-MODENA.jpg","size":"full","id":14171,"alt":"","pixels":1000000,"type":"image\/jpeg"}],"twitter_card":"summary_large_image","schema":{"@context":"https:\/\/schema.org","@graph":[{"@type":"Organization","@id":"https:\/\/brist-olive.hr\/#organization","name":"Brist Olive","url":"https:\/\/brist-olive.hr\/","sameAs":["https:\/\/www.facebook.com\/BRIST-Olive-extra-virgin-olive-oil-194775207214904","https:\/\/www.instagram.com\/brist.olive\/"],"logo":{"@type":"ImageObject","@id":"https:\/\/brist-olive.hr\/#logo","inLanguage":"de","url":"https:\/\/brist-olive.hr\/wp-content\/uploads\/2022\/03\/brist_logo.png","contentUrl":"https:\/\/brist-olive.hr\/wp-content\/uploads\/2022\/03\/brist_logo.png","width":344,"height":214,"caption":"Brist Olive"},"image":{"@id":"https:\/\/brist-olive.hr\/#logo"}},{"@type":"WebSite","@id":"https:\/\/brist-olive.hr\/#website","url":"https:\/\/brist-olive.hr\/","name":"Brist Olive Oil","description":"Brist Olive Oil","publisher":{"@id":"https:\/\/brist-olive.hr\/#organization"},"potentialAction":[{"@type":"SearchAction","target":{"@type":"EntryPoint","urlTemplate":"https:\/\/brist-olive.hr\/?s={search_term_string}"},"query-input":"required name=search_term_string"}],"inLanguage":"de"},{"@type":"ImageObject","@id":"https:\/\/brist-olive.hr\/de\/product\/aceto-balsamico-025l\/#primaryimage","inLanguage":"de","url":"https:\/\/brist-olive.hr\/wp-content\/uploads\/2022\/03\/ACETO-DI-MODENA.jpg","contentUrl":"https:\/\/brist-olive.hr\/wp-content\/uploads\/2022\/03\/ACETO-DI-MODENA.jpg","width":1000,"height":1000},{"@type":"WebPage","@id":"https:\/\/brist-olive.hr\/de\/product\/aceto-balsamico-025l\/#webpage","url":"https:\/\/brist-olive.hr\/de\/product\/aceto-balsamico-025l\/","name":"Aceto Balsamico 0,25L | Brist Olive Oil","isPartOf":{"@id":"https:\/\/brist-olive.hr\/#website"},"primaryImageOfPage":{"@id":"https:\/\/brist-olive.hr\/de\/product\/aceto-balsamico-025l\/#primaryimage"},"datePublished":"2020-10-02T13:00:18+00:00","dateModified":"2024-04-12T06:29:35+00:00","breadcrumb":{"@id":"https:\/\/brist-olive.hr\/de\/product\/aceto-balsamico-025l\/#breadcrumb"},"inLanguage":"de","potentialAction":[{"@type":"ReadAction","target":["https:\/\/brist-olive.hr\/de\/product\/aceto-balsamico-025l\/"]}]},{"@type":"BreadcrumbList","@id":"https:\/\/brist-olive.hr\/de\/product\/aceto-balsamico-025l\/#breadcrumb","itemListElement":[{"@type":"ListItem","position":1,"name":"Home","item":"https:\/\/brist-olive.hr\/de\/brist-olivenoel\/"},{"@type":"ListItem","position":2,"name":"Webshop","item":"https:\/\/brist-olive.hr\/de\/webshop\/"},{"@type":"ListItem","position":3,"name":"Aceto Balsamico 0,25L"}]}]}},"acf":[],"_links":{"self":[{"href":"https:\/\/brist-olive.hr\/de\/wp-json\/wp\/v2\/product\/16572"}],"collection":[{"href":"https:\/\/brist-olive.hr\/de\/wp-json\/wp\/v2\/product"}],"about":[{"href":"https:\/\/brist-olive.hr\/de\/wp-json\/wp\/v2\/types\/product"}],"replies":[{"embeddable":true,"href":"https:\/\/brist-olive.hr\/de\/wp-json\/wp\/v2\/comments?post=16572"}],"version-history":[{"count":1,"href":"https:\/\/brist-olive.hr\/de\/wp-json\/wp\/v2\/product\/16572\/revisions"}],"predecessor-version":[{"id":16880,"href":"https:\/\/brist-olive.hr\/de\/wp-json\/wp\/v2\/product\/16572\/revisions\/16880"}],"wp:featuredmedia":[{"embeddable":true,"href":"https:\/\/brist-olive.hr\/de\/wp-json\/wp\/v2\/media\/14171"}],"wp:attachment":[{"href":"https:\/\/brist-olive.hr\/de\/wp-json\/wp\/v2\/media?parent=16572"}],"wp:term":[{"taxonomy":"product_cat","embeddable":true,"href":"https:\/\/brist-olive.hr\/de\/wp-json\/wp\/v2\/product_cat?post=16572"},{"taxonomy":"product_tag","embeddable":true,"href":"https:\/\/brist-olive.hr\/de\/wp-json\/wp\/v2\/product_tag?post=16572"}],"curies":[{"name":"wp","href":"https:\/\/api.w.org\/{rel}","templated":true}]}}