
{"id":16575,"date":"2020-10-04T20:35:24","date_gmt":"2020-10-04T20:35:24","guid":{"rendered":"https:\/\/brist-olive.hr\/product\/exklusive-auswahl-geschenktube-05l\/"},"modified":"2026-04-07T00:06:07","modified_gmt":"2026-04-07T00:06:07","slug":"exklusive-auswahl-05l","status":"publish","type":"product","link":"https:\/\/brist-olive.hr\/de\/product\/exklusive-auswahl-05l\/","title":{"rendered":"Exklusive Auswahl 0,5L EVOO + Geschenktube &#8211; Ernte 2025"},"content":{"rendered":"","protected":false},"excerpt":{"rendered":"<div class=\"prodsubtitle\">Gemischtes natives Oliven\u00f6l extra<\/div>\n<div><\/div>\n<div>\n<div class=\"prodopis\">\n<div class=\"prodopis\">\n<h4>Handverlesen von hundertj\u00e4hrigen B\u00e4umen<\/h4>\n<p>Ein \u00d6l in limitierter Auflage, das aus einheimischen istrischen Sorten hergestellt wird, die von unserer Familie handgepfl\u00fcckt und ausgew\u00e4hlt wurden. Mit Sorgfalt aus den besten unserer hundertj\u00e4hrigen B\u00e4ume ausgew\u00e4hlt. Wir freuen uns darauf, dieses ganz besondere und einzigartige Geschenk mit Ihnen zu teilen.<\/p>\n<h4>Geschmack:<\/h4>\n<p>Ein vollmundiges \u00d6l mit einem nat\u00fcrlichen Gleichgewicht von fruchtigen, grasigen und w\u00fcrzigen Noten. Elegant in seiner Komplexit\u00e4t.<\/p>\n<h4>Verwendung:<\/h4>\n<p>Fertigstellung.<\/p>\n<h4>Servierempfehlung:<\/h4>\n<p>Empfehlenswert zu verschiedenen Salaten, reifem K\u00e4se, gegrilltem Fisch und H\u00e4hnchen, gebratenem Gem\u00fcse, H\u00fclsenfrucht- und Getreidesuppen oder einfach als Dip mit einer Prise Meersalz und etwas selbstgebackenem Brot.<\/p>\n<h4>Olivensorte:<\/h4>\n<p>Eine Mischung aus einheimischen istrischen Sorten: Vodnjanska Bu\u017ea und Rosignola<\/p>\n<div class=\"prodopis\">\n<h4>Ernten:<\/h4>\n<p>2025<\/p>\n<\/div>\n<h4>Mindestens haltbar bis:<\/h4>\n<p>10.2027<\/p>\n<\/div>\n<\/div>\n<\/div>\n","protected":false},"featured_media":14166,"comment_status":"closed","ping_status":"closed","template":"","meta":[],"product_cat":[141,143],"product_tag":[],"yoast_head":"<!-- This site is optimized with the Yoast SEO Premium plugin v16.9 (Yoast SEO v16.9) - https:\/\/yoast.com\/wordpress\/plugins\/seo\/ -->\n<title>Exklusive Auswahl 0,5L EVOO + Geschenktube - Ernte 2025 | Brist Olive Oil<\/title>\n<meta name=\"robots\" content=\"index, follow, max-snippet:-1, max-image-preview:large, max-video-preview:-1\" \/>\n<link rel=\"canonical\" href=\"https:\/\/brist-olive.hr\/de\/product\/exklusive-auswahl-05l\/\" \/>\n<meta property=\"og:locale\" content=\"de_DE\" \/>\n<meta property=\"og:type\" content=\"article\" \/>\n<meta property=\"og:title\" content=\"Exklusive Auswahl 0,5L EVOO + Geschenktube - Ernte 2025\" \/>\n<meta property=\"og:description\" content=\"Gemischtes natives Oliven\u00f6l extra   Handverlesen von hundertj\u00e4hrigen B\u00e4umen Ein \u00d6l in limitierter Auflage, das aus einheimischen istrischen Sorten hergestellt wird, die von unserer Familie handgepfl\u00fcckt und ausgew\u00e4hlt wurden. Mit Sorgfalt aus den besten unserer hundertj\u00e4hrigen B\u00e4ume ausgew\u00e4hlt. Wir freuen uns darauf, dieses ganz besondere und einzigartige Geschenk mit Ihnen zu teilen. Geschmack: Ein vollmundiges \u00d6l mit einem nat\u00fcrlichen Gleichgewicht von fruchtigen, grasigen und w\u00fcrzigen Noten. Elegant in seiner Komplexit\u00e4t. Verwendung: Fertigstellung. Servierempfehlung: Empfehlenswert zu verschiedenen Salaten, reifem K\u00e4se, gegrilltem Fisch und H\u00e4hnchen, gebratenem Gem\u00fcse, H\u00fclsenfrucht- und Getreidesuppen oder einfach als Dip mit einer Prise Meersalz und etwas selbstgebackenem Brot. Olivensorte: Eine Mischung aus einheimischen istrischen Sorten: Vodnjanska Bu\u017ea und Rosignola Ernten: 2025  Mindestens haltbar bis: 10.2027\" \/>\n<meta property=\"og:url\" content=\"https:\/\/brist-olive.hr\/de\/product\/exklusive-auswahl-05l\/\" \/>\n<meta property=\"og:site_name\" content=\"Brist Olive Oil\" \/>\n<meta property=\"article:publisher\" content=\"https:\/\/www.facebook.com\/BRIST-Olive-extra-virgin-olive-oil-194775207214904\" \/>\n<meta property=\"article:modified_time\" content=\"2026-04-07T00:06:07+00:00\" \/>\n<meta property=\"og:image\" content=\"https:\/\/brist-olive.hr\/wp-content\/uploads\/2022\/03\/EXCLUSIVE_02.jpg\" \/>\n\t<meta property=\"og:image:width\" content=\"1000\" \/>\n\t<meta property=\"og:image:height\" content=\"1000\" \/>\n<meta name=\"twitter:card\" content=\"summary_large_image\" \/>\n<script type=\"application\/ld+json\" class=\"yoast-schema-graph\">{\"@context\":\"https:\/\/schema.org\",\"@graph\":[{\"@type\":\"Organization\",\"@id\":\"https:\/\/brist-olive.hr\/#organization\",\"name\":\"Brist Olive\",\"url\":\"https:\/\/brist-olive.hr\/\",\"sameAs\":[\"https:\/\/www.facebook.com\/BRIST-Olive-extra-virgin-olive-oil-194775207214904\",\"https:\/\/www.instagram.com\/brist.olive\/\"],\"logo\":{\"@type\":\"ImageObject\",\"@id\":\"https:\/\/brist-olive.hr\/#logo\",\"inLanguage\":\"de\",\"url\":\"https:\/\/brist-olive.hr\/wp-content\/uploads\/2022\/03\/brist_logo.png\",\"contentUrl\":\"https:\/\/brist-olive.hr\/wp-content\/uploads\/2022\/03\/brist_logo.png\",\"width\":344,\"height\":214,\"caption\":\"Brist Olive\"},\"image\":{\"@id\":\"https:\/\/brist-olive.hr\/#logo\"}},{\"@type\":\"WebSite\",\"@id\":\"https:\/\/brist-olive.hr\/#website\",\"url\":\"https:\/\/brist-olive.hr\/\",\"name\":\"Brist Olive Oil\",\"description\":\"Brist Olive Oil\",\"publisher\":{\"@id\":\"https:\/\/brist-olive.hr\/#organization\"},\"potentialAction\":[{\"@type\":\"SearchAction\",\"target\":{\"@type\":\"EntryPoint\",\"urlTemplate\":\"https:\/\/brist-olive.hr\/?s={search_term_string}\"},\"query-input\":\"required name=search_term_string\"}],\"inLanguage\":\"de\"},{\"@type\":\"ImageObject\",\"@id\":\"https:\/\/brist-olive.hr\/de\/product\/exklusive-auswahl-05l\/#primaryimage\",\"inLanguage\":\"de\",\"url\":\"https:\/\/brist-olive.hr\/wp-content\/uploads\/2022\/03\/EXCLUSIVE_02.jpg\",\"contentUrl\":\"https:\/\/brist-olive.hr\/wp-content\/uploads\/2022\/03\/EXCLUSIVE_02.jpg\",\"width\":1000,\"height\":1000},{\"@type\":\"WebPage\",\"@id\":\"https:\/\/brist-olive.hr\/de\/product\/exklusive-auswahl-05l\/#webpage\",\"url\":\"https:\/\/brist-olive.hr\/de\/product\/exklusive-auswahl-05l\/\",\"name\":\"Exklusive Auswahl 0,5L EVOO + Geschenktube - Ernte 2025 | Brist Olive Oil\",\"isPartOf\":{\"@id\":\"https:\/\/brist-olive.hr\/#website\"},\"primaryImageOfPage\":{\"@id\":\"https:\/\/brist-olive.hr\/de\/product\/exklusive-auswahl-05l\/#primaryimage\"},\"datePublished\":\"2020-10-04T20:35:24+00:00\",\"dateModified\":\"2026-04-07T00:06:07+00:00\",\"breadcrumb\":{\"@id\":\"https:\/\/brist-olive.hr\/de\/product\/exklusive-auswahl-05l\/#breadcrumb\"},\"inLanguage\":\"de\",\"potentialAction\":[{\"@type\":\"ReadAction\",\"target\":[\"https:\/\/brist-olive.hr\/de\/product\/exklusive-auswahl-05l\/\"]}]},{\"@type\":\"BreadcrumbList\",\"@id\":\"https:\/\/brist-olive.hr\/de\/product\/exklusive-auswahl-05l\/#breadcrumb\",\"itemListElement\":[{\"@type\":\"ListItem\",\"position\":1,\"name\":\"Home\",\"item\":\"https:\/\/brist-olive.hr\/de\/brist-olivenoel\/\"},{\"@type\":\"ListItem\",\"position\":2,\"name\":\"Webshop\",\"item\":\"https:\/\/brist-olive.hr\/de\/webshop\/\"},{\"@type\":\"ListItem\",\"position\":3,\"name\":\"Exklusive Auswahl 0,5L EVOO + Geschenktube &#8211; Ernte 2025\"}]}]}<\/script>\n<!-- \/ Yoast SEO Premium plugin. -->","yoast_head_json":{"title":"Exklusive Auswahl 0,5L EVOO + Geschenktube - Ernte 2025 | Brist Olive Oil","robots":{"index":"index","follow":"follow","max-snippet":"max-snippet:-1","max-image-preview":"max-image-preview:large","max-video-preview":"max-video-preview:-1"},"canonical":"https:\/\/brist-olive.hr\/de\/product\/exklusive-auswahl-05l\/","og_locale":"de_DE","og_type":"article","og_title":"Exklusive Auswahl 0,5L EVOO + Geschenktube - Ernte 2025","og_description":"Gemischtes natives Oliven\u00f6l extra   Handverlesen von hundertj\u00e4hrigen B\u00e4umen Ein \u00d6l in limitierter Auflage, das aus einheimischen istrischen Sorten hergestellt wird, die von unserer Familie handgepfl\u00fcckt und ausgew\u00e4hlt wurden. Mit Sorgfalt aus den besten unserer hundertj\u00e4hrigen B\u00e4ume ausgew\u00e4hlt. Wir freuen uns darauf, dieses ganz besondere und einzigartige Geschenk mit Ihnen zu teilen. Geschmack: Ein vollmundiges \u00d6l mit einem nat\u00fcrlichen Gleichgewicht von fruchtigen, grasigen und w\u00fcrzigen Noten. Elegant in seiner Komplexit\u00e4t. Verwendung: Fertigstellung. Servierempfehlung: Empfehlenswert zu verschiedenen Salaten, reifem K\u00e4se, gegrilltem Fisch und H\u00e4hnchen, gebratenem Gem\u00fcse, H\u00fclsenfrucht- und Getreidesuppen oder einfach als Dip mit einer Prise Meersalz und etwas selbstgebackenem Brot. Olivensorte: Eine Mischung aus einheimischen istrischen Sorten: Vodnjanska Bu\u017ea und Rosignola Ernten: 2025  Mindestens haltbar bis: 10.2027","og_url":"https:\/\/brist-olive.hr\/de\/product\/exklusive-auswahl-05l\/","og_site_name":"Brist Olive Oil","article_publisher":"https:\/\/www.facebook.com\/BRIST-Olive-extra-virgin-olive-oil-194775207214904","article_modified_time":"2026-04-07T00:06:07+00:00","og_image":[{"width":1000,"height":1000,"url":"https:\/\/brist-olive.hr\/wp-content\/uploads\/2022\/03\/EXCLUSIVE_02.jpg","path":"\/usr\/local\/lsws\/hosting\/brist\/html\/wordpress\/wp-content\/uploads\/2022\/03\/EXCLUSIVE_02.jpg","size":"full","id":14166,"alt":"","pixels":1000000,"type":"image\/jpeg"}],"twitter_card":"summary_large_image","schema":{"@context":"https:\/\/schema.org","@graph":[{"@type":"Organization","@id":"https:\/\/brist-olive.hr\/#organization","name":"Brist Olive","url":"https:\/\/brist-olive.hr\/","sameAs":["https:\/\/www.facebook.com\/BRIST-Olive-extra-virgin-olive-oil-194775207214904","https:\/\/www.instagram.com\/brist.olive\/"],"logo":{"@type":"ImageObject","@id":"https:\/\/brist-olive.hr\/#logo","inLanguage":"de","url":"https:\/\/brist-olive.hr\/wp-content\/uploads\/2022\/03\/brist_logo.png","contentUrl":"https:\/\/brist-olive.hr\/wp-content\/uploads\/2022\/03\/brist_logo.png","width":344,"height":214,"caption":"Brist Olive"},"image":{"@id":"https:\/\/brist-olive.hr\/#logo"}},{"@type":"WebSite","@id":"https:\/\/brist-olive.hr\/#website","url":"https:\/\/brist-olive.hr\/","name":"Brist Olive Oil","description":"Brist Olive Oil","publisher":{"@id":"https:\/\/brist-olive.hr\/#organization"},"potentialAction":[{"@type":"SearchAction","target":{"@type":"EntryPoint","urlTemplate":"https:\/\/brist-olive.hr\/?s={search_term_string}"},"query-input":"required name=search_term_string"}],"inLanguage":"de"},{"@type":"ImageObject","@id":"https:\/\/brist-olive.hr\/de\/product\/exklusive-auswahl-05l\/#primaryimage","inLanguage":"de","url":"https:\/\/brist-olive.hr\/wp-content\/uploads\/2022\/03\/EXCLUSIVE_02.jpg","contentUrl":"https:\/\/brist-olive.hr\/wp-content\/uploads\/2022\/03\/EXCLUSIVE_02.jpg","width":1000,"height":1000},{"@type":"WebPage","@id":"https:\/\/brist-olive.hr\/de\/product\/exklusive-auswahl-05l\/#webpage","url":"https:\/\/brist-olive.hr\/de\/product\/exklusive-auswahl-05l\/","name":"Exklusive Auswahl 0,5L EVOO + Geschenktube - Ernte 2025 | Brist Olive Oil","isPartOf":{"@id":"https:\/\/brist-olive.hr\/#website"},"primaryImageOfPage":{"@id":"https:\/\/brist-olive.hr\/de\/product\/exklusive-auswahl-05l\/#primaryimage"},"datePublished":"2020-10-04T20:35:24+00:00","dateModified":"2026-04-07T00:06:07+00:00","breadcrumb":{"@id":"https:\/\/brist-olive.hr\/de\/product\/exklusive-auswahl-05l\/#breadcrumb"},"inLanguage":"de","potentialAction":[{"@type":"ReadAction","target":["https:\/\/brist-olive.hr\/de\/product\/exklusive-auswahl-05l\/"]}]},{"@type":"BreadcrumbList","@id":"https:\/\/brist-olive.hr\/de\/product\/exklusive-auswahl-05l\/#breadcrumb","itemListElement":[{"@type":"ListItem","position":1,"name":"Home","item":"https:\/\/brist-olive.hr\/de\/brist-olivenoel\/"},{"@type":"ListItem","position":2,"name":"Webshop","item":"https:\/\/brist-olive.hr\/de\/webshop\/"},{"@type":"ListItem","position":3,"name":"Exklusive Auswahl 0,5L EVOO + Geschenktube &#8211; Ernte 2025"}]}]}},"acf":[],"_links":{"self":[{"href":"https:\/\/brist-olive.hr\/de\/wp-json\/wp\/v2\/product\/16575"}],"collection":[{"href":"https:\/\/brist-olive.hr\/de\/wp-json\/wp\/v2\/product"}],"about":[{"href":"https:\/\/brist-olive.hr\/de\/wp-json\/wp\/v2\/types\/product"}],"replies":[{"embeddable":true,"href":"https:\/\/brist-olive.hr\/de\/wp-json\/wp\/v2\/comments?post=16575"}],"version-history":[{"count":9,"href":"https:\/\/brist-olive.hr\/de\/wp-json\/wp\/v2\/product\/16575\/revisions"}],"predecessor-version":[{"id":20806,"href":"https:\/\/brist-olive.hr\/de\/wp-json\/wp\/v2\/product\/16575\/revisions\/20806"}],"wp:featuredmedia":[{"embeddable":true,"href":"https:\/\/brist-olive.hr\/de\/wp-json\/wp\/v2\/media\/14166"}],"wp:attachment":[{"href":"https:\/\/brist-olive.hr\/de\/wp-json\/wp\/v2\/media?parent=16575"}],"wp:term":[{"taxonomy":"product_cat","embeddable":true,"href":"https:\/\/brist-olive.hr\/de\/wp-json\/wp\/v2\/product_cat?post=16575"},{"taxonomy":"product_tag","embeddable":true,"href":"https:\/\/brist-olive.hr\/de\/wp-json\/wp\/v2\/product_tag?post=16575"}],"curies":[{"name":"wp","href":"https:\/\/api.w.org\/{rel}","templated":true}]}}