
{"id":16576,"date":"2020-10-05T20:26:12","date_gmt":"2020-10-05T20:26:12","guid":{"rendered":"https:\/\/brist-olive.hr\/product\/oleum-10l\/"},"modified":"2026-04-07T00:06:08","modified_gmt":"2026-04-07T00:06:08","slug":"oleum-1-0l","status":"publish","type":"product","link":"https:\/\/brist-olive.hr\/de\/product\/oleum-1-0l\/","title":{"rendered":"Oleum 1,0L EVOO &#8211; Ernte 2025"},"content":{"rendered":"","protected":false},"excerpt":{"rendered":"<div class=\"prodsubtitle\">Natives Oliven\u00f6l extra, gemischte Sorten<\/div>\n<div><\/div>\n<div>\n<div class=\"prodopis\">\n<div class=\"prodopis\">\n<h4>Geschmack:<\/h4>\n<p>Ein von der Natur ausgewogenes \u00d6l mit dem traditionellen Geschmack Istriens und Aromen von Gras, Kr\u00e4utern, Fr\u00fcchten, Bitterkeit und Sch\u00e4rfe, die gut aufeinander abgestimmt sind.<\/p>\n<h4>Verwendung:<\/h4>\n<p>Ein gemischtes Sorten\u00f6l f\u00fcr den t\u00e4glichen Gebrauch. Oleum wird durch die Kombination der Fr\u00fcchte vieler traditioneller istrischer Olivensorten bei der Ernte hergestellt. Es wird von Spitzenk\u00f6chen und -restaurants wegen seiner Vielseitigkeit beim Garen bei hohen Temperaturen gesch\u00e4tzt und eignet sich hervorragend zum Verfeinern einer breiten Palette von Gerichten.<\/p>\n<h4>Servierempfehlung:<\/h4>\n<p>Passt gut zu einer Reihe von Gerichten, von gegrilltem Fisch und leichten Salaten bis hin zu gegrilltem Fleisch und Bratkartoffeln.<\/p>\n<h4>Olivensorten:<\/h4>\n<p>Vodnjan Bu\u017ea, Leccino, Pendolino, Bu\u017ea Punto\u017ea, Istarska Bjelica, Ro\u017einjola, Mora\u017eola, Frantoio, Karbonaca und \u017di\u017eolera<\/p>\n<div class=\"prodopis\">\n<h4>Ernten:<\/h4>\n<p>2025<\/p>\n<\/div>\n<h4>Mindestens haltbar bis:<\/h4>\n<p>10.2027<\/p>\n<\/div>\n<\/div>\n<\/div>\n","protected":false},"featured_media":14167,"comment_status":"closed","ping_status":"closed","template":"","meta":[],"product_cat":[143],"product_tag":[],"yoast_head":"<!-- This site is optimized with the Yoast SEO Premium plugin v16.9 (Yoast SEO v16.9) - https:\/\/yoast.com\/wordpress\/plugins\/seo\/ -->\n<title>Oleum 1,0L EVOO - Ernte 2025 | Brist Olive Oil<\/title>\n<meta name=\"robots\" content=\"index, follow, max-snippet:-1, max-image-preview:large, max-video-preview:-1\" \/>\n<link rel=\"canonical\" href=\"https:\/\/brist-olive.hr\/de\/product\/oleum-1-0l\/\" \/>\n<meta property=\"og:locale\" content=\"de_DE\" \/>\n<meta property=\"og:type\" content=\"article\" \/>\n<meta property=\"og:title\" content=\"Oleum 1,0L EVOO - Ernte 2025\" \/>\n<meta property=\"og:description\" content=\"Natives Oliven\u00f6l extra, gemischte Sorten   Geschmack: Ein von der Natur ausgewogenes \u00d6l mit dem traditionellen Geschmack Istriens und Aromen von Gras, Kr\u00e4utern, Fr\u00fcchten, Bitterkeit und Sch\u00e4rfe, die gut aufeinander abgestimmt sind. Verwendung: Ein gemischtes Sorten\u00f6l f\u00fcr den t\u00e4glichen Gebrauch. Oleum wird durch die Kombination der Fr\u00fcchte vieler traditioneller istrischer Olivensorten bei der Ernte hergestellt. Es wird von Spitzenk\u00f6chen und -restaurants wegen seiner Vielseitigkeit beim Garen bei hohen Temperaturen gesch\u00e4tzt und eignet sich hervorragend zum Verfeinern einer breiten Palette von Gerichten. Servierempfehlung: Passt gut zu einer Reihe von Gerichten, von gegrilltem Fisch und leichten Salaten bis hin zu gegrilltem Fleisch und Bratkartoffeln. Olivensorten: Vodnjan Bu\u017ea, Leccino, Pendolino, Bu\u017ea Punto\u017ea, Istarska Bjelica, Ro\u017einjola, Mora\u017eola, Frantoio, Karbonaca und \u017di\u017eolera Ernten: 2025  Mindestens haltbar bis: 10.2027\" \/>\n<meta property=\"og:url\" content=\"https:\/\/brist-olive.hr\/de\/product\/oleum-1-0l\/\" \/>\n<meta property=\"og:site_name\" content=\"Brist Olive Oil\" \/>\n<meta property=\"article:publisher\" content=\"https:\/\/www.facebook.com\/BRIST-Olive-extra-virgin-olive-oil-194775207214904\" \/>\n<meta property=\"article:modified_time\" content=\"2026-04-07T00:06:08+00:00\" \/>\n<meta property=\"og:image\" content=\"https:\/\/brist-olive.hr\/wp-content\/uploads\/2022\/03\/OLEUM_02.jpg\" \/>\n\t<meta property=\"og:image:width\" content=\"1000\" \/>\n\t<meta property=\"og:image:height\" content=\"1000\" \/>\n<meta name=\"twitter:card\" content=\"summary_large_image\" \/>\n<script type=\"application\/ld+json\" class=\"yoast-schema-graph\">{\"@context\":\"https:\/\/schema.org\",\"@graph\":[{\"@type\":\"Organization\",\"@id\":\"https:\/\/brist-olive.hr\/#organization\",\"name\":\"Brist Olive\",\"url\":\"https:\/\/brist-olive.hr\/\",\"sameAs\":[\"https:\/\/www.facebook.com\/BRIST-Olive-extra-virgin-olive-oil-194775207214904\",\"https:\/\/www.instagram.com\/brist.olive\/\"],\"logo\":{\"@type\":\"ImageObject\",\"@id\":\"https:\/\/brist-olive.hr\/#logo\",\"inLanguage\":\"de\",\"url\":\"https:\/\/brist-olive.hr\/wp-content\/uploads\/2022\/03\/brist_logo.png\",\"contentUrl\":\"https:\/\/brist-olive.hr\/wp-content\/uploads\/2022\/03\/brist_logo.png\",\"width\":344,\"height\":214,\"caption\":\"Brist Olive\"},\"image\":{\"@id\":\"https:\/\/brist-olive.hr\/#logo\"}},{\"@type\":\"WebSite\",\"@id\":\"https:\/\/brist-olive.hr\/#website\",\"url\":\"https:\/\/brist-olive.hr\/\",\"name\":\"Brist Olive Oil\",\"description\":\"Brist Olive Oil\",\"publisher\":{\"@id\":\"https:\/\/brist-olive.hr\/#organization\"},\"potentialAction\":[{\"@type\":\"SearchAction\",\"target\":{\"@type\":\"EntryPoint\",\"urlTemplate\":\"https:\/\/brist-olive.hr\/?s={search_term_string}\"},\"query-input\":\"required name=search_term_string\"}],\"inLanguage\":\"de\"},{\"@type\":\"ImageObject\",\"@id\":\"https:\/\/brist-olive.hr\/de\/product\/oleum-1-0l\/#primaryimage\",\"inLanguage\":\"de\",\"url\":\"https:\/\/brist-olive.hr\/wp-content\/uploads\/2022\/03\/OLEUM_02.jpg\",\"contentUrl\":\"https:\/\/brist-olive.hr\/wp-content\/uploads\/2022\/03\/OLEUM_02.jpg\",\"width\":1000,\"height\":1000},{\"@type\":\"WebPage\",\"@id\":\"https:\/\/brist-olive.hr\/de\/product\/oleum-1-0l\/#webpage\",\"url\":\"https:\/\/brist-olive.hr\/de\/product\/oleum-1-0l\/\",\"name\":\"Oleum 1,0L EVOO - Ernte 2025 | Brist Olive Oil\",\"isPartOf\":{\"@id\":\"https:\/\/brist-olive.hr\/#website\"},\"primaryImageOfPage\":{\"@id\":\"https:\/\/brist-olive.hr\/de\/product\/oleum-1-0l\/#primaryimage\"},\"datePublished\":\"2020-10-05T20:26:12+00:00\",\"dateModified\":\"2026-04-07T00:06:08+00:00\",\"breadcrumb\":{\"@id\":\"https:\/\/brist-olive.hr\/de\/product\/oleum-1-0l\/#breadcrumb\"},\"inLanguage\":\"de\",\"potentialAction\":[{\"@type\":\"ReadAction\",\"target\":[\"https:\/\/brist-olive.hr\/de\/product\/oleum-1-0l\/\"]}]},{\"@type\":\"BreadcrumbList\",\"@id\":\"https:\/\/brist-olive.hr\/de\/product\/oleum-1-0l\/#breadcrumb\",\"itemListElement\":[{\"@type\":\"ListItem\",\"position\":1,\"name\":\"Home\",\"item\":\"https:\/\/brist-olive.hr\/de\/brist-olivenoel\/\"},{\"@type\":\"ListItem\",\"position\":2,\"name\":\"Webshop\",\"item\":\"https:\/\/brist-olive.hr\/de\/webshop\/\"},{\"@type\":\"ListItem\",\"position\":3,\"name\":\"Oleum 1,0L EVOO &#8211; Ernte 2025\"}]}]}<\/script>\n<!-- \/ Yoast SEO Premium plugin. -->","yoast_head_json":{"title":"Oleum 1,0L EVOO - Ernte 2025 | Brist Olive Oil","robots":{"index":"index","follow":"follow","max-snippet":"max-snippet:-1","max-image-preview":"max-image-preview:large","max-video-preview":"max-video-preview:-1"},"canonical":"https:\/\/brist-olive.hr\/de\/product\/oleum-1-0l\/","og_locale":"de_DE","og_type":"article","og_title":"Oleum 1,0L EVOO - Ernte 2025","og_description":"Natives Oliven\u00f6l extra, gemischte Sorten   Geschmack: Ein von der Natur ausgewogenes \u00d6l mit dem traditionellen Geschmack Istriens und Aromen von Gras, Kr\u00e4utern, Fr\u00fcchten, Bitterkeit und Sch\u00e4rfe, die gut aufeinander abgestimmt sind. Verwendung: Ein gemischtes Sorten\u00f6l f\u00fcr den t\u00e4glichen Gebrauch. Oleum wird durch die Kombination der Fr\u00fcchte vieler traditioneller istrischer Olivensorten bei der Ernte hergestellt. Es wird von Spitzenk\u00f6chen und -restaurants wegen seiner Vielseitigkeit beim Garen bei hohen Temperaturen gesch\u00e4tzt und eignet sich hervorragend zum Verfeinern einer breiten Palette von Gerichten. Servierempfehlung: Passt gut zu einer Reihe von Gerichten, von gegrilltem Fisch und leichten Salaten bis hin zu gegrilltem Fleisch und Bratkartoffeln. Olivensorten: Vodnjan Bu\u017ea, Leccino, Pendolino, Bu\u017ea Punto\u017ea, Istarska Bjelica, Ro\u017einjola, Mora\u017eola, Frantoio, Karbonaca und \u017di\u017eolera Ernten: 2025  Mindestens haltbar bis: 10.2027","og_url":"https:\/\/brist-olive.hr\/de\/product\/oleum-1-0l\/","og_site_name":"Brist Olive Oil","article_publisher":"https:\/\/www.facebook.com\/BRIST-Olive-extra-virgin-olive-oil-194775207214904","article_modified_time":"2026-04-07T00:06:08+00:00","og_image":[{"width":1000,"height":1000,"url":"https:\/\/brist-olive.hr\/wp-content\/uploads\/2022\/03\/OLEUM_02.jpg","path":"\/usr\/local\/lsws\/hosting\/brist\/html\/wordpress\/wp-content\/uploads\/2022\/03\/OLEUM_02.jpg","size":"full","id":14167,"alt":"","pixels":1000000,"type":"image\/jpeg"}],"twitter_card":"summary_large_image","schema":{"@context":"https:\/\/schema.org","@graph":[{"@type":"Organization","@id":"https:\/\/brist-olive.hr\/#organization","name":"Brist Olive","url":"https:\/\/brist-olive.hr\/","sameAs":["https:\/\/www.facebook.com\/BRIST-Olive-extra-virgin-olive-oil-194775207214904","https:\/\/www.instagram.com\/brist.olive\/"],"logo":{"@type":"ImageObject","@id":"https:\/\/brist-olive.hr\/#logo","inLanguage":"de","url":"https:\/\/brist-olive.hr\/wp-content\/uploads\/2022\/03\/brist_logo.png","contentUrl":"https:\/\/brist-olive.hr\/wp-content\/uploads\/2022\/03\/brist_logo.png","width":344,"height":214,"caption":"Brist Olive"},"image":{"@id":"https:\/\/brist-olive.hr\/#logo"}},{"@type":"WebSite","@id":"https:\/\/brist-olive.hr\/#website","url":"https:\/\/brist-olive.hr\/","name":"Brist Olive Oil","description":"Brist Olive Oil","publisher":{"@id":"https:\/\/brist-olive.hr\/#organization"},"potentialAction":[{"@type":"SearchAction","target":{"@type":"EntryPoint","urlTemplate":"https:\/\/brist-olive.hr\/?s={search_term_string}"},"query-input":"required name=search_term_string"}],"inLanguage":"de"},{"@type":"ImageObject","@id":"https:\/\/brist-olive.hr\/de\/product\/oleum-1-0l\/#primaryimage","inLanguage":"de","url":"https:\/\/brist-olive.hr\/wp-content\/uploads\/2022\/03\/OLEUM_02.jpg","contentUrl":"https:\/\/brist-olive.hr\/wp-content\/uploads\/2022\/03\/OLEUM_02.jpg","width":1000,"height":1000},{"@type":"WebPage","@id":"https:\/\/brist-olive.hr\/de\/product\/oleum-1-0l\/#webpage","url":"https:\/\/brist-olive.hr\/de\/product\/oleum-1-0l\/","name":"Oleum 1,0L EVOO - Ernte 2025 | Brist Olive Oil","isPartOf":{"@id":"https:\/\/brist-olive.hr\/#website"},"primaryImageOfPage":{"@id":"https:\/\/brist-olive.hr\/de\/product\/oleum-1-0l\/#primaryimage"},"datePublished":"2020-10-05T20:26:12+00:00","dateModified":"2026-04-07T00:06:08+00:00","breadcrumb":{"@id":"https:\/\/brist-olive.hr\/de\/product\/oleum-1-0l\/#breadcrumb"},"inLanguage":"de","potentialAction":[{"@type":"ReadAction","target":["https:\/\/brist-olive.hr\/de\/product\/oleum-1-0l\/"]}]},{"@type":"BreadcrumbList","@id":"https:\/\/brist-olive.hr\/de\/product\/oleum-1-0l\/#breadcrumb","itemListElement":[{"@type":"ListItem","position":1,"name":"Home","item":"https:\/\/brist-olive.hr\/de\/brist-olivenoel\/"},{"@type":"ListItem","position":2,"name":"Webshop","item":"https:\/\/brist-olive.hr\/de\/webshop\/"},{"@type":"ListItem","position":3,"name":"Oleum 1,0L EVOO &#8211; Ernte 2025"}]}]}},"acf":[],"_links":{"self":[{"href":"https:\/\/brist-olive.hr\/de\/wp-json\/wp\/v2\/product\/16576"}],"collection":[{"href":"https:\/\/brist-olive.hr\/de\/wp-json\/wp\/v2\/product"}],"about":[{"href":"https:\/\/brist-olive.hr\/de\/wp-json\/wp\/v2\/types\/product"}],"replies":[{"embeddable":true,"href":"https:\/\/brist-olive.hr\/de\/wp-json\/wp\/v2\/comments?post=16576"}],"version-history":[{"count":12,"href":"https:\/\/brist-olive.hr\/de\/wp-json\/wp\/v2\/product\/16576\/revisions"}],"predecessor-version":[{"id":20804,"href":"https:\/\/brist-olive.hr\/de\/wp-json\/wp\/v2\/product\/16576\/revisions\/20804"}],"wp:featuredmedia":[{"embeddable":true,"href":"https:\/\/brist-olive.hr\/de\/wp-json\/wp\/v2\/media\/14167"}],"wp:attachment":[{"href":"https:\/\/brist-olive.hr\/de\/wp-json\/wp\/v2\/media?parent=16576"}],"wp:term":[{"taxonomy":"product_cat","embeddable":true,"href":"https:\/\/brist-olive.hr\/de\/wp-json\/wp\/v2\/product_cat?post=16576"},{"taxonomy":"product_tag","embeddable":true,"href":"https:\/\/brist-olive.hr\/de\/wp-json\/wp\/v2\/product_tag?post=16576"}],"curies":[{"name":"wp","href":"https:\/\/api.w.org\/{rel}","templated":true}]}}