
{"id":16577,"date":"2020-10-07T20:00:53","date_gmt":"2020-10-07T20:00:53","guid":{"rendered":"https:\/\/brist-olive.hr\/product\/intenso-05l\/"},"modified":"2026-04-07T00:06:07","modified_gmt":"2026-04-07T00:06:07","slug":"intenso-05l","status":"publish","type":"product","link":"https:\/\/brist-olive.hr\/de\/product\/intenso-05l\/","title":{"rendered":"Intenso 0,5L EVOO &#8211; Ernte 2025"},"content":{"rendered":"","protected":false},"excerpt":{"rendered":"<div class=\"prodsubtitle\">Gemischtes natives Oliven\u00f6l extra<\/div>\n<div><\/div>\n<div>\n<div class=\"prodopis\">\n<div class=\"prodopis\">\n<h4>Geschmack:<\/h4>\n<p>Ein kr\u00e4ftiges und intensives \u00d6l, mit einem Aroma von Wildkr\u00e4utern, intensiver Fruchtigkeit, ausgewogener Bitterkeit und ausgepr\u00e4gter Sch\u00e4rfe.<\/p>\n<h4>Verwendung:<\/h4>\n<p>Fertigstellung.<\/p>\n<h4>Servierempfehlung:<\/h4>\n<p>Passt ideal zu kr\u00e4ftigen Aromen in Gerichten mit gegrilltem rotem Fleisch, Prosciutto, Tr\u00fcffeln, Rucola, reifem K\u00e4se und als gro\u00dfartiger Abschluss auf dunklem Schokoladeneis und -kuchen.<\/p>\n<h4>Olivensorten:<\/h4>\n<p>Istarska Bjelica, Frantoio, Ro\u017einjola, Mora\u017eola, Karbonaca<\/p>\n<div class=\"prodopis\">\n<h4>Ernten:<\/h4>\n<p>2025<\/p>\n<\/div>\n<h4>Mindestens haltbar bis:<\/h4>\n<p>10.2027<\/p>\n<\/div>\n<\/div>\n<\/div>\n","protected":false},"featured_media":14164,"comment_status":"closed","ping_status":"closed","template":"","meta":[],"product_brand":[],"product_cat":[143],"product_tag":[],"class_list":{"0":"post-16577","1":"product","2":"type-product","3":"status-publish","4":"has-post-thumbnail","6":"product_cat-natives-olivenol-extra","8":"first","9":"instock","10":"taxable","11":"shipping-taxable","12":"purchasable","13":"product-type-simple"},"group_of_quantity":0,"min_quantity":0,"max_quantity":"","exclude_order_quantity_value_rules":"no","exclude_category_quantity_rules":"no","combine_variations":"no","yoast_head":"<!-- This site is optimized with the Yoast SEO Premium plugin v27.2 (Yoast SEO v27.3) - https:\/\/yoast.com\/product\/yoast-seo-premium-wordpress\/ -->\n<title>Intenso 0,5L EVOO - Ernte 2025 | Brist Olive Oil<\/title>\n<meta name=\"robots\" content=\"index, follow, max-snippet:-1, max-image-preview:large, max-video-preview:-1\" \/>\n<link rel=\"canonical\" href=\"https:\/\/brist-olive.hr\/de\/product\/intenso-05l\/\" \/>\n<meta property=\"og:locale\" content=\"de_DE\" \/>\n<meta property=\"og:type\" content=\"article\" \/>\n<meta property=\"og:title\" content=\"Intenso 0,5L EVOO - Ernte 2025\" \/>\n<meta property=\"og:description\" content=\"Gemischtes natives Oliven\u00f6l extra   Geschmack: Ein kr\u00e4ftiges und intensives \u00d6l, mit einem Aroma von Wildkr\u00e4utern, intensiver Fruchtigkeit, ausgewogener Bitterkeit und ausgepr\u00e4gter Sch\u00e4rfe. Verwendung: Fertigstellung. Servierempfehlung: Passt ideal zu kr\u00e4ftigen Aromen in Gerichten mit gegrilltem rotem Fleisch, Prosciutto, Tr\u00fcffeln, Rucola, reifem K\u00e4se und als gro\u00dfartiger Abschluss auf dunklem Schokoladeneis und -kuchen. Olivensorten: Istarska Bjelica, Frantoio, Ro\u017einjola, Mora\u017eola, Karbonaca Ernten: 2025  Mindestens haltbar bis: 10.2027\" \/>\n<meta property=\"og:url\" content=\"https:\/\/brist-olive.hr\/de\/product\/intenso-05l\/\" \/>\n<meta property=\"og:site_name\" content=\"Brist Olive Oil\" \/>\n<meta property=\"article:publisher\" content=\"https:\/\/www.facebook.com\/BRIST-Olive-extra-virgin-olive-oil-194775207214904\" \/>\n<meta property=\"article:modified_time\" content=\"2026-04-07T00:06:07+00:00\" \/>\n<meta property=\"og:image\" content=\"https:\/\/brist-olive.hr\/wp-content\/uploads\/2022\/03\/INTENSO.jpg\" \/>\n\t<meta property=\"og:image:width\" content=\"1000\" \/>\n\t<meta property=\"og:image:height\" content=\"1000\" \/>\n\t<meta property=\"og:image:type\" content=\"image\/jpeg\" \/>\n<meta name=\"twitter:card\" content=\"summary_large_image\" \/>\n<script type=\"application\/ld+json\" class=\"yoast-schema-graph\">{\"@context\":\"https:\\\/\\\/schema.org\",\"@graph\":[{\"@type\":\"WebPage\",\"@id\":\"https:\\\/\\\/brist-olive.hr\\\/de\\\/product\\\/intenso-05l\\\/\",\"url\":\"https:\\\/\\\/brist-olive.hr\\\/de\\\/product\\\/intenso-05l\\\/\",\"name\":\"Intenso 0,5L EVOO - Ernte 2025 | Brist Olive Oil\",\"isPartOf\":{\"@id\":\"https:\\\/\\\/brist-olive.hr\\\/de\\\/#website\"},\"primaryImageOfPage\":{\"@id\":\"https:\\\/\\\/brist-olive.hr\\\/de\\\/product\\\/intenso-05l\\\/#primaryimage\"},\"image\":{\"@id\":\"https:\\\/\\\/brist-olive.hr\\\/de\\\/product\\\/intenso-05l\\\/#primaryimage\"},\"thumbnailUrl\":\"https:\\\/\\\/brist-olive.hr\\\/wp-content\\\/uploads\\\/2022\\\/03\\\/INTENSO.jpg\",\"datePublished\":\"2020-10-07T20:00:53+00:00\",\"dateModified\":\"2026-04-07T00:06:07+00:00\",\"breadcrumb\":{\"@id\":\"https:\\\/\\\/brist-olive.hr\\\/de\\\/product\\\/intenso-05l\\\/#breadcrumb\"},\"inLanguage\":\"de\",\"potentialAction\":[{\"@type\":\"ReadAction\",\"target\":[\"https:\\\/\\\/brist-olive.hr\\\/de\\\/product\\\/intenso-05l\\\/\"]}]},{\"@type\":\"ImageObject\",\"inLanguage\":\"de\",\"@id\":\"https:\\\/\\\/brist-olive.hr\\\/de\\\/product\\\/intenso-05l\\\/#primaryimage\",\"url\":\"https:\\\/\\\/brist-olive.hr\\\/wp-content\\\/uploads\\\/2022\\\/03\\\/INTENSO.jpg\",\"contentUrl\":\"https:\\\/\\\/brist-olive.hr\\\/wp-content\\\/uploads\\\/2022\\\/03\\\/INTENSO.jpg\",\"width\":1000,\"height\":1000},{\"@type\":\"BreadcrumbList\",\"@id\":\"https:\\\/\\\/brist-olive.hr\\\/de\\\/product\\\/intenso-05l\\\/#breadcrumb\",\"itemListElement\":[{\"@type\":\"ListItem\",\"position\":1,\"name\":\"Home\",\"item\":\"https:\\\/\\\/brist-olive.hr\\\/de\\\/\"},{\"@type\":\"ListItem\",\"position\":2,\"name\":\"Webshop\",\"item\":\"https:\\\/\\\/brist-olive.hr\\\/de\\\/webshop\\\/\"},{\"@type\":\"ListItem\",\"position\":3,\"name\":\"Intenso 0,5L EVOO &#8211; Ernte 2025\"}]},{\"@type\":\"WebSite\",\"@id\":\"https:\\\/\\\/brist-olive.hr\\\/de\\\/#website\",\"url\":\"https:\\\/\\\/brist-olive.hr\\\/de\\\/\",\"name\":\"Brist Olive Oil\",\"description\":\"Brist Olive Oil\",\"publisher\":{\"@id\":\"https:\\\/\\\/brist-olive.hr\\\/de\\\/#organization\"},\"potentialAction\":[{\"@type\":\"SearchAction\",\"target\":{\"@type\":\"EntryPoint\",\"urlTemplate\":\"https:\\\/\\\/brist-olive.hr\\\/de\\\/?s={search_term_string}\"},\"query-input\":{\"@type\":\"PropertyValueSpecification\",\"valueRequired\":true,\"valueName\":\"search_term_string\"}}],\"inLanguage\":\"de\"},{\"@type\":\"Organization\",\"@id\":\"https:\\\/\\\/brist-olive.hr\\\/de\\\/#organization\",\"name\":\"Brist Olive\",\"url\":\"https:\\\/\\\/brist-olive.hr\\\/de\\\/\",\"logo\":{\"@type\":\"ImageObject\",\"inLanguage\":\"de\",\"@id\":\"https:\\\/\\\/brist-olive.hr\\\/de\\\/#\\\/schema\\\/logo\\\/image\\\/\",\"url\":\"https:\\\/\\\/brist-olive.hr\\\/wp-content\\\/uploads\\\/2022\\\/03\\\/brist_logo.png\",\"contentUrl\":\"https:\\\/\\\/brist-olive.hr\\\/wp-content\\\/uploads\\\/2022\\\/03\\\/brist_logo.png\",\"width\":344,\"height\":214,\"caption\":\"Brist Olive\"},\"image\":{\"@id\":\"https:\\\/\\\/brist-olive.hr\\\/de\\\/#\\\/schema\\\/logo\\\/image\\\/\"},\"sameAs\":[\"https:\\\/\\\/www.facebook.com\\\/BRIST-Olive-extra-virgin-olive-oil-194775207214904\",\"https:\\\/\\\/www.instagram.com\\\/brist.olive\\\/\"]}]}<\/script>\n<!-- \/ Yoast SEO Premium plugin. -->","yoast_head_json":{"title":"Intenso 0,5L EVOO - Ernte 2025 | Brist Olive Oil","robots":{"index":"index","follow":"follow","max-snippet":"max-snippet:-1","max-image-preview":"max-image-preview:large","max-video-preview":"max-video-preview:-1"},"canonical":"https:\/\/brist-olive.hr\/de\/product\/intenso-05l\/","og_locale":"de_DE","og_type":"article","og_title":"Intenso 0,5L EVOO - Ernte 2025","og_description":"Gemischtes natives Oliven\u00f6l extra   Geschmack: Ein kr\u00e4ftiges und intensives \u00d6l, mit einem Aroma von Wildkr\u00e4utern, intensiver Fruchtigkeit, ausgewogener Bitterkeit und ausgepr\u00e4gter Sch\u00e4rfe. Verwendung: Fertigstellung. Servierempfehlung: Passt ideal zu kr\u00e4ftigen Aromen in Gerichten mit gegrilltem rotem Fleisch, Prosciutto, Tr\u00fcffeln, Rucola, reifem K\u00e4se und als gro\u00dfartiger Abschluss auf dunklem Schokoladeneis und -kuchen. Olivensorten: Istarska Bjelica, Frantoio, Ro\u017einjola, Mora\u017eola, Karbonaca Ernten: 2025  Mindestens haltbar bis: 10.2027","og_url":"https:\/\/brist-olive.hr\/de\/product\/intenso-05l\/","og_site_name":"Brist Olive Oil","article_publisher":"https:\/\/www.facebook.com\/BRIST-Olive-extra-virgin-olive-oil-194775207214904","article_modified_time":"2026-04-07T00:06:07+00:00","og_image":[{"width":1000,"height":1000,"url":"https:\/\/brist-olive.hr\/wp-content\/uploads\/2022\/03\/INTENSO.jpg","type":"image\/jpeg"}],"twitter_card":"summary_large_image","schema":{"@context":"https:\/\/schema.org","@graph":[{"@type":"WebPage","@id":"https:\/\/brist-olive.hr\/de\/product\/intenso-05l\/","url":"https:\/\/brist-olive.hr\/de\/product\/intenso-05l\/","name":"Intenso 0,5L EVOO - Ernte 2025 | Brist Olive Oil","isPartOf":{"@id":"https:\/\/brist-olive.hr\/de\/#website"},"primaryImageOfPage":{"@id":"https:\/\/brist-olive.hr\/de\/product\/intenso-05l\/#primaryimage"},"image":{"@id":"https:\/\/brist-olive.hr\/de\/product\/intenso-05l\/#primaryimage"},"thumbnailUrl":"https:\/\/brist-olive.hr\/wp-content\/uploads\/2022\/03\/INTENSO.jpg","datePublished":"2020-10-07T20:00:53+00:00","dateModified":"2026-04-07T00:06:07+00:00","breadcrumb":{"@id":"https:\/\/brist-olive.hr\/de\/product\/intenso-05l\/#breadcrumb"},"inLanguage":"de","potentialAction":[{"@type":"ReadAction","target":["https:\/\/brist-olive.hr\/de\/product\/intenso-05l\/"]}]},{"@type":"ImageObject","inLanguage":"de","@id":"https:\/\/brist-olive.hr\/de\/product\/intenso-05l\/#primaryimage","url":"https:\/\/brist-olive.hr\/wp-content\/uploads\/2022\/03\/INTENSO.jpg","contentUrl":"https:\/\/brist-olive.hr\/wp-content\/uploads\/2022\/03\/INTENSO.jpg","width":1000,"height":1000},{"@type":"BreadcrumbList","@id":"https:\/\/brist-olive.hr\/de\/product\/intenso-05l\/#breadcrumb","itemListElement":[{"@type":"ListItem","position":1,"name":"Home","item":"https:\/\/brist-olive.hr\/de\/"},{"@type":"ListItem","position":2,"name":"Webshop","item":"https:\/\/brist-olive.hr\/de\/webshop\/"},{"@type":"ListItem","position":3,"name":"Intenso 0,5L EVOO &#8211; Ernte 2025"}]},{"@type":"WebSite","@id":"https:\/\/brist-olive.hr\/de\/#website","url":"https:\/\/brist-olive.hr\/de\/","name":"Brist Olive Oil","description":"Brist Olive Oil","publisher":{"@id":"https:\/\/brist-olive.hr\/de\/#organization"},"potentialAction":[{"@type":"SearchAction","target":{"@type":"EntryPoint","urlTemplate":"https:\/\/brist-olive.hr\/de\/?s={search_term_string}"},"query-input":{"@type":"PropertyValueSpecification","valueRequired":true,"valueName":"search_term_string"}}],"inLanguage":"de"},{"@type":"Organization","@id":"https:\/\/brist-olive.hr\/de\/#organization","name":"Brist Olive","url":"https:\/\/brist-olive.hr\/de\/","logo":{"@type":"ImageObject","inLanguage":"de","@id":"https:\/\/brist-olive.hr\/de\/#\/schema\/logo\/image\/","url":"https:\/\/brist-olive.hr\/wp-content\/uploads\/2022\/03\/brist_logo.png","contentUrl":"https:\/\/brist-olive.hr\/wp-content\/uploads\/2022\/03\/brist_logo.png","width":344,"height":214,"caption":"Brist Olive"},"image":{"@id":"https:\/\/brist-olive.hr\/de\/#\/schema\/logo\/image\/"},"sameAs":["https:\/\/www.facebook.com\/BRIST-Olive-extra-virgin-olive-oil-194775207214904","https:\/\/www.instagram.com\/brist.olive\/"]}]}},"acf":[],"_links":{"self":[{"href":"https:\/\/brist-olive.hr\/de\/wp-json\/wp\/v2\/product\/16577","targetHints":{"allow":["GET"]}}],"collection":[{"href":"https:\/\/brist-olive.hr\/de\/wp-json\/wp\/v2\/product"}],"about":[{"href":"https:\/\/brist-olive.hr\/de\/wp-json\/wp\/v2\/types\/product"}],"replies":[{"embeddable":true,"href":"https:\/\/brist-olive.hr\/de\/wp-json\/wp\/v2\/comments?post=16577"}],"version-history":[{"count":14,"href":"https:\/\/brist-olive.hr\/de\/wp-json\/wp\/v2\/product\/16577\/revisions"}],"predecessor-version":[{"id":20800,"href":"https:\/\/brist-olive.hr\/de\/wp-json\/wp\/v2\/product\/16577\/revisions\/20800"}],"wp:featuredmedia":[{"embeddable":true,"href":"https:\/\/brist-olive.hr\/de\/wp-json\/wp\/v2\/media\/14164"}],"wp:attachment":[{"href":"https:\/\/brist-olive.hr\/de\/wp-json\/wp\/v2\/media?parent=16577"}],"wp:term":[{"taxonomy":"product_brand","embeddable":true,"href":"https:\/\/brist-olive.hr\/de\/wp-json\/wp\/v2\/product_brand?post=16577"},{"taxonomy":"product_cat","embeddable":true,"href":"https:\/\/brist-olive.hr\/de\/wp-json\/wp\/v2\/product_cat?post=16577"},{"taxonomy":"product_tag","embeddable":true,"href":"https:\/\/brist-olive.hr\/de\/wp-json\/wp\/v2\/product_tag?post=16577"}],"curies":[{"name":"wp","href":"https:\/\/api.w.org\/{rel}","templated":true}]}}