
{"id":16578,"date":"2020-10-08T14:30:51","date_gmt":"2020-10-08T14:30:51","guid":{"rendered":"https:\/\/brist-olive.hr\/product\/delicato-05l\/"},"modified":"2026-04-07T00:06:07","modified_gmt":"2026-04-07T00:06:07","slug":"delicato-05l","status":"publish","type":"product","link":"https:\/\/brist-olive.hr\/de\/product\/delicato-05l\/","title":{"rendered":"Delicato 0,5L EVOO &#8211; Ernte 2025"},"content":{"rendered":"","protected":false},"excerpt":{"rendered":"<div class=\"prodsubtitle\">Gemischtes natives Oliven\u00f6l extra<\/div>\n<div><\/div>\n<div>\n<div class=\"prodopis\">\n<div class=\"prodopis\">\n<h4>Geschmack:<\/h4>\n<p>Leicht und frisch, mit Noten von Gras, frischen Kr\u00e4utern und gr\u00fcnem Apfel. Eine sehr leichte Bitterkeit und ein leicht w\u00fcrziger Abgang im Mund.<\/p>\n<h4>Verwendung:<\/h4>\n<p>Fertigstellung.<\/p>\n<h4>Servierempfehlung:<\/h4>\n<p>Empfohlen zu leichten Salaten, Fisch und Meeresfr\u00fcchten, ged\u00fcnstetem Gem\u00fcse, Minestrone-Suppe oder als interessantes Gew\u00fcrz auf Vanilleeis und Zitronensorbet.<\/p>\n<h4>Olivensorten:<\/h4>\n<p>Bu\u017ea punto\u017ea, Leccino, Pendolino<\/p>\n<h4>Ernten:<\/h4>\n<p>2025<\/p>\n<\/div>\n<h4>Mindestens haltbar bis:<\/h4>\n<p>10.2027<\/p>\n<\/div>\n<\/div>\n","protected":false},"featured_media":14162,"comment_status":"closed","ping_status":"closed","template":"","meta":[],"product_cat":[143],"product_tag":[],"yoast_head":"<!-- This site is optimized with the Yoast SEO Premium plugin v16.9 (Yoast SEO v16.9) - https:\/\/yoast.com\/wordpress\/plugins\/seo\/ -->\n<title>Delicato 0,5L EVOO - Ernte 2025 | Brist Olive Oil<\/title>\n<meta name=\"robots\" content=\"index, follow, max-snippet:-1, max-image-preview:large, max-video-preview:-1\" \/>\n<link rel=\"canonical\" href=\"https:\/\/brist-olive.hr\/de\/product\/delicato-05l\/\" \/>\n<meta property=\"og:locale\" content=\"de_DE\" \/>\n<meta property=\"og:type\" content=\"article\" \/>\n<meta property=\"og:title\" content=\"Delicato 0,5L EVOO - Ernte 2025\" \/>\n<meta property=\"og:description\" content=\"Gemischtes natives Oliven\u00f6l extra   Geschmack: Leicht und frisch, mit Noten von Gras, frischen Kr\u00e4utern und gr\u00fcnem Apfel. Eine sehr leichte Bitterkeit und ein leicht w\u00fcrziger Abgang im Mund. Verwendung: Fertigstellung. Servierempfehlung: Empfohlen zu leichten Salaten, Fisch und Meeresfr\u00fcchten, ged\u00fcnstetem Gem\u00fcse, Minestrone-Suppe oder als interessantes Gew\u00fcrz auf Vanilleeis und Zitronensorbet. Olivensorten: Bu\u017ea punto\u017ea, Leccino, Pendolino Ernten: 2025  Mindestens haltbar bis: 10.2027\" \/>\n<meta property=\"og:url\" content=\"https:\/\/brist-olive.hr\/de\/product\/delicato-05l\/\" \/>\n<meta property=\"og:site_name\" content=\"Brist Olive Oil\" \/>\n<meta property=\"article:publisher\" content=\"https:\/\/www.facebook.com\/BRIST-Olive-extra-virgin-olive-oil-194775207214904\" \/>\n<meta property=\"article:modified_time\" content=\"2026-04-07T00:06:07+00:00\" \/>\n<meta property=\"og:image\" content=\"https:\/\/brist-olive.hr\/wp-content\/uploads\/2022\/03\/DELICATO.jpg\" \/>\n\t<meta property=\"og:image:width\" content=\"1000\" \/>\n\t<meta property=\"og:image:height\" content=\"1000\" \/>\n<meta name=\"twitter:card\" content=\"summary_large_image\" \/>\n<script type=\"application\/ld+json\" class=\"yoast-schema-graph\">{\"@context\":\"https:\/\/schema.org\",\"@graph\":[{\"@type\":\"Organization\",\"@id\":\"https:\/\/brist-olive.hr\/#organization\",\"name\":\"Brist Olive\",\"url\":\"https:\/\/brist-olive.hr\/\",\"sameAs\":[\"https:\/\/www.facebook.com\/BRIST-Olive-extra-virgin-olive-oil-194775207214904\",\"https:\/\/www.instagram.com\/brist.olive\/\"],\"logo\":{\"@type\":\"ImageObject\",\"@id\":\"https:\/\/brist-olive.hr\/#logo\",\"inLanguage\":\"de\",\"url\":\"https:\/\/brist-olive.hr\/wp-content\/uploads\/2022\/03\/brist_logo.png\",\"contentUrl\":\"https:\/\/brist-olive.hr\/wp-content\/uploads\/2022\/03\/brist_logo.png\",\"width\":344,\"height\":214,\"caption\":\"Brist Olive\"},\"image\":{\"@id\":\"https:\/\/brist-olive.hr\/#logo\"}},{\"@type\":\"WebSite\",\"@id\":\"https:\/\/brist-olive.hr\/#website\",\"url\":\"https:\/\/brist-olive.hr\/\",\"name\":\"Brist Olive Oil\",\"description\":\"Brist Olive Oil\",\"publisher\":{\"@id\":\"https:\/\/brist-olive.hr\/#organization\"},\"potentialAction\":[{\"@type\":\"SearchAction\",\"target\":{\"@type\":\"EntryPoint\",\"urlTemplate\":\"https:\/\/brist-olive.hr\/?s={search_term_string}\"},\"query-input\":\"required name=search_term_string\"}],\"inLanguage\":\"de\"},{\"@type\":\"ImageObject\",\"@id\":\"https:\/\/brist-olive.hr\/de\/product\/delicato-05l\/#primaryimage\",\"inLanguage\":\"de\",\"url\":\"https:\/\/brist-olive.hr\/wp-content\/uploads\/2022\/03\/DELICATO.jpg\",\"contentUrl\":\"https:\/\/brist-olive.hr\/wp-content\/uploads\/2022\/03\/DELICATO.jpg\",\"width\":1000,\"height\":1000},{\"@type\":\"WebPage\",\"@id\":\"https:\/\/brist-olive.hr\/de\/product\/delicato-05l\/#webpage\",\"url\":\"https:\/\/brist-olive.hr\/de\/product\/delicato-05l\/\",\"name\":\"Delicato 0,5L EVOO - Ernte 2025 | Brist Olive Oil\",\"isPartOf\":{\"@id\":\"https:\/\/brist-olive.hr\/#website\"},\"primaryImageOfPage\":{\"@id\":\"https:\/\/brist-olive.hr\/de\/product\/delicato-05l\/#primaryimage\"},\"datePublished\":\"2020-10-08T14:30:51+00:00\",\"dateModified\":\"2026-04-07T00:06:07+00:00\",\"breadcrumb\":{\"@id\":\"https:\/\/brist-olive.hr\/de\/product\/delicato-05l\/#breadcrumb\"},\"inLanguage\":\"de\",\"potentialAction\":[{\"@type\":\"ReadAction\",\"target\":[\"https:\/\/brist-olive.hr\/de\/product\/delicato-05l\/\"]}]},{\"@type\":\"BreadcrumbList\",\"@id\":\"https:\/\/brist-olive.hr\/de\/product\/delicato-05l\/#breadcrumb\",\"itemListElement\":[{\"@type\":\"ListItem\",\"position\":1,\"name\":\"Home\",\"item\":\"https:\/\/brist-olive.hr\/de\/brist-olivenoel\/\"},{\"@type\":\"ListItem\",\"position\":2,\"name\":\"Webshop\",\"item\":\"https:\/\/brist-olive.hr\/de\/webshop\/\"},{\"@type\":\"ListItem\",\"position\":3,\"name\":\"Delicato 0,5L EVOO &#8211; Ernte 2025\"}]}]}<\/script>\n<!-- \/ Yoast SEO Premium plugin. -->","yoast_head_json":{"title":"Delicato 0,5L EVOO - Ernte 2025 | Brist Olive Oil","robots":{"index":"index","follow":"follow","max-snippet":"max-snippet:-1","max-image-preview":"max-image-preview:large","max-video-preview":"max-video-preview:-1"},"canonical":"https:\/\/brist-olive.hr\/de\/product\/delicato-05l\/","og_locale":"de_DE","og_type":"article","og_title":"Delicato 0,5L EVOO - Ernte 2025","og_description":"Gemischtes natives Oliven\u00f6l extra   Geschmack: Leicht und frisch, mit Noten von Gras, frischen Kr\u00e4utern und gr\u00fcnem Apfel. Eine sehr leichte Bitterkeit und ein leicht w\u00fcrziger Abgang im Mund. Verwendung: Fertigstellung. Servierempfehlung: Empfohlen zu leichten Salaten, Fisch und Meeresfr\u00fcchten, ged\u00fcnstetem Gem\u00fcse, Minestrone-Suppe oder als interessantes Gew\u00fcrz auf Vanilleeis und Zitronensorbet. Olivensorten: Bu\u017ea punto\u017ea, Leccino, Pendolino Ernten: 2025  Mindestens haltbar bis: 10.2027","og_url":"https:\/\/brist-olive.hr\/de\/product\/delicato-05l\/","og_site_name":"Brist Olive Oil","article_publisher":"https:\/\/www.facebook.com\/BRIST-Olive-extra-virgin-olive-oil-194775207214904","article_modified_time":"2026-04-07T00:06:07+00:00","og_image":[{"width":1000,"height":1000,"url":"https:\/\/brist-olive.hr\/wp-content\/uploads\/2022\/03\/DELICATO.jpg","path":"\/usr\/local\/lsws\/hosting\/brist\/html\/wordpress\/wp-content\/uploads\/2022\/03\/DELICATO.jpg","size":"full","id":14162,"alt":"","pixels":1000000,"type":"image\/jpeg"}],"twitter_card":"summary_large_image","schema":{"@context":"https:\/\/schema.org","@graph":[{"@type":"Organization","@id":"https:\/\/brist-olive.hr\/#organization","name":"Brist Olive","url":"https:\/\/brist-olive.hr\/","sameAs":["https:\/\/www.facebook.com\/BRIST-Olive-extra-virgin-olive-oil-194775207214904","https:\/\/www.instagram.com\/brist.olive\/"],"logo":{"@type":"ImageObject","@id":"https:\/\/brist-olive.hr\/#logo","inLanguage":"de","url":"https:\/\/brist-olive.hr\/wp-content\/uploads\/2022\/03\/brist_logo.png","contentUrl":"https:\/\/brist-olive.hr\/wp-content\/uploads\/2022\/03\/brist_logo.png","width":344,"height":214,"caption":"Brist Olive"},"image":{"@id":"https:\/\/brist-olive.hr\/#logo"}},{"@type":"WebSite","@id":"https:\/\/brist-olive.hr\/#website","url":"https:\/\/brist-olive.hr\/","name":"Brist Olive Oil","description":"Brist Olive Oil","publisher":{"@id":"https:\/\/brist-olive.hr\/#organization"},"potentialAction":[{"@type":"SearchAction","target":{"@type":"EntryPoint","urlTemplate":"https:\/\/brist-olive.hr\/?s={search_term_string}"},"query-input":"required name=search_term_string"}],"inLanguage":"de"},{"@type":"ImageObject","@id":"https:\/\/brist-olive.hr\/de\/product\/delicato-05l\/#primaryimage","inLanguage":"de","url":"https:\/\/brist-olive.hr\/wp-content\/uploads\/2022\/03\/DELICATO.jpg","contentUrl":"https:\/\/brist-olive.hr\/wp-content\/uploads\/2022\/03\/DELICATO.jpg","width":1000,"height":1000},{"@type":"WebPage","@id":"https:\/\/brist-olive.hr\/de\/product\/delicato-05l\/#webpage","url":"https:\/\/brist-olive.hr\/de\/product\/delicato-05l\/","name":"Delicato 0,5L EVOO - Ernte 2025 | Brist Olive Oil","isPartOf":{"@id":"https:\/\/brist-olive.hr\/#website"},"primaryImageOfPage":{"@id":"https:\/\/brist-olive.hr\/de\/product\/delicato-05l\/#primaryimage"},"datePublished":"2020-10-08T14:30:51+00:00","dateModified":"2026-04-07T00:06:07+00:00","breadcrumb":{"@id":"https:\/\/brist-olive.hr\/de\/product\/delicato-05l\/#breadcrumb"},"inLanguage":"de","potentialAction":[{"@type":"ReadAction","target":["https:\/\/brist-olive.hr\/de\/product\/delicato-05l\/"]}]},{"@type":"BreadcrumbList","@id":"https:\/\/brist-olive.hr\/de\/product\/delicato-05l\/#breadcrumb","itemListElement":[{"@type":"ListItem","position":1,"name":"Home","item":"https:\/\/brist-olive.hr\/de\/brist-olivenoel\/"},{"@type":"ListItem","position":2,"name":"Webshop","item":"https:\/\/brist-olive.hr\/de\/webshop\/"},{"@type":"ListItem","position":3,"name":"Delicato 0,5L EVOO &#8211; Ernte 2025"}]}]}},"acf":[],"_links":{"self":[{"href":"https:\/\/brist-olive.hr\/de\/wp-json\/wp\/v2\/product\/16578"}],"collection":[{"href":"https:\/\/brist-olive.hr\/de\/wp-json\/wp\/v2\/product"}],"about":[{"href":"https:\/\/brist-olive.hr\/de\/wp-json\/wp\/v2\/types\/product"}],"replies":[{"embeddable":true,"href":"https:\/\/brist-olive.hr\/de\/wp-json\/wp\/v2\/comments?post=16578"}],"version-history":[{"count":15,"href":"https:\/\/brist-olive.hr\/de\/wp-json\/wp\/v2\/product\/16578\/revisions"}],"predecessor-version":[{"id":20796,"href":"https:\/\/brist-olive.hr\/de\/wp-json\/wp\/v2\/product\/16578\/revisions\/20796"}],"wp:featuredmedia":[{"embeddable":true,"href":"https:\/\/brist-olive.hr\/de\/wp-json\/wp\/v2\/media\/14162"}],"wp:attachment":[{"href":"https:\/\/brist-olive.hr\/de\/wp-json\/wp\/v2\/media?parent=16578"}],"wp:term":[{"taxonomy":"product_cat","embeddable":true,"href":"https:\/\/brist-olive.hr\/de\/wp-json\/wp\/v2\/product_cat?post=16578"},{"taxonomy":"product_tag","embeddable":true,"href":"https:\/\/brist-olive.hr\/de\/wp-json\/wp\/v2\/product_tag?post=16578"}],"curies":[{"name":"wp","href":"https:\/\/api.w.org\/{rel}","templated":true}]}}