
{"id":17606,"date":"2024-01-20T23:57:20","date_gmt":"2024-01-20T23:57:20","guid":{"rendered":"https:\/\/brist-olive.hr\/?post_type=product&#038;p=17606"},"modified":"2026-04-07T00:06:08","modified_gmt":"2026-04-07T00:06:08","slug":"new-experience-gift-box-4-x-025l","status":"publish","type":"product","link":"https:\/\/brist-olive.hr\/de\/product\/new-experience-gift-box-4-x-025l\/","title":{"rendered":"Erlebnis-Geschenkbox 4 x 0,25L EVOO &#8211; Ernte 2025"},"content":{"rendered":"","protected":false},"excerpt":{"rendered":"<div class=\"prodsubtitle\">Die <em>Brist Experience Gift Box<\/em> ist wundersch\u00f6n gestaltet und enth\u00e4lt unsere vier beliebtesten \u00d6le mit einer breiten Palette an Geschmackserlebnissen. Perfekt f\u00fcr alle, die sich wirklich f\u00fcr Qualit\u00e4ts\u00f6le und deren wunderbaren Geschmack und Aroma begeistern.<\/div>\n<div>Das elegante Design der Schachtel enth\u00e4lt eine Anleitung, welche \u00d6le zu welchen Gerichten passen.<\/div>\n<div><\/div>\n<div>\n<div class=\"prodopis\">\n<div class=\"prodopis\">\n<div class=\"prodopis\">\n<h4>Delicato<\/h4>\n<p>Leicht und frisch, mit Noten von Gras, frischen Kr\u00e4utern und gr\u00fcnem Apfel. Eine sehr leichte Bitterkeit und ein leicht w\u00fcrziger Abgang im Mund. Empfohlen zu leichten Salaten, Fisch und Meeresfr\u00fcchten, ged\u00fcnstetem Gem\u00fcse, Minestrone-Suppe oder als interessantes Gew\u00fcrz auf Vanilleeis und Zitronensorbet.<\/p>\n<h4>Sta Margherita<\/h4>\n<p>Harmonisch und gut abgerundet. Ausgepr\u00e4gtes Aroma von frisch geschnittenem Gras, fruchtig am Gaumen mit einem ausgewogenen w\u00fcrzigen Nachgeschmack. Passt hervorragend zu Salaten, gegrilltem Gem\u00fcse, Polenta, Risotto, Nudelgerichten und Hauptgerichten mit Huhn oder Pilzen. Verleiht jungen K\u00e4sen einen Frischekick.<\/p>\n<h4>Intenso<\/h4>\n<p>Ein kr\u00e4ftiges und intensives \u00d6l, mit einem Aroma von Wildkr\u00e4utern, intensiver Fruchtigkeit, ausgewogener Bitterkeit und ausgepr\u00e4gter Sch\u00e4rfe. Passt ideal zu kr\u00e4ftigen Aromen in Gerichten mit gegrilltem rotem Fleisch, Prosciutto, Tr\u00fcffeln, Rucola, reifem K\u00e4se und als gro\u00dfartiger Abschluss auf dunklem Schokoladeneis und -kuchen.<\/p>\n<div>\n<div class=\"prodopis\">\n<div class=\"prodopis\">\n<h4>Oleum<\/h4>\n<p>Ein gemischtes Sorten\u00f6l f\u00fcr den t\u00e4glichen Gebrauch. Oleum wird durch die Kombination der Fr\u00fcchte vieler traditioneller istrischer Olivensorten bei der Ernte hergestellt. Es wird von Spitzenk\u00f6chen und -restaurants wegen seiner Vielseitigkeit beim Garen bei hohen Temperaturen gesch\u00e4tzt und eignet sich hervorragend zum Verfeinern einer breiten Palette von Gerichten.<\/p>\n<\/div>\n<\/div>\n<\/div>\n<h4>Olivensorten:<\/h4>\n<\/div>\n<ul>\n<li>Delicato: Bu\u017ea Punto\u017ea, Leccino, Pendolino<\/li>\n<li>Sta Margherita: Vodnjansk Bu\u017ea<\/li>\n<li>Intenso: Istarska Bjelica, Ro\u017einjola, Mora\u017eola, Frantoio und Karbonaca<\/li>\n<li>Oleum: Alle Sorten<\/li>\n<\/ul>\n<div class=\"prodopis\">\n<h4>Ernten:<\/h4>\n<p>2025<\/p>\n<\/div>\n<h4>Mindestens haltbar bis:<\/h4>\n<p>10.2027<\/p>\n<\/div>\n<\/div>\n<\/div>\n","protected":false},"featured_media":17611,"comment_status":"closed","ping_status":"closed","template":"","meta":[],"product_cat":[141,143],"product_tag":[],"yoast_head":"<!-- This site is optimized with the Yoast SEO Premium plugin v16.9 (Yoast SEO v16.9) - https:\/\/yoast.com\/wordpress\/plugins\/seo\/ -->\n<title>Erlebnis-Geschenkbox 4 x 0,25L EVOO - Ernte 2025 | Brist Olive Oil<\/title>\n<meta name=\"robots\" content=\"index, follow, max-snippet:-1, max-image-preview:large, max-video-preview:-1\" \/>\n<link rel=\"canonical\" href=\"https:\/\/brist-olive.hr\/de\/product\/new-experience-gift-box-4-x-025l\/\" \/>\n<meta property=\"og:locale\" content=\"de_DE\" \/>\n<meta property=\"og:type\" content=\"article\" \/>\n<meta property=\"og:title\" content=\"Erlebnis-Geschenkbox 4 x 0,25L EVOO - Ernte 2025\" \/>\n<meta property=\"og:description\" content=\"Die Brist Experience Gift Box ist wundersch\u00f6n gestaltet und enth\u00e4lt unsere vier beliebtesten \u00d6le mit einer breiten Palette an Geschmackserlebnissen. Perfekt f\u00fcr alle, die sich wirklich f\u00fcr Qualit\u00e4ts\u00f6le und deren wunderbaren Geschmack und Aroma begeistern. Das elegante Design der Schachtel enth\u00e4lt eine Anleitung, welche \u00d6le zu welchen Gerichten passen.   Delicato Leicht und frisch, mit Noten von Gras, frischen Kr\u00e4utern und gr\u00fcnem Apfel. Eine sehr leichte Bitterkeit und ein leicht w\u00fcrziger Abgang im Mund. Empfohlen zu leichten Salaten, Fisch und Meeresfr\u00fcchten, ged\u00fcnstetem Gem\u00fcse, Minestrone-Suppe oder als interessantes Gew\u00fcrz auf Vanilleeis und Zitronensorbet. Sta Margherita Harmonisch und gut abgerundet. Ausgepr\u00e4gtes Aroma von frisch geschnittenem Gras, fruchtig am Gaumen mit einem ausgewogenen w\u00fcrzigen Nachgeschmack. Passt hervorragend zu Salaten, gegrilltem Gem\u00fcse, Polenta, Risotto, Nudelgerichten und Hauptgerichten mit Huhn oder Pilzen. Verleiht jungen K\u00e4sen einen Frischekick. Intenso Ein kr\u00e4ftiges und intensives \u00d6l, mit einem Aroma von Wildkr\u00e4utern, intensiver Fruchtigkeit, ausgewogener Bitterkeit und ausgepr\u00e4gter Sch\u00e4rfe. Passt ideal zu kr\u00e4ftigen Aromen in Gerichten mit gegrilltem rotem Fleisch, Prosciutto, Tr\u00fcffeln, Rucola, reifem K\u00e4se und als gro\u00dfartiger Abschluss auf dunklem Schokoladeneis und -kuchen.  Oleum Ein gemischtes Sorten\u00f6l f\u00fcr den t\u00e4glichen Gebrauch. Oleum wird durch die Kombination der Fr\u00fcchte vieler traditioneller istrischer Olivensorten bei der Ernte hergestellt. Es wird von Spitzenk\u00f6chen und -restaurants wegen seiner Vielseitigkeit beim Garen bei hohen Temperaturen gesch\u00e4tzt und eignet sich hervorragend zum Verfeinern einer breiten Palette von Gerichten.   Olivensorten:   Delicato: Bu\u017ea Punto\u017ea, Leccino, Pendolino  Sta Margherita: Vodnjansk Bu\u017ea  Intenso: Istarska Bjelica, Ro\u017einjola, Mora\u017eola, Frantoio und Karbonaca  Oleum: Alle Sorten  Ernten: 2025  Mindestens haltbar bis: 10.2027\" \/>\n<meta property=\"og:url\" content=\"https:\/\/brist-olive.hr\/de\/product\/new-experience-gift-box-4-x-025l\/\" \/>\n<meta property=\"og:site_name\" content=\"Brist Olive Oil\" \/>\n<meta property=\"article:publisher\" content=\"https:\/\/www.facebook.com\/BRIST-Olive-extra-virgin-olive-oil-194775207214904\" \/>\n<meta property=\"article:modified_time\" content=\"2026-04-07T00:06:08+00:00\" \/>\n<meta property=\"og:image\" content=\"https:\/\/brist-olive.hr\/wp-content\/uploads\/2024\/01\/Experience-Gift-Box.jpg\" \/>\n\t<meta property=\"og:image:width\" content=\"1024\" \/>\n\t<meta property=\"og:image:height\" content=\"1024\" \/>\n<meta name=\"twitter:card\" content=\"summary_large_image\" \/>\n<script type=\"application\/ld+json\" class=\"yoast-schema-graph\">{\"@context\":\"https:\/\/schema.org\",\"@graph\":[{\"@type\":\"Organization\",\"@id\":\"https:\/\/brist-olive.hr\/#organization\",\"name\":\"Brist Olive\",\"url\":\"https:\/\/brist-olive.hr\/\",\"sameAs\":[\"https:\/\/www.facebook.com\/BRIST-Olive-extra-virgin-olive-oil-194775207214904\",\"https:\/\/www.instagram.com\/brist.olive\/\"],\"logo\":{\"@type\":\"ImageObject\",\"@id\":\"https:\/\/brist-olive.hr\/#logo\",\"inLanguage\":\"de\",\"url\":\"https:\/\/brist-olive.hr\/wp-content\/uploads\/2022\/03\/brist_logo.png\",\"contentUrl\":\"https:\/\/brist-olive.hr\/wp-content\/uploads\/2022\/03\/brist_logo.png\",\"width\":344,\"height\":214,\"caption\":\"Brist Olive\"},\"image\":{\"@id\":\"https:\/\/brist-olive.hr\/#logo\"}},{\"@type\":\"WebSite\",\"@id\":\"https:\/\/brist-olive.hr\/#website\",\"url\":\"https:\/\/brist-olive.hr\/\",\"name\":\"Brist Olive Oil\",\"description\":\"Brist Olive Oil\",\"publisher\":{\"@id\":\"https:\/\/brist-olive.hr\/#organization\"},\"potentialAction\":[{\"@type\":\"SearchAction\",\"target\":{\"@type\":\"EntryPoint\",\"urlTemplate\":\"https:\/\/brist-olive.hr\/?s={search_term_string}\"},\"query-input\":\"required name=search_term_string\"}],\"inLanguage\":\"de\"},{\"@type\":\"ImageObject\",\"@id\":\"https:\/\/brist-olive.hr\/de\/product\/new-experience-gift-box-4-x-025l\/#primaryimage\",\"inLanguage\":\"de\",\"url\":\"https:\/\/brist-olive.hr\/wp-content\/uploads\/2024\/01\/Experience-Gift-Box.jpg\",\"contentUrl\":\"https:\/\/brist-olive.hr\/wp-content\/uploads\/2024\/01\/Experience-Gift-Box.jpg\",\"width\":1024,\"height\":1024},{\"@type\":\"WebPage\",\"@id\":\"https:\/\/brist-olive.hr\/de\/product\/new-experience-gift-box-4-x-025l\/#webpage\",\"url\":\"https:\/\/brist-olive.hr\/de\/product\/new-experience-gift-box-4-x-025l\/\",\"name\":\"Erlebnis-Geschenkbox 4 x 0,25L EVOO - Ernte 2025 | Brist Olive Oil\",\"isPartOf\":{\"@id\":\"https:\/\/brist-olive.hr\/#website\"},\"primaryImageOfPage\":{\"@id\":\"https:\/\/brist-olive.hr\/de\/product\/new-experience-gift-box-4-x-025l\/#primaryimage\"},\"datePublished\":\"2024-01-20T23:57:20+00:00\",\"dateModified\":\"2026-04-07T00:06:08+00:00\",\"breadcrumb\":{\"@id\":\"https:\/\/brist-olive.hr\/de\/product\/new-experience-gift-box-4-x-025l\/#breadcrumb\"},\"inLanguage\":\"de\",\"potentialAction\":[{\"@type\":\"ReadAction\",\"target\":[\"https:\/\/brist-olive.hr\/de\/product\/new-experience-gift-box-4-x-025l\/\"]}]},{\"@type\":\"BreadcrumbList\",\"@id\":\"https:\/\/brist-olive.hr\/de\/product\/new-experience-gift-box-4-x-025l\/#breadcrumb\",\"itemListElement\":[{\"@type\":\"ListItem\",\"position\":1,\"name\":\"Home\",\"item\":\"https:\/\/brist-olive.hr\/de\/brist-olivenoel\/\"},{\"@type\":\"ListItem\",\"position\":2,\"name\":\"Webshop\",\"item\":\"https:\/\/brist-olive.hr\/de\/webshop\/\"},{\"@type\":\"ListItem\",\"position\":3,\"name\":\"Erlebnis-Geschenkbox 4 x 0,25L EVOO &#8211; Ernte 2025\"}]}]}<\/script>\n<!-- \/ Yoast SEO Premium plugin. -->","yoast_head_json":{"title":"Erlebnis-Geschenkbox 4 x 0,25L EVOO - Ernte 2025 | Brist Olive Oil","robots":{"index":"index","follow":"follow","max-snippet":"max-snippet:-1","max-image-preview":"max-image-preview:large","max-video-preview":"max-video-preview:-1"},"canonical":"https:\/\/brist-olive.hr\/de\/product\/new-experience-gift-box-4-x-025l\/","og_locale":"de_DE","og_type":"article","og_title":"Erlebnis-Geschenkbox 4 x 0,25L EVOO - Ernte 2025","og_description":"Die Brist Experience Gift Box ist wundersch\u00f6n gestaltet und enth\u00e4lt unsere vier beliebtesten \u00d6le mit einer breiten Palette an Geschmackserlebnissen. Perfekt f\u00fcr alle, die sich wirklich f\u00fcr Qualit\u00e4ts\u00f6le und deren wunderbaren Geschmack und Aroma begeistern. Das elegante Design der Schachtel enth\u00e4lt eine Anleitung, welche \u00d6le zu welchen Gerichten passen.   Delicato Leicht und frisch, mit Noten von Gras, frischen Kr\u00e4utern und gr\u00fcnem Apfel. Eine sehr leichte Bitterkeit und ein leicht w\u00fcrziger Abgang im Mund. Empfohlen zu leichten Salaten, Fisch und Meeresfr\u00fcchten, ged\u00fcnstetem Gem\u00fcse, Minestrone-Suppe oder als interessantes Gew\u00fcrz auf Vanilleeis und Zitronensorbet. Sta Margherita Harmonisch und gut abgerundet. Ausgepr\u00e4gtes Aroma von frisch geschnittenem Gras, fruchtig am Gaumen mit einem ausgewogenen w\u00fcrzigen Nachgeschmack. Passt hervorragend zu Salaten, gegrilltem Gem\u00fcse, Polenta, Risotto, Nudelgerichten und Hauptgerichten mit Huhn oder Pilzen. Verleiht jungen K\u00e4sen einen Frischekick. Intenso Ein kr\u00e4ftiges und intensives \u00d6l, mit einem Aroma von Wildkr\u00e4utern, intensiver Fruchtigkeit, ausgewogener Bitterkeit und ausgepr\u00e4gter Sch\u00e4rfe. Passt ideal zu kr\u00e4ftigen Aromen in Gerichten mit gegrilltem rotem Fleisch, Prosciutto, Tr\u00fcffeln, Rucola, reifem K\u00e4se und als gro\u00dfartiger Abschluss auf dunklem Schokoladeneis und -kuchen.  Oleum Ein gemischtes Sorten\u00f6l f\u00fcr den t\u00e4glichen Gebrauch. Oleum wird durch die Kombination der Fr\u00fcchte vieler traditioneller istrischer Olivensorten bei der Ernte hergestellt. Es wird von Spitzenk\u00f6chen und -restaurants wegen seiner Vielseitigkeit beim Garen bei hohen Temperaturen gesch\u00e4tzt und eignet sich hervorragend zum Verfeinern einer breiten Palette von Gerichten.   Olivensorten:   Delicato: Bu\u017ea Punto\u017ea, Leccino, Pendolino  Sta Margherita: Vodnjansk Bu\u017ea  Intenso: Istarska Bjelica, Ro\u017einjola, Mora\u017eola, Frantoio und Karbonaca  Oleum: Alle Sorten  Ernten: 2025  Mindestens haltbar bis: 10.2027","og_url":"https:\/\/brist-olive.hr\/de\/product\/new-experience-gift-box-4-x-025l\/","og_site_name":"Brist Olive Oil","article_publisher":"https:\/\/www.facebook.com\/BRIST-Olive-extra-virgin-olive-oil-194775207214904","article_modified_time":"2026-04-07T00:06:08+00:00","og_image":[{"width":1024,"height":1024,"url":"https:\/\/brist-olive.hr\/wp-content\/uploads\/2024\/01\/Experience-Gift-Box.jpg","path":"\/usr\/local\/lsws\/hosting\/brist\/html\/wordpress\/wp-content\/uploads\/2024\/01\/Experience-Gift-Box.jpg","size":"full","id":17611,"alt":"","pixels":1048576,"type":"image\/jpeg"}],"twitter_card":"summary_large_image","schema":{"@context":"https:\/\/schema.org","@graph":[{"@type":"Organization","@id":"https:\/\/brist-olive.hr\/#organization","name":"Brist Olive","url":"https:\/\/brist-olive.hr\/","sameAs":["https:\/\/www.facebook.com\/BRIST-Olive-extra-virgin-olive-oil-194775207214904","https:\/\/www.instagram.com\/brist.olive\/"],"logo":{"@type":"ImageObject","@id":"https:\/\/brist-olive.hr\/#logo","inLanguage":"de","url":"https:\/\/brist-olive.hr\/wp-content\/uploads\/2022\/03\/brist_logo.png","contentUrl":"https:\/\/brist-olive.hr\/wp-content\/uploads\/2022\/03\/brist_logo.png","width":344,"height":214,"caption":"Brist Olive"},"image":{"@id":"https:\/\/brist-olive.hr\/#logo"}},{"@type":"WebSite","@id":"https:\/\/brist-olive.hr\/#website","url":"https:\/\/brist-olive.hr\/","name":"Brist Olive Oil","description":"Brist Olive Oil","publisher":{"@id":"https:\/\/brist-olive.hr\/#organization"},"potentialAction":[{"@type":"SearchAction","target":{"@type":"EntryPoint","urlTemplate":"https:\/\/brist-olive.hr\/?s={search_term_string}"},"query-input":"required name=search_term_string"}],"inLanguage":"de"},{"@type":"ImageObject","@id":"https:\/\/brist-olive.hr\/de\/product\/new-experience-gift-box-4-x-025l\/#primaryimage","inLanguage":"de","url":"https:\/\/brist-olive.hr\/wp-content\/uploads\/2024\/01\/Experience-Gift-Box.jpg","contentUrl":"https:\/\/brist-olive.hr\/wp-content\/uploads\/2024\/01\/Experience-Gift-Box.jpg","width":1024,"height":1024},{"@type":"WebPage","@id":"https:\/\/brist-olive.hr\/de\/product\/new-experience-gift-box-4-x-025l\/#webpage","url":"https:\/\/brist-olive.hr\/de\/product\/new-experience-gift-box-4-x-025l\/","name":"Erlebnis-Geschenkbox 4 x 0,25L EVOO - Ernte 2025 | Brist Olive Oil","isPartOf":{"@id":"https:\/\/brist-olive.hr\/#website"},"primaryImageOfPage":{"@id":"https:\/\/brist-olive.hr\/de\/product\/new-experience-gift-box-4-x-025l\/#primaryimage"},"datePublished":"2024-01-20T23:57:20+00:00","dateModified":"2026-04-07T00:06:08+00:00","breadcrumb":{"@id":"https:\/\/brist-olive.hr\/de\/product\/new-experience-gift-box-4-x-025l\/#breadcrumb"},"inLanguage":"de","potentialAction":[{"@type":"ReadAction","target":["https:\/\/brist-olive.hr\/de\/product\/new-experience-gift-box-4-x-025l\/"]}]},{"@type":"BreadcrumbList","@id":"https:\/\/brist-olive.hr\/de\/product\/new-experience-gift-box-4-x-025l\/#breadcrumb","itemListElement":[{"@type":"ListItem","position":1,"name":"Home","item":"https:\/\/brist-olive.hr\/de\/brist-olivenoel\/"},{"@type":"ListItem","position":2,"name":"Webshop","item":"https:\/\/brist-olive.hr\/de\/webshop\/"},{"@type":"ListItem","position":3,"name":"Erlebnis-Geschenkbox 4 x 0,25L EVOO &#8211; Ernte 2025"}]}]}},"acf":[],"_links":{"self":[{"href":"https:\/\/brist-olive.hr\/de\/wp-json\/wp\/v2\/product\/17606"}],"collection":[{"href":"https:\/\/brist-olive.hr\/de\/wp-json\/wp\/v2\/product"}],"about":[{"href":"https:\/\/brist-olive.hr\/de\/wp-json\/wp\/v2\/types\/product"}],"replies":[{"embeddable":true,"href":"https:\/\/brist-olive.hr\/de\/wp-json\/wp\/v2\/comments?post=17606"}],"version-history":[{"count":7,"href":"https:\/\/brist-olive.hr\/de\/wp-json\/wp\/v2\/product\/17606\/revisions"}],"predecessor-version":[{"id":20810,"href":"https:\/\/brist-olive.hr\/de\/wp-json\/wp\/v2\/product\/17606\/revisions\/20810"}],"wp:featuredmedia":[{"embeddable":true,"href":"https:\/\/brist-olive.hr\/de\/wp-json\/wp\/v2\/media\/17611"}],"wp:attachment":[{"href":"https:\/\/brist-olive.hr\/de\/wp-json\/wp\/v2\/media?parent=17606"}],"wp:term":[{"taxonomy":"product_cat","embeddable":true,"href":"https:\/\/brist-olive.hr\/de\/wp-json\/wp\/v2\/product_cat?post=17606"},{"taxonomy":"product_tag","embeddable":true,"href":"https:\/\/brist-olive.hr\/de\/wp-json\/wp\/v2\/product_tag?post=17606"}],"curies":[{"name":"wp","href":"https:\/\/api.w.org\/{rel}","templated":true}]}}